{"id":2781,"date":"2025-11-30T08:54:44","date_gmt":"2025-11-30T08:54:44","guid":{"rendered":"https:\/\/buildafuture.es\/?post_type=product&#038;p=2781"},"modified":"2025-11-30T12:56:02","modified_gmt":"2025-11-30T12:56:02","slug":"corazones-plantables-flores-aliso-primula","status":"publish","type":"product","link":"https:\/\/buildafuture.es\/euskera\/produktua\/corazones-plantables-flores-aliso-primula\/","title":{"rendered":"Coraz\u00f3n plantable &#8211; FLORES (ALISO\/PR\u00cdMULA)"},"content":{"rendered":"<div dir=\"auto\" data-olk-copy-source=\"MessageBody\">Cada coraz\u00f3n plantable nace de un proceso 100% artesanal: voluntarios y voluntarias de Build a Future transformamos el cart\u00f3n interior de los rollos de papel en una pasta biodegradable, a la que damos una nueva vida convirti\u00e9ndola en papel lleno de semillas. Despu\u00e9s, cada coraz\u00f3n se recorta y prepara uno a uno.<\/div>\n<div dir=\"auto\">&#8212;<\/div>\n<div dir=\"auto\">Este producto <strong>representa nuestro proyecto de huertos escolares<\/strong>, donde los\/as alumnos\/as cultivan alimentos que garantizan una comida digna para todos los ni\u00f1os y ni\u00f1as del colegio.<\/div>\n<div dir=\"auto\">&#8212;<\/div>\n<div dir=\"auto\">\u2728 Todos los materiales utilizados son de comercio de cercan\u00eda.<\/div>\n<div dir=\"auto\">&#8212;<\/div>\n<div dir=\"auto\"><em>Puedes elegir entre tres tipos de semillas:<\/em><\/div>\n<div dir=\"auto\">Perejil \u2013 perfecto para todo el a\u00f1o.<\/div>\n<div dir=\"auto\">Tomillo \u2013 perfecto para todo el a\u00f1o.<\/div>\n<div dir=\"auto\">Flores (aliso\/pr\u00edmula) \u2013 florecen en verano y oto\u00f1o; se siembran a finales de invierno y primavera.<\/div>\n<div dir=\"auto\">&#8212;<\/div>\n<div dir=\"auto\"><em><strong>Estas navidades, \u00a1regala futuro con Build a Future!<\/strong><\/em><\/div>\n<div dir=\"auto\">&#8212;<\/div>\n<div dir=\"auto\"><em>Instrucciones de uso:<\/em><\/div>\n<ul>\n<li dir=\"auto\">Coloca el papel en una maceta con tierra.<\/li>\n<li dir=\"auto\">Moja el papel completamente.<\/li>\n<li dir=\"auto\">Espolvorea una fina capa de tierra, sin cubrir por completo.<\/li>\n<li dir=\"auto\">Mantenlo h\u00famedo y a la sombra.<\/li>\n<li dir=\"auto\">Espera a que germine (3-10 d\u00edas).<\/li>\n<li dir=\"auto\">Una vez haya unos cuantos brotes, a\u00f1ade un dedo de tierra.<\/li>\n<li dir=\"auto\">Riega ligeramente cada 2-3 d\u00edas.<\/li>\n<\/ul>","protected":false},"excerpt":{"rendered":"<div dir=\"auto\" data-olk-copy-source=\"MessageBody\">Cada coraz\u00f3n plantable nace de un proceso 100% artesanal: voluntarios y voluntarias de Build a Future transformamos el cart\u00f3n interior de los rollos de papel en una pasta biodegradable, a la que damos una nueva vida convirti\u00e9ndola en papel lleno de semillas. Despu\u00e9s, cada coraz\u00f3n se recorta y prepara uno a uno.<\/div>\n<div dir=\"auto\">&#8212;<\/div>\n<div dir=\"auto\">Este producto <strong>representa nuestro proyecto de huertos escolares<\/strong>, donde los\/as alumnos\/as cultivan alimentos que garantizan una comida digna para todos los ni\u00f1os y ni\u00f1as del colegio.<\/div>\n<div dir=\"auto\">&#8212;<\/div>\n<div dir=\"auto\"><em>Puedes elegir entre tres tipos de semillas:<\/em><\/div>\n<div dir=\"auto\">Perejil \u2013 perfecto para todo el a\u00f1o.<\/div>\n<div dir=\"auto\">Tomillo \u2013 perfecto para todo el a\u00f1o.<\/div>\n<div dir=\"auto\">Flores (aliso\/pr\u00edmula) \u2013 florecen en verano y oto\u00f1o; se siembran a finales de invierno y primavera.<\/div>\n<div dir=\"auto\">&#8212;<\/div>\n<div dir=\"auto\"><em><strong>Estas navidades, \u00a1regala futuro con Build a Future!<\/strong><\/em><\/div>","protected":false},"featured_media":2776,"template":"","meta":{"give_campaign_id":0},"product_brand":[],"product_cat":[59],"product_tag":[],"class_list":{"0":"post-2781","1":"product","2":"type-product","3":"status-publish","4":"has-post-thumbnail","6":"product_cat-corazones","7":"product_shipping_class-envio-de-imanes-o-corazones","9":"first","10":"instock","11":"shipping-taxable","12":"purchasable","13":"product-type-simple"},"yoast_head":"<!-- This site is optimized with the Yoast SEO plugin v26.4 - https:\/\/yoast.com\/wordpress\/plugins\/seo\/ -->\n<title>Coraz\u00f3n plantable - FLORES (ALISO\/PR\u00cdMULA) - Build a future<\/title>\n<meta name=\"robots\" content=\"index, follow, max-snippet:-1, max-image-preview:large, max-video-preview:-1\" \/>\n<link rel=\"canonical\" href=\"https:\/\/buildafuture.es\/euskera\/produktua\/corazones-plantables-flores-aliso-primula\/\" \/>\n<meta property=\"og:locale\" content=\"en_US\" \/>\n<meta property=\"og:type\" content=\"article\" \/>\n<meta property=\"og:title\" content=\"Coraz\u00f3n plantable - FLORES (ALISO\/PR\u00cdMULA) - Build a future\" \/>\n<meta property=\"og:description\" content=\"Cada coraz\u00f3n plantable nace de un proceso 100% artesanal: voluntarios y voluntarias de Build a Future transformamos el cart\u00f3n interior de los rollos de papel en una pasta biodegradable, a la que damos una nueva vida convirti\u00e9ndola en papel lleno de semillas. Despu\u00e9s, cada coraz\u00f3n se recorta y prepara uno a uno. --- Este producto representa nuestro proyecto de huertos escolares, donde los\/as alumnos\/as cultivan alimentos que garantizan una comida digna para todos los ni\u00f1os y ni\u00f1as del colegio. --- Puedes elegir entre tres tipos de semillas: Perejil \u2013 perfecto para todo el a\u00f1o. Tomillo \u2013 perfecto para todo el a\u00f1o. Flores (aliso\/pr\u00edmula) \u2013 florecen en verano y oto\u00f1o; se siembran a finales de invierno y primavera. --- Estas navidades, \u00a1regala futuro con Build a Future!\" \/>\n<meta property=\"og:url\" content=\"https:\/\/buildafuture.es\/euskera\/produktua\/corazones-plantables-flores-aliso-primula\/\" \/>\n<meta property=\"og:site_name\" content=\"Build a future\" \/>\n<meta property=\"article:modified_time\" content=\"2025-11-30T12:56:02+00:00\" \/>\n<meta property=\"og:image\" content=\"https:\/\/buildafuture.es\/wp-content\/uploads\/2025\/11\/Hoja-plantable-1-1-1-rotated.jpg\" \/>\n\t<meta property=\"og:image:width\" content=\"1333\" \/>\n\t<meta property=\"og:image:height\" content=\"2000\" \/>\n\t<meta property=\"og:image:type\" content=\"image\/jpeg\" \/>\n<meta name=\"twitter:card\" content=\"summary_large_image\" \/>\n<meta name=\"twitter:label1\" content=\"Est. reading time\" \/>\n\t<meta name=\"twitter:data1\" content=\"2 minutua\" \/>\n<script type=\"application\/ld+json\" class=\"yoast-schema-graph\">{\"@context\":\"https:\/\/schema.org\",\"@graph\":[{\"@type\":\"WebPage\",\"@id\":\"https:\/\/buildafuture.es\/producto\/corazones-plantables-flores-aliso-primula\/\",\"url\":\"https:\/\/buildafuture.es\/producto\/corazones-plantables-flores-aliso-primula\/\",\"name\":\"Coraz\u00f3n plantable - FLORES (ALISO\/PR\u00cdMULA) - Build a future\",\"isPartOf\":{\"@id\":\"https:\/\/buildafuture.es\/#website\"},\"primaryImageOfPage\":{\"@id\":\"https:\/\/buildafuture.es\/producto\/corazones-plantables-flores-aliso-primula\/#primaryimage\"},\"image\":{\"@id\":\"https:\/\/buildafuture.es\/producto\/corazones-plantables-flores-aliso-primula\/#primaryimage\"},\"thumbnailUrl\":\"https:\/\/buildafuture.es\/wp-content\/uploads\/2025\/11\/Hoja-plantable-1-1-1-rotated.jpg\",\"datePublished\":\"2025-11-30T08:54:44+00:00\",\"dateModified\":\"2025-11-30T12:56:02+00:00\",\"breadcrumb\":{\"@id\":\"https:\/\/buildafuture.es\/producto\/corazones-plantables-flores-aliso-primula\/#breadcrumb\"},\"inLanguage\":\"eu\",\"potentialAction\":[{\"@type\":\"ReadAction\",\"target\":[\"https:\/\/buildafuture.es\/producto\/corazones-plantables-flores-aliso-primula\/\"]}]},{\"@type\":\"ImageObject\",\"inLanguage\":\"eu\",\"@id\":\"https:\/\/buildafuture.es\/producto\/corazones-plantables-flores-aliso-primula\/#primaryimage\",\"url\":\"https:\/\/buildafuture.es\/wp-content\/uploads\/2025\/11\/Hoja-plantable-1-1-1-rotated.jpg\",\"contentUrl\":\"https:\/\/buildafuture.es\/wp-content\/uploads\/2025\/11\/Hoja-plantable-1-1-1-rotated.jpg\",\"width\":1333,\"height\":2000},{\"@type\":\"BreadcrumbList\",\"@id\":\"https:\/\/buildafuture.es\/producto\/corazones-plantables-flores-aliso-primula\/#breadcrumb\",\"itemListElement\":[{\"@type\":\"ListItem\",\"position\":1,\"name\":\"Portada\",\"item\":\"https:\/\/buildafuture.es\/\"},{\"@type\":\"ListItem\",\"position\":2,\"name\":\"Tienda\",\"item\":\"https:\/\/buildafuture.es\/tienda\/\"},{\"@type\":\"ListItem\",\"position\":3,\"name\":\"Coraz\u00f3n plantable &#8211; FLORES (ALISO\/PR\u00cdMULA)\"}]},{\"@type\":\"WebSite\",\"@id\":\"https:\/\/buildafuture.es\/#website\",\"url\":\"https:\/\/buildafuture.es\/\",\"name\":\"Build a future\",\"description\":\"Education projects in Uganda\",\"publisher\":{\"@id\":\"https:\/\/buildafuture.es\/#organization\"},\"potentialAction\":[{\"@type\":\"SearchAction\",\"target\":{\"@type\":\"EntryPoint\",\"urlTemplate\":\"https:\/\/buildafuture.es\/?s={search_term_string}\"},\"query-input\":{\"@type\":\"PropertyValueSpecification\",\"valueRequired\":true,\"valueName\":\"search_term_string\"}}],\"inLanguage\":\"eu\"},{\"@type\":\"Organization\",\"@id\":\"https:\/\/buildafuture.es\/#organization\",\"name\":\"Build a future\",\"url\":\"https:\/\/buildafuture.es\/\",\"logo\":{\"@type\":\"ImageObject\",\"inLanguage\":\"eu\",\"@id\":\"https:\/\/buildafuture.es\/#\/schema\/logo\/image\/\",\"url\":\"https:\/\/buildafuture.es\/wp-content\/uploads\/2021\/11\/cropped-cropped-BaF-logo-horizontal-2.png\",\"contentUrl\":\"https:\/\/buildafuture.es\/wp-content\/uploads\/2021\/11\/cropped-cropped-BaF-logo-horizontal-2.png\",\"width\":355,\"height\":117,\"caption\":\"Build a future\"},\"image\":{\"@id\":\"https:\/\/buildafuture.es\/#\/schema\/logo\/image\/\"}}]}<\/script>\n<!-- \/ Yoast SEO plugin. -->","yoast_head_json":{"title":"Coraz\u00f3n plantable - FLORES (ALISO\/PR\u00cdMULA) - Build a future","robots":{"index":"index","follow":"follow","max-snippet":"max-snippet:-1","max-image-preview":"max-image-preview:large","max-video-preview":"max-video-preview:-1"},"canonical":"https:\/\/buildafuture.es\/euskera\/produktua\/corazones-plantables-flores-aliso-primula\/","og_locale":"en_US","og_type":"article","og_title":"Coraz\u00f3n plantable - FLORES (ALISO\/PR\u00cdMULA) - Build a future","og_description":"Cada coraz\u00f3n plantable nace de un proceso 100% artesanal: voluntarios y voluntarias de Build a Future transformamos el cart\u00f3n interior de los rollos de papel en una pasta biodegradable, a la que damos una nueva vida convirti\u00e9ndola en papel lleno de semillas. Despu\u00e9s, cada coraz\u00f3n se recorta y prepara uno a uno. --- Este producto representa nuestro proyecto de huertos escolares, donde los\/as alumnos\/as cultivan alimentos que garantizan una comida digna para todos los ni\u00f1os y ni\u00f1as del colegio. --- Puedes elegir entre tres tipos de semillas: Perejil \u2013 perfecto para todo el a\u00f1o. Tomillo \u2013 perfecto para todo el a\u00f1o. Flores (aliso\/pr\u00edmula) \u2013 florecen en verano y oto\u00f1o; se siembran a finales de invierno y primavera. --- Estas navidades, \u00a1regala futuro con Build a Future!","og_url":"https:\/\/buildafuture.es\/euskera\/produktua\/corazones-plantables-flores-aliso-primula\/","og_site_name":"Build a future","article_modified_time":"2025-11-30T12:56:02+00:00","og_image":[{"width":1333,"height":2000,"url":"https:\/\/buildafuture.es\/wp-content\/uploads\/2025\/11\/Hoja-plantable-1-1-1-rotated.jpg","type":"image\/jpeg"}],"twitter_card":"summary_large_image","twitter_misc":{"Est. reading time":"2 minutua"},"schema":{"@context":"https:\/\/schema.org","@graph":[{"@type":"WebPage","@id":"https:\/\/buildafuture.es\/producto\/corazones-plantables-flores-aliso-primula\/","url":"https:\/\/buildafuture.es\/producto\/corazones-plantables-flores-aliso-primula\/","name":"Coraz\u00f3n plantable - FLORES (ALISO\/PR\u00cdMULA) - Build a future","isPartOf":{"@id":"https:\/\/buildafuture.es\/#website"},"primaryImageOfPage":{"@id":"https:\/\/buildafuture.es\/producto\/corazones-plantables-flores-aliso-primula\/#primaryimage"},"image":{"@id":"https:\/\/buildafuture.es\/producto\/corazones-plantables-flores-aliso-primula\/#primaryimage"},"thumbnailUrl":"https:\/\/buildafuture.es\/wp-content\/uploads\/2025\/11\/Hoja-plantable-1-1-1-rotated.jpg","datePublished":"2025-11-30T08:54:44+00:00","dateModified":"2025-11-30T12:56:02+00:00","breadcrumb":{"@id":"https:\/\/buildafuture.es\/producto\/corazones-plantables-flores-aliso-primula\/#breadcrumb"},"inLanguage":"eu","potentialAction":[{"@type":"ReadAction","target":["https:\/\/buildafuture.es\/producto\/corazones-plantables-flores-aliso-primula\/"]}]},{"@type":"ImageObject","inLanguage":"eu","@id":"https:\/\/buildafuture.es\/producto\/corazones-plantables-flores-aliso-primula\/#primaryimage","url":"https:\/\/buildafuture.es\/wp-content\/uploads\/2025\/11\/Hoja-plantable-1-1-1-rotated.jpg","contentUrl":"https:\/\/buildafuture.es\/wp-content\/uploads\/2025\/11\/Hoja-plantable-1-1-1-rotated.jpg","width":1333,"height":2000},{"@type":"BreadcrumbList","@id":"https:\/\/buildafuture.es\/producto\/corazones-plantables-flores-aliso-primula\/#breadcrumb","itemListElement":[{"@type":"ListItem","position":1,"name":"Portada","item":"https:\/\/buildafuture.es\/"},{"@type":"ListItem","position":2,"name":"Tienda","item":"https:\/\/buildafuture.es\/tienda\/"},{"@type":"ListItem","position":3,"name":"Coraz\u00f3n plantable &#8211; FLORES (ALISO\/PR\u00cdMULA)"}]},{"@type":"WebSite","@id":"https:\/\/buildafuture.es\/#website","url":"https:\/\/buildafuture.es\/","name":"Build a future","description":"Education projects in Uganda","publisher":{"@id":"https:\/\/buildafuture.es\/#organization"},"potentialAction":[{"@type":"SearchAction","target":{"@type":"EntryPoint","urlTemplate":"https:\/\/buildafuture.es\/?s={search_term_string}"},"query-input":{"@type":"PropertyValueSpecification","valueRequired":true,"valueName":"search_term_string"}}],"inLanguage":"eu"},{"@type":"Organization","@id":"https:\/\/buildafuture.es\/#organization","name":"Build a future","url":"https:\/\/buildafuture.es\/","logo":{"@type":"ImageObject","inLanguage":"eu","@id":"https:\/\/buildafuture.es\/#\/schema\/logo\/image\/","url":"https:\/\/buildafuture.es\/wp-content\/uploads\/2021\/11\/cropped-cropped-BaF-logo-horizontal-2.png","contentUrl":"https:\/\/buildafuture.es\/wp-content\/uploads\/2021\/11\/cropped-cropped-BaF-logo-horizontal-2.png","width":355,"height":117,"caption":"Build a future"},"image":{"@id":"https:\/\/buildafuture.es\/#\/schema\/logo\/image\/"}}]}},"jetpack_sharing_enabled":true,"_links":{"self":[{"href":"https:\/\/buildafuture.es\/euskera\/wp-json\/wp\/v2\/product\/2781","targetHints":{"allow":["GET"]}}],"collection":[{"href":"https:\/\/buildafuture.es\/euskera\/wp-json\/wp\/v2\/product"}],"about":[{"href":"https:\/\/buildafuture.es\/euskera\/wp-json\/wp\/v2\/types\/product"}],"wp:featuredmedia":[{"embeddable":true,"href":"https:\/\/buildafuture.es\/euskera\/wp-json\/wp\/v2\/media\/2776"}],"wp:attachment":[{"href":"https:\/\/buildafuture.es\/euskera\/wp-json\/wp\/v2\/media?parent=2781"}],"wp:term":[{"taxonomy":"product_brand","embeddable":true,"href":"https:\/\/buildafuture.es\/euskera\/wp-json\/wp\/v2\/product_brand?post=2781"},{"taxonomy":"product_cat","embeddable":true,"href":"https:\/\/buildafuture.es\/euskera\/wp-json\/wp\/v2\/product_cat?post=2781"},{"taxonomy":"product_tag","embeddable":true,"href":"https:\/\/buildafuture.es\/euskera\/wp-json\/wp\/v2\/product_tag?post=2781"}],"curies":[{"name":"wp","href":"https:\/\/api.w.org\/{rel}","templated":true}]}}