{"id":2759,"date":"2025-11-25T18:30:08","date_gmt":"2025-11-25T18:30:08","guid":{"rendered":"https:\/\/buildafuture.es\/?post_type=product&#038;p=2759"},"modified":"2026-02-14T10:51:02","modified_gmt":"2026-02-14T10:51:02","slug":"lamina-bordada","status":"publish","type":"product","link":"https:\/\/buildafuture.es\/euskera\/produktua\/lamina-bordada\/","title":{"rendered":"L\u00e1mina bordada"},"content":{"rendered":"<div dir=\"auto\" data-olk-copy-source=\"MessageBody\">Cada l\u00e1mina est\u00e1 bordada punto a punto por voluntarias y voluntarios de Build a Future.<\/div>\n<div dir=\"auto\">Tiene un tama\u00f1o de 15 x 20 cm y est\u00e1 creada con much\u00edsimo cari\u00f1o. Cada pieza requiere entre 5 y 7 horas de costura paciente y delicada, lo que convierte cada dise\u00f1o en algo realmente especial y \u00fanico.<\/div>\n<div dir=\"auto\">&#8212;<\/div>\n<div dir=\"auto\">Este producto <strong>representa los centros de costura que construimos y las formaciones financieras que promovemos<\/strong>. Todo ello permite que las mujeres de la comunidad aprendan un oficio y desarrollen nuevas habilidades para poder emprender y avanzar en su futuro profesional y personal.<\/div>\n<div dir=\"auto\">&#8212;<\/div>\n<div dir=\"auto\">\u2728 El papel y los hilos utilizados proceden de comercio de cercan\u00eda.<\/div>\n<div dir=\"auto\">&#8212;<\/div>\n<div dir=\"auto\"><strong>Estas navidades, \u00a1regala futuro con Build a Future!<\/strong><\/div>","protected":false},"excerpt":{"rendered":"<div dir=\"auto\" data-olk-copy-source=\"MessageBody\">Cada l\u00e1mina est\u00e1 bordada punto a punto por voluntarias y voluntarios de Build a Future.<\/div>\n<div dir=\"auto\">Tiene un tama\u00f1o de 15 x 20 cm y est\u00e1 creada con much\u00edsimo cari\u00f1o. Cada pieza requiere entre 5 y 7 horas de costura paciente y delicada, lo que convierte cada dise\u00f1o en algo realmente especial y \u00fanico.<\/div>\n<div dir=\"auto\">&#8212;<\/div>\n<div dir=\"auto\">Este producto <strong>representa los centros de costura que construimos y las formaciones financieras que promovemos<\/strong>. Todo ello permite que las mujeres de la comunidad aprendan un oficio y desarrollen nuevas habilidades para poder emprender y avanzar en su futuro profesional y personal.<\/div>\n<div dir=\"auto\">&#8212;<\/div>\n<div dir=\"auto\"><strong>Estas navidades, \u00a1regala futuro con Build a Future!<\/strong><\/div>","protected":false},"featured_media":2774,"template":"","meta":{"give_campaign_id":0},"product_brand":[],"product_cat":[60],"product_tag":[],"class_list":{"0":"post-2759","1":"product","2":"type-product","3":"status-publish","4":"has-post-thumbnail","6":"product_cat-laminas","7":"product_shipping_class-envio-de-laminas-bordadas","9":"first","10":"outofstock","11":"shipping-taxable","12":"purchasable","13":"product-type-simple"},"yoast_head":"<!-- This site is optimized with the Yoast SEO plugin v26.4 - https:\/\/yoast.com\/wordpress\/plugins\/seo\/ -->\n<title>L\u00e1mina bordada - Build a future<\/title>\n<meta name=\"robots\" content=\"index, follow, max-snippet:-1, max-image-preview:large, max-video-preview:-1\" \/>\n<link rel=\"canonical\" href=\"https:\/\/buildafuture.es\/euskera\/produktua\/lamina-bordada\/\" \/>\n<meta property=\"og:locale\" content=\"en_US\" \/>\n<meta property=\"og:type\" content=\"article\" \/>\n<meta property=\"og:title\" content=\"L\u00e1mina bordada - Build a future\" \/>\n<meta property=\"og:description\" content=\"Cada l\u00e1mina est\u00e1 bordada punto a punto por voluntarias y voluntarios de Build a Future. Tiene un tama\u00f1o de 15 x 20 cm y est\u00e1 creada con much\u00edsimo cari\u00f1o. Cada pieza requiere entre 5 y 7 horas de costura paciente y delicada, lo que convierte cada dise\u00f1o en algo realmente especial y \u00fanico. --- Este producto representa los centros de costura que construimos y las formaciones financieras que promovemos. Todo ello permite que las mujeres de la comunidad aprendan un oficio y desarrollen nuevas habilidades para poder emprender y avanzar en su futuro profesional y personal. --- Estas navidades, \u00a1regala futuro con Build a Future!\" \/>\n<meta property=\"og:url\" content=\"https:\/\/buildafuture.es\/euskera\/produktua\/lamina-bordada\/\" \/>\n<meta property=\"og:site_name\" content=\"Build a future\" \/>\n<meta property=\"article:modified_time\" content=\"2026-02-14T10:51:02+00:00\" \/>\n<meta property=\"og:image\" content=\"https:\/\/buildafuture.es\/wp-content\/uploads\/2025\/11\/Lamina-bordada-3.jpg\" \/>\n\t<meta property=\"og:image:width\" content=\"1500\" \/>\n\t<meta property=\"og:image:height\" content=\"2000\" \/>\n\t<meta property=\"og:image:type\" content=\"image\/jpeg\" \/>\n<meta name=\"twitter:card\" content=\"summary_large_image\" \/>\n<meta name=\"twitter:label1\" content=\"Est. reading time\" \/>\n\t<meta name=\"twitter:data1\" content=\"1 minutua\" \/>\n<script type=\"application\/ld+json\" class=\"yoast-schema-graph\">{\"@context\":\"https:\/\/schema.org\",\"@graph\":[{\"@type\":\"WebPage\",\"@id\":\"https:\/\/buildafuture.es\/producto\/lamina-bordada\/\",\"url\":\"https:\/\/buildafuture.es\/producto\/lamina-bordada\/\",\"name\":\"L\u00e1mina bordada - Build a future\",\"isPartOf\":{\"@id\":\"https:\/\/buildafuture.es\/#website\"},\"primaryImageOfPage\":{\"@id\":\"https:\/\/buildafuture.es\/producto\/lamina-bordada\/#primaryimage\"},\"image\":{\"@id\":\"https:\/\/buildafuture.es\/producto\/lamina-bordada\/#primaryimage\"},\"thumbnailUrl\":\"https:\/\/buildafuture.es\/wp-content\/uploads\/2025\/11\/Lamina-bordada-3.jpg\",\"datePublished\":\"2025-11-25T18:30:08+00:00\",\"dateModified\":\"2026-02-14T10:51:02+00:00\",\"breadcrumb\":{\"@id\":\"https:\/\/buildafuture.es\/producto\/lamina-bordada\/#breadcrumb\"},\"inLanguage\":\"eu\",\"potentialAction\":[{\"@type\":\"ReadAction\",\"target\":[\"https:\/\/buildafuture.es\/producto\/lamina-bordada\/\"]}]},{\"@type\":\"ImageObject\",\"inLanguage\":\"eu\",\"@id\":\"https:\/\/buildafuture.es\/producto\/lamina-bordada\/#primaryimage\",\"url\":\"https:\/\/buildafuture.es\/wp-content\/uploads\/2025\/11\/Lamina-bordada-3.jpg\",\"contentUrl\":\"https:\/\/buildafuture.es\/wp-content\/uploads\/2025\/11\/Lamina-bordada-3.jpg\",\"width\":1500,\"height\":2000},{\"@type\":\"BreadcrumbList\",\"@id\":\"https:\/\/buildafuture.es\/producto\/lamina-bordada\/#breadcrumb\",\"itemListElement\":[{\"@type\":\"ListItem\",\"position\":1,\"name\":\"Portada\",\"item\":\"https:\/\/buildafuture.es\/\"},{\"@type\":\"ListItem\",\"position\":2,\"name\":\"Tienda\",\"item\":\"https:\/\/buildafuture.es\/tienda\/\"},{\"@type\":\"ListItem\",\"position\":3,\"name\":\"L\u00e1mina bordada\"}]},{\"@type\":\"WebSite\",\"@id\":\"https:\/\/buildafuture.es\/#website\",\"url\":\"https:\/\/buildafuture.es\/\",\"name\":\"Build a future\",\"description\":\"Education projects in Uganda\",\"publisher\":{\"@id\":\"https:\/\/buildafuture.es\/#organization\"},\"potentialAction\":[{\"@type\":\"SearchAction\",\"target\":{\"@type\":\"EntryPoint\",\"urlTemplate\":\"https:\/\/buildafuture.es\/?s={search_term_string}\"},\"query-input\":{\"@type\":\"PropertyValueSpecification\",\"valueRequired\":true,\"valueName\":\"search_term_string\"}}],\"inLanguage\":\"eu\"},{\"@type\":\"Organization\",\"@id\":\"https:\/\/buildafuture.es\/#organization\",\"name\":\"Build a future\",\"url\":\"https:\/\/buildafuture.es\/\",\"logo\":{\"@type\":\"ImageObject\",\"inLanguage\":\"eu\",\"@id\":\"https:\/\/buildafuture.es\/#\/schema\/logo\/image\/\",\"url\":\"https:\/\/buildafuture.es\/wp-content\/uploads\/2021\/11\/cropped-cropped-BaF-logo-horizontal-2.png\",\"contentUrl\":\"https:\/\/buildafuture.es\/wp-content\/uploads\/2021\/11\/cropped-cropped-BaF-logo-horizontal-2.png\",\"width\":355,\"height\":117,\"caption\":\"Build a future\"},\"image\":{\"@id\":\"https:\/\/buildafuture.es\/#\/schema\/logo\/image\/\"}}]}<\/script>\n<!-- \/ Yoast SEO plugin. -->","yoast_head_json":{"title":"L\u00e1mina bordada - Build a future","robots":{"index":"index","follow":"follow","max-snippet":"max-snippet:-1","max-image-preview":"max-image-preview:large","max-video-preview":"max-video-preview:-1"},"canonical":"https:\/\/buildafuture.es\/euskera\/produktua\/lamina-bordada\/","og_locale":"en_US","og_type":"article","og_title":"L\u00e1mina bordada - Build a future","og_description":"Cada l\u00e1mina est\u00e1 bordada punto a punto por voluntarias y voluntarios de Build a Future. Tiene un tama\u00f1o de 15 x 20 cm y est\u00e1 creada con much\u00edsimo cari\u00f1o. Cada pieza requiere entre 5 y 7 horas de costura paciente y delicada, lo que convierte cada dise\u00f1o en algo realmente especial y \u00fanico. --- Este producto representa los centros de costura que construimos y las formaciones financieras que promovemos. Todo ello permite que las mujeres de la comunidad aprendan un oficio y desarrollen nuevas habilidades para poder emprender y avanzar en su futuro profesional y personal. --- Estas navidades, \u00a1regala futuro con Build a Future!","og_url":"https:\/\/buildafuture.es\/euskera\/produktua\/lamina-bordada\/","og_site_name":"Build a future","article_modified_time":"2026-02-14T10:51:02+00:00","og_image":[{"width":1500,"height":2000,"url":"https:\/\/buildafuture.es\/wp-content\/uploads\/2025\/11\/Lamina-bordada-3.jpg","type":"image\/jpeg"}],"twitter_card":"summary_large_image","twitter_misc":{"Est. reading time":"1 minutua"},"schema":{"@context":"https:\/\/schema.org","@graph":[{"@type":"WebPage","@id":"https:\/\/buildafuture.es\/producto\/lamina-bordada\/","url":"https:\/\/buildafuture.es\/producto\/lamina-bordada\/","name":"L\u00e1mina bordada - Build a future","isPartOf":{"@id":"https:\/\/buildafuture.es\/#website"},"primaryImageOfPage":{"@id":"https:\/\/buildafuture.es\/producto\/lamina-bordada\/#primaryimage"},"image":{"@id":"https:\/\/buildafuture.es\/producto\/lamina-bordada\/#primaryimage"},"thumbnailUrl":"https:\/\/buildafuture.es\/wp-content\/uploads\/2025\/11\/Lamina-bordada-3.jpg","datePublished":"2025-11-25T18:30:08+00:00","dateModified":"2026-02-14T10:51:02+00:00","breadcrumb":{"@id":"https:\/\/buildafuture.es\/producto\/lamina-bordada\/#breadcrumb"},"inLanguage":"eu","potentialAction":[{"@type":"ReadAction","target":["https:\/\/buildafuture.es\/producto\/lamina-bordada\/"]}]},{"@type":"ImageObject","inLanguage":"eu","@id":"https:\/\/buildafuture.es\/producto\/lamina-bordada\/#primaryimage","url":"https:\/\/buildafuture.es\/wp-content\/uploads\/2025\/11\/Lamina-bordada-3.jpg","contentUrl":"https:\/\/buildafuture.es\/wp-content\/uploads\/2025\/11\/Lamina-bordada-3.jpg","width":1500,"height":2000},{"@type":"BreadcrumbList","@id":"https:\/\/buildafuture.es\/producto\/lamina-bordada\/#breadcrumb","itemListElement":[{"@type":"ListItem","position":1,"name":"Portada","item":"https:\/\/buildafuture.es\/"},{"@type":"ListItem","position":2,"name":"Tienda","item":"https:\/\/buildafuture.es\/tienda\/"},{"@type":"ListItem","position":3,"name":"L\u00e1mina bordada"}]},{"@type":"WebSite","@id":"https:\/\/buildafuture.es\/#website","url":"https:\/\/buildafuture.es\/","name":"Build a future","description":"Education projects in Uganda","publisher":{"@id":"https:\/\/buildafuture.es\/#organization"},"potentialAction":[{"@type":"SearchAction","target":{"@type":"EntryPoint","urlTemplate":"https:\/\/buildafuture.es\/?s={search_term_string}"},"query-input":{"@type":"PropertyValueSpecification","valueRequired":true,"valueName":"search_term_string"}}],"inLanguage":"eu"},{"@type":"Organization","@id":"https:\/\/buildafuture.es\/#organization","name":"Build a future","url":"https:\/\/buildafuture.es\/","logo":{"@type":"ImageObject","inLanguage":"eu","@id":"https:\/\/buildafuture.es\/#\/schema\/logo\/image\/","url":"https:\/\/buildafuture.es\/wp-content\/uploads\/2021\/11\/cropped-cropped-BaF-logo-horizontal-2.png","contentUrl":"https:\/\/buildafuture.es\/wp-content\/uploads\/2021\/11\/cropped-cropped-BaF-logo-horizontal-2.png","width":355,"height":117,"caption":"Build a future"},"image":{"@id":"https:\/\/buildafuture.es\/#\/schema\/logo\/image\/"}}]}},"jetpack_sharing_enabled":true,"_links":{"self":[{"href":"https:\/\/buildafuture.es\/euskera\/wp-json\/wp\/v2\/product\/2759","targetHints":{"allow":["GET"]}}],"collection":[{"href":"https:\/\/buildafuture.es\/euskera\/wp-json\/wp\/v2\/product"}],"about":[{"href":"https:\/\/buildafuture.es\/euskera\/wp-json\/wp\/v2\/types\/product"}],"wp:featuredmedia":[{"embeddable":true,"href":"https:\/\/buildafuture.es\/euskera\/wp-json\/wp\/v2\/media\/2774"}],"wp:attachment":[{"href":"https:\/\/buildafuture.es\/euskera\/wp-json\/wp\/v2\/media?parent=2759"}],"wp:term":[{"taxonomy":"product_brand","embeddable":true,"href":"https:\/\/buildafuture.es\/euskera\/wp-json\/wp\/v2\/product_brand?post=2759"},{"taxonomy":"product_cat","embeddable":true,"href":"https:\/\/buildafuture.es\/euskera\/wp-json\/wp\/v2\/product_cat?post=2759"},{"taxonomy":"product_tag","embeddable":true,"href":"https:\/\/buildafuture.es\/euskera\/wp-json\/wp\/v2\/product_tag?post=2759"}],"curies":[{"name":"wp","href":"https:\/\/api.w.org\/{rel}","templated":true}]}}