{"id":2739,"date":"2025-11-15T10:54:39","date_gmt":"2025-11-15T10:54:39","guid":{"rendered":"https:\/\/buildafuture.es\/?post_type=product&#038;p=2739"},"modified":"2025-12-02T18:19:57","modified_gmt":"2025-12-02T18:19:57","slug":"prueba-producto1","status":"publish","type":"product","link":"https:\/\/buildafuture.es\/euskera\/produktua\/prueba-producto1\/","title":{"rendered":"Im\u00e1n Build a Future"},"content":{"rendered":"<div dir=\"auto\" data-olk-copy-source=\"MessageBody\">Este im\u00e1n nace de la arcilla y de nuestras manos, las de los voluntarios y voluntarias. Lo moldeamos y pintamos uno a uno, inspir\u00e1ndonos en los colores y formas de los colegios que renovamos en Uganda. Su relieve representa las aulas que vamos construyendo a\u00f1o tras a\u00f1o para que los alumnos y alumnas puedan aprender en un lugar digno y seguro.<\/div>\n<div dir=\"auto\">&#8212;<\/div>\n<div dir=\"auto\">Cada pieza es artesanal, \u00fanica y hecha con mucho cari\u00f1o.<\/div>\n<div dir=\"auto\">Con este im\u00e1n <strong>est\u00e1s apoyando directamente nuestro proyecto de reforma y construcci\u00f3n de escuelas<\/strong>.<\/div>\n<div dir=\"auto\">&#8212;<\/div>\n<div dir=\"auto\">\u2728 Todos los materiales provienen de comercio de cercan\u00eda.<\/div>\n<div dir=\"auto\">&#8212;<\/div>\n<div dir=\"auto\"><em><strong>Estas navidades, \u00a1regala futuro con Build a Future!<\/strong><\/em><\/div>","protected":false},"excerpt":{"rendered":"<div dir=\"auto\" data-olk-copy-source=\"MessageBody\">Este im\u00e1n nace de la arcilla y de nuestras manos, las de los voluntarios y voluntarias. Lo moldeamos y pintamos uno a uno, inspir\u00e1ndonos en los colores y formas de los colegios que renovamos en Uganda. Su relieve representa las aulas que vamos construyendo a\u00f1o tras a\u00f1o para que los alumnos y alumnas puedan aprender en un lugar digno y seguro.<\/div>\n<div dir=\"auto\">&#8212;<\/div>\n<div dir=\"auto\">Cada pieza es artesanal, \u00fanica y hecha con mucho cari\u00f1o.<\/div>\n<div dir=\"auto\">Con este im\u00e1n <strong>est\u00e1s apoyando directamente nuestro proyecto de reforma y construcci\u00f3n de escuelas<\/strong>.<\/div>\n<div dir=\"auto\">&#8212;<\/div>\n<div dir=\"auto\">\u2728 Todos los materiales provienen de comercio de cercan\u00eda.<\/div>\n<div dir=\"auto\">&#8212;<\/div>\n<div dir=\"auto\"><em><strong>Estas navidades, \u00a1regala futuro con Build a Future!<\/strong><\/em><\/div>","protected":false},"featured_media":2768,"template":"","meta":{"give_campaign_id":0},"product_brand":[],"product_cat":[58],"product_tag":[],"class_list":{"0":"post-2739","1":"product","2":"type-product","3":"status-publish","4":"has-post-thumbnail","6":"product_cat-imanes","7":"product_shipping_class-envio-de-imanes-o-corazones","9":"first","10":"instock","11":"shipping-taxable","12":"purchasable","13":"product-type-simple"},"yoast_head":"<!-- This site is optimized with the Yoast SEO plugin v26.4 - https:\/\/yoast.com\/wordpress\/plugins\/seo\/ -->\n<title>Im\u00e1n Build a Future - Build a future<\/title>\n<meta name=\"robots\" content=\"index, follow, max-snippet:-1, max-image-preview:large, max-video-preview:-1\" \/>\n<link rel=\"canonical\" href=\"https:\/\/buildafuture.es\/euskera\/produktua\/prueba-producto1\/\" \/>\n<meta property=\"og:locale\" content=\"en_US\" \/>\n<meta property=\"og:type\" content=\"article\" \/>\n<meta property=\"og:title\" content=\"Im\u00e1n Build a Future - Build a future\" \/>\n<meta property=\"og:description\" content=\"Este im\u00e1n nace de la arcilla y de nuestras manos, las de los voluntarios y voluntarias. Lo moldeamos y pintamos uno a uno, inspir\u00e1ndonos en los colores y formas de los colegios que renovamos en Uganda. Su relieve representa las aulas que vamos construyendo a\u00f1o tras a\u00f1o para que los alumnos y alumnas puedan aprender en un lugar digno y seguro. --- Cada pieza es artesanal, \u00fanica y hecha con mucho cari\u00f1o. Con este im\u00e1n est\u00e1s apoyando directamente nuestro proyecto de reforma y construcci\u00f3n de escuelas. --- \u2728 Todos los materiales provienen de comercio de cercan\u00eda. --- Estas navidades, \u00a1regala futuro con Build a Future!\" \/>\n<meta property=\"og:url\" content=\"https:\/\/buildafuture.es\/euskera\/produktua\/prueba-producto1\/\" \/>\n<meta property=\"og:site_name\" content=\"Build a future\" \/>\n<meta property=\"article:modified_time\" content=\"2025-12-02T18:19:57+00:00\" \/>\n<meta property=\"og:image\" content=\"https:\/\/buildafuture.es\/wp-content\/uploads\/2025\/11\/Iman-1-1.jpg\" \/>\n\t<meta property=\"og:image:width\" content=\"1500\" \/>\n\t<meta property=\"og:image:height\" content=\"2000\" \/>\n\t<meta property=\"og:image:type\" content=\"image\/jpeg\" \/>\n<meta name=\"twitter:card\" content=\"summary_large_image\" \/>\n<meta name=\"twitter:label1\" content=\"Est. reading time\" \/>\n\t<meta name=\"twitter:data1\" content=\"1 minutua\" \/>\n<script type=\"application\/ld+json\" class=\"yoast-schema-graph\">{\"@context\":\"https:\/\/schema.org\",\"@graph\":[{\"@type\":\"WebPage\",\"@id\":\"https:\/\/buildafuture.es\/producto\/prueba-producto1\/\",\"url\":\"https:\/\/buildafuture.es\/producto\/prueba-producto1\/\",\"name\":\"Im\u00e1n Build a Future - Build a future\",\"isPartOf\":{\"@id\":\"https:\/\/buildafuture.es\/#website\"},\"primaryImageOfPage\":{\"@id\":\"https:\/\/buildafuture.es\/producto\/prueba-producto1\/#primaryimage\"},\"image\":{\"@id\":\"https:\/\/buildafuture.es\/producto\/prueba-producto1\/#primaryimage\"},\"thumbnailUrl\":\"https:\/\/buildafuture.es\/wp-content\/uploads\/2025\/11\/Iman-1-1.jpg\",\"datePublished\":\"2025-11-15T10:54:39+00:00\",\"dateModified\":\"2025-12-02T18:19:57+00:00\",\"breadcrumb\":{\"@id\":\"https:\/\/buildafuture.es\/producto\/prueba-producto1\/#breadcrumb\"},\"inLanguage\":\"eu\",\"potentialAction\":[{\"@type\":\"ReadAction\",\"target\":[\"https:\/\/buildafuture.es\/producto\/prueba-producto1\/\"]}]},{\"@type\":\"ImageObject\",\"inLanguage\":\"eu\",\"@id\":\"https:\/\/buildafuture.es\/producto\/prueba-producto1\/#primaryimage\",\"url\":\"https:\/\/buildafuture.es\/wp-content\/uploads\/2025\/11\/Iman-1-1.jpg\",\"contentUrl\":\"https:\/\/buildafuture.es\/wp-content\/uploads\/2025\/11\/Iman-1-1.jpg\",\"width\":1500,\"height\":2000},{\"@type\":\"BreadcrumbList\",\"@id\":\"https:\/\/buildafuture.es\/producto\/prueba-producto1\/#breadcrumb\",\"itemListElement\":[{\"@type\":\"ListItem\",\"position\":1,\"name\":\"Portada\",\"item\":\"https:\/\/buildafuture.es\/\"},{\"@type\":\"ListItem\",\"position\":2,\"name\":\"Tienda\",\"item\":\"https:\/\/buildafuture.es\/tienda\/\"},{\"@type\":\"ListItem\",\"position\":3,\"name\":\"Im\u00e1n Build a Future\"}]},{\"@type\":\"WebSite\",\"@id\":\"https:\/\/buildafuture.es\/#website\",\"url\":\"https:\/\/buildafuture.es\/\",\"name\":\"Build a future\",\"description\":\"Education projects in Uganda\",\"publisher\":{\"@id\":\"https:\/\/buildafuture.es\/#organization\"},\"potentialAction\":[{\"@type\":\"SearchAction\",\"target\":{\"@type\":\"EntryPoint\",\"urlTemplate\":\"https:\/\/buildafuture.es\/?s={search_term_string}\"},\"query-input\":{\"@type\":\"PropertyValueSpecification\",\"valueRequired\":true,\"valueName\":\"search_term_string\"}}],\"inLanguage\":\"eu\"},{\"@type\":\"Organization\",\"@id\":\"https:\/\/buildafuture.es\/#organization\",\"name\":\"Build a future\",\"url\":\"https:\/\/buildafuture.es\/\",\"logo\":{\"@type\":\"ImageObject\",\"inLanguage\":\"eu\",\"@id\":\"https:\/\/buildafuture.es\/#\/schema\/logo\/image\/\",\"url\":\"https:\/\/buildafuture.es\/wp-content\/uploads\/2021\/11\/cropped-cropped-BaF-logo-horizontal-2.png\",\"contentUrl\":\"https:\/\/buildafuture.es\/wp-content\/uploads\/2021\/11\/cropped-cropped-BaF-logo-horizontal-2.png\",\"width\":355,\"height\":117,\"caption\":\"Build a future\"},\"image\":{\"@id\":\"https:\/\/buildafuture.es\/#\/schema\/logo\/image\/\"}}]}<\/script>\n<!-- \/ Yoast SEO plugin. -->","yoast_head_json":{"title":"Im\u00e1n Build a Future - Build a future","robots":{"index":"index","follow":"follow","max-snippet":"max-snippet:-1","max-image-preview":"max-image-preview:large","max-video-preview":"max-video-preview:-1"},"canonical":"https:\/\/buildafuture.es\/euskera\/produktua\/prueba-producto1\/","og_locale":"en_US","og_type":"article","og_title":"Im\u00e1n Build a Future - Build a future","og_description":"Este im\u00e1n nace de la arcilla y de nuestras manos, las de los voluntarios y voluntarias. Lo moldeamos y pintamos uno a uno, inspir\u00e1ndonos en los colores y formas de los colegios que renovamos en Uganda. Su relieve representa las aulas que vamos construyendo a\u00f1o tras a\u00f1o para que los alumnos y alumnas puedan aprender en un lugar digno y seguro. --- Cada pieza es artesanal, \u00fanica y hecha con mucho cari\u00f1o. Con este im\u00e1n est\u00e1s apoyando directamente nuestro proyecto de reforma y construcci\u00f3n de escuelas. --- \u2728 Todos los materiales provienen de comercio de cercan\u00eda. --- Estas navidades, \u00a1regala futuro con Build a Future!","og_url":"https:\/\/buildafuture.es\/euskera\/produktua\/prueba-producto1\/","og_site_name":"Build a future","article_modified_time":"2025-12-02T18:19:57+00:00","og_image":[{"width":1500,"height":2000,"url":"https:\/\/buildafuture.es\/wp-content\/uploads\/2025\/11\/Iman-1-1.jpg","type":"image\/jpeg"}],"twitter_card":"summary_large_image","twitter_misc":{"Est. reading time":"1 minutua"},"schema":{"@context":"https:\/\/schema.org","@graph":[{"@type":"WebPage","@id":"https:\/\/buildafuture.es\/producto\/prueba-producto1\/","url":"https:\/\/buildafuture.es\/producto\/prueba-producto1\/","name":"Im\u00e1n Build a Future - Build a future","isPartOf":{"@id":"https:\/\/buildafuture.es\/#website"},"primaryImageOfPage":{"@id":"https:\/\/buildafuture.es\/producto\/prueba-producto1\/#primaryimage"},"image":{"@id":"https:\/\/buildafuture.es\/producto\/prueba-producto1\/#primaryimage"},"thumbnailUrl":"https:\/\/buildafuture.es\/wp-content\/uploads\/2025\/11\/Iman-1-1.jpg","datePublished":"2025-11-15T10:54:39+00:00","dateModified":"2025-12-02T18:19:57+00:00","breadcrumb":{"@id":"https:\/\/buildafuture.es\/producto\/prueba-producto1\/#breadcrumb"},"inLanguage":"eu","potentialAction":[{"@type":"ReadAction","target":["https:\/\/buildafuture.es\/producto\/prueba-producto1\/"]}]},{"@type":"ImageObject","inLanguage":"eu","@id":"https:\/\/buildafuture.es\/producto\/prueba-producto1\/#primaryimage","url":"https:\/\/buildafuture.es\/wp-content\/uploads\/2025\/11\/Iman-1-1.jpg","contentUrl":"https:\/\/buildafuture.es\/wp-content\/uploads\/2025\/11\/Iman-1-1.jpg","width":1500,"height":2000},{"@type":"BreadcrumbList","@id":"https:\/\/buildafuture.es\/producto\/prueba-producto1\/#breadcrumb","itemListElement":[{"@type":"ListItem","position":1,"name":"Portada","item":"https:\/\/buildafuture.es\/"},{"@type":"ListItem","position":2,"name":"Tienda","item":"https:\/\/buildafuture.es\/tienda\/"},{"@type":"ListItem","position":3,"name":"Im\u00e1n Build a Future"}]},{"@type":"WebSite","@id":"https:\/\/buildafuture.es\/#website","url":"https:\/\/buildafuture.es\/","name":"Build a future","description":"Education projects in Uganda","publisher":{"@id":"https:\/\/buildafuture.es\/#organization"},"potentialAction":[{"@type":"SearchAction","target":{"@type":"EntryPoint","urlTemplate":"https:\/\/buildafuture.es\/?s={search_term_string}"},"query-input":{"@type":"PropertyValueSpecification","valueRequired":true,"valueName":"search_term_string"}}],"inLanguage":"eu"},{"@type":"Organization","@id":"https:\/\/buildafuture.es\/#organization","name":"Build a future","url":"https:\/\/buildafuture.es\/","logo":{"@type":"ImageObject","inLanguage":"eu","@id":"https:\/\/buildafuture.es\/#\/schema\/logo\/image\/","url":"https:\/\/buildafuture.es\/wp-content\/uploads\/2021\/11\/cropped-cropped-BaF-logo-horizontal-2.png","contentUrl":"https:\/\/buildafuture.es\/wp-content\/uploads\/2021\/11\/cropped-cropped-BaF-logo-horizontal-2.png","width":355,"height":117,"caption":"Build a future"},"image":{"@id":"https:\/\/buildafuture.es\/#\/schema\/logo\/image\/"}}]}},"jetpack_sharing_enabled":true,"_links":{"self":[{"href":"https:\/\/buildafuture.es\/euskera\/wp-json\/wp\/v2\/product\/2739","targetHints":{"allow":["GET"]}}],"collection":[{"href":"https:\/\/buildafuture.es\/euskera\/wp-json\/wp\/v2\/product"}],"about":[{"href":"https:\/\/buildafuture.es\/euskera\/wp-json\/wp\/v2\/types\/product"}],"wp:featuredmedia":[{"embeddable":true,"href":"https:\/\/buildafuture.es\/euskera\/wp-json\/wp\/v2\/media\/2768"}],"wp:attachment":[{"href":"https:\/\/buildafuture.es\/euskera\/wp-json\/wp\/v2\/media?parent=2739"}],"wp:term":[{"taxonomy":"product_brand","embeddable":true,"href":"https:\/\/buildafuture.es\/euskera\/wp-json\/wp\/v2\/product_brand?post=2739"},{"taxonomy":"product_cat","embeddable":true,"href":"https:\/\/buildafuture.es\/euskera\/wp-json\/wp\/v2\/product_cat?post=2739"},{"taxonomy":"product_tag","embeddable":true,"href":"https:\/\/buildafuture.es\/euskera\/wp-json\/wp\/v2\/product_tag?post=2739"}],"curies":[{"name":"wp","href":"https:\/\/api.w.org\/{rel}","templated":true}]}}