{"id":894,"date":"2022-02-09T10:29:16","date_gmt":"2022-02-09T10:29:16","guid":{"rendered":"https:\/\/buildafuture.es\/?page_id=894"},"modified":"2022-02-09T10:50:00","modified_gmt":"2022-02-09T10:50:00","slug":"suscribete-a-nuestra-newsletter","status":"publish","type":"page","link":"https:\/\/buildafuture.es\/euskera\/suscribete-a-nuestra-newsletter\/","title":{"rendered":"Suscr\u00edbete a nuestra newsletter"},"content":{"rendered":"<div id=\"section-g856a09\" class=\"wp-block-gutentor-e5 section-g856a09 gutentor-element gutentor-element-icon gutentor-icon-default text-align-center-desktop\"><div class=\"gutentor-element-icon-box\"><i class=\"fas fa-bullhorn\"><\/i><\/div><\/div>\n\n\n\n<div id=\"section-g688d26\" class=\"wp-block-gutentor-e1 section-g688d26 gutentor-element gutentor-element-advanced-text text-align-center-desktop\"><div class=\"gutentor-text-wrap\"><p class=\"gutentor-text\">\u00a1Suscr\u00edbete a nuestra newsletter!<\/p><\/div><\/div>\n\n\n\n<div id=\"section-g8081e6\" class=\"wp-block-gutentor-e1 section-g8081e6 gutentor-element gutentor-element-advanced-text text-align-center-desktop\"><div class=\"gutentor-text-wrap\"><p class=\"gutentor-text\">\u00bfQuieres saber m\u00e1s acerca de los avances de nuestros proyectos? <br>Date de alta en nuestra newsletter y recibir\u00e1s informaci\u00f3n sobre<br>el progreso de nuestros proyectos de forma peri\u00f3dica.<\/p><\/div><\/div>\n\n\n\n<section id=\"gm8d91f71\" class=\"wp-block-gutentor-m4 section-gm8d91f71 gutentor-module gutentor-advanced-columns\"><div class=\"grid-container\"><div class=\"grid-row\">\n<div id=\"col-gm6f4f06\" class=\"wp-block-gutentor-m4-col col-gm6f4f06 gutentor-single-column  grid-lg-3 grid-md-12 grid-12\"><div id=\"section-gm6f4f06\" class=\"section-gm6f4f06 gutentor-col-wrap\"><\/div><\/div>\n\n\n\n<div id=\"col-gm8808ad\" class=\"wp-block-gutentor-m4-col col-gm8808ad gutentor-single-column  grid-lg-6 grid-md-12 grid-12\"><div id=\"section-gm8808ad\" class=\"section-gm8808ad gutentor-col-wrap\"><p>[mc4wp_form id=\u00bb58&#8243;]<\/p>\n<\/div><\/div>\n\n\n\n<div id=\"col-gm8fad0e\" class=\"wp-block-gutentor-m4-col col-gm8fad0e gutentor-single-column  grid-lg-3 grid-md-12 grid-12\"><div id=\"section-gm8fad0e\" class=\"section-gm8fad0e gutentor-col-wrap\"><\/div><\/div>\n<\/div><\/div><\/section>\n\n\n\n<div style=\"height:235px\" aria-hidden=\"true\" class=\"wp-block-spacer\"><\/div>","protected":false},"excerpt":{"rendered":"","protected":false},"author":1,"featured_media":0,"parent":0,"menu_order":0,"comment_status":"closed","ping_status":"closed","template":"template-gutentor-full-width.php","meta":{"give_campaign_id":0,"footnotes":""},"class_list":["post-894","page","type-page","status-publish","hentry"],"yoast_head":"<!-- This site is optimized with the Yoast SEO plugin v26.4 - https:\/\/yoast.com\/wordpress\/plugins\/seo\/ -->\n<title>Suscr\u00edbete a nuestra newsletter - Build a future<\/title>\n<meta name=\"robots\" content=\"index, follow, max-snippet:-1, max-image-preview:large, max-video-preview:-1\" \/>\n<link rel=\"canonical\" href=\"https:\/\/buildafuture.es\/euskera\/suscribete-a-nuestra-newsletter\/\" \/>\n<meta property=\"og:locale\" content=\"en_US\" \/>\n<meta property=\"og:type\" content=\"article\" \/>\n<meta property=\"og:title\" content=\"Suscr\u00edbete a nuestra newsletter - Build a future\" \/>\n<meta property=\"og:url\" content=\"https:\/\/buildafuture.es\/euskera\/suscribete-a-nuestra-newsletter\/\" \/>\n<meta property=\"og:site_name\" content=\"Build a future\" \/>\n<meta property=\"article:modified_time\" content=\"2022-02-09T10:50:00+00:00\" \/>\n<meta name=\"twitter:card\" content=\"summary_large_image\" \/>\n<script type=\"application\/ld+json\" class=\"yoast-schema-graph\">{\"@context\":\"https:\/\/schema.org\",\"@graph\":[{\"@type\":\"WebPage\",\"@id\":\"https:\/\/buildafuture.es\/suscribete-a-nuestra-newsletter\/\",\"url\":\"https:\/\/buildafuture.es\/suscribete-a-nuestra-newsletter\/\",\"name\":\"Suscr\u00edbete a nuestra newsletter - Build a future\",\"isPartOf\":{\"@id\":\"https:\/\/buildafuture.es\/#website\"},\"datePublished\":\"2022-02-09T10:29:16+00:00\",\"dateModified\":\"2022-02-09T10:50:00+00:00\",\"breadcrumb\":{\"@id\":\"https:\/\/buildafuture.es\/suscribete-a-nuestra-newsletter\/#breadcrumb\"},\"inLanguage\":\"eu\",\"potentialAction\":[{\"@type\":\"ReadAction\",\"target\":[\"https:\/\/buildafuture.es\/suscribete-a-nuestra-newsletter\/\"]}]},{\"@type\":\"BreadcrumbList\",\"@id\":\"https:\/\/buildafuture.es\/suscribete-a-nuestra-newsletter\/#breadcrumb\",\"itemListElement\":[{\"@type\":\"ListItem\",\"position\":1,\"name\":\"Portada\",\"item\":\"https:\/\/buildafuture.es\/\"},{\"@type\":\"ListItem\",\"position\":2,\"name\":\"Suscr\u00edbete a nuestra newsletter\"}]},{\"@type\":\"WebSite\",\"@id\":\"https:\/\/buildafuture.es\/#website\",\"url\":\"https:\/\/buildafuture.es\/\",\"name\":\"Build a future\",\"description\":\"Education projects in Uganda\",\"publisher\":{\"@id\":\"https:\/\/buildafuture.es\/#organization\"},\"potentialAction\":[{\"@type\":\"SearchAction\",\"target\":{\"@type\":\"EntryPoint\",\"urlTemplate\":\"https:\/\/buildafuture.es\/?s={search_term_string}\"},\"query-input\":{\"@type\":\"PropertyValueSpecification\",\"valueRequired\":true,\"valueName\":\"search_term_string\"}}],\"inLanguage\":\"eu\"},{\"@type\":\"Organization\",\"@id\":\"https:\/\/buildafuture.es\/#organization\",\"name\":\"Build a future\",\"url\":\"https:\/\/buildafuture.es\/\",\"logo\":{\"@type\":\"ImageObject\",\"inLanguage\":\"eu\",\"@id\":\"https:\/\/buildafuture.es\/#\/schema\/logo\/image\/\",\"url\":\"https:\/\/buildafuture.es\/wp-content\/uploads\/2021\/11\/cropped-cropped-BaF-logo-horizontal-2.png\",\"contentUrl\":\"https:\/\/buildafuture.es\/wp-content\/uploads\/2021\/11\/cropped-cropped-BaF-logo-horizontal-2.png\",\"width\":355,\"height\":117,\"caption\":\"Build a future\"},\"image\":{\"@id\":\"https:\/\/buildafuture.es\/#\/schema\/logo\/image\/\"}}]}<\/script>\n<!-- \/ Yoast SEO plugin. -->","yoast_head_json":{"title":"Suscr\u00edbete a nuestra newsletter - Build a future","robots":{"index":"index","follow":"follow","max-snippet":"max-snippet:-1","max-image-preview":"max-image-preview:large","max-video-preview":"max-video-preview:-1"},"canonical":"https:\/\/buildafuture.es\/euskera\/suscribete-a-nuestra-newsletter\/","og_locale":"en_US","og_type":"article","og_title":"Suscr\u00edbete a nuestra newsletter - Build a future","og_url":"https:\/\/buildafuture.es\/euskera\/suscribete-a-nuestra-newsletter\/","og_site_name":"Build a future","article_modified_time":"2022-02-09T10:50:00+00:00","twitter_card":"summary_large_image","schema":{"@context":"https:\/\/schema.org","@graph":[{"@type":"WebPage","@id":"https:\/\/buildafuture.es\/suscribete-a-nuestra-newsletter\/","url":"https:\/\/buildafuture.es\/suscribete-a-nuestra-newsletter\/","name":"Suscr\u00edbete a nuestra newsletter - Build a future","isPartOf":{"@id":"https:\/\/buildafuture.es\/#website"},"datePublished":"2022-02-09T10:29:16+00:00","dateModified":"2022-02-09T10:50:00+00:00","breadcrumb":{"@id":"https:\/\/buildafuture.es\/suscribete-a-nuestra-newsletter\/#breadcrumb"},"inLanguage":"eu","potentialAction":[{"@type":"ReadAction","target":["https:\/\/buildafuture.es\/suscribete-a-nuestra-newsletter\/"]}]},{"@type":"BreadcrumbList","@id":"https:\/\/buildafuture.es\/suscribete-a-nuestra-newsletter\/#breadcrumb","itemListElement":[{"@type":"ListItem","position":1,"name":"Portada","item":"https:\/\/buildafuture.es\/"},{"@type":"ListItem","position":2,"name":"Suscr\u00edbete a nuestra newsletter"}]},{"@type":"WebSite","@id":"https:\/\/buildafuture.es\/#website","url":"https:\/\/buildafuture.es\/","name":"Build a future","description":"Education projects in Uganda","publisher":{"@id":"https:\/\/buildafuture.es\/#organization"},"potentialAction":[{"@type":"SearchAction","target":{"@type":"EntryPoint","urlTemplate":"https:\/\/buildafuture.es\/?s={search_term_string}"},"query-input":{"@type":"PropertyValueSpecification","valueRequired":true,"valueName":"search_term_string"}}],"inLanguage":"eu"},{"@type":"Organization","@id":"https:\/\/buildafuture.es\/#organization","name":"Build a future","url":"https:\/\/buildafuture.es\/","logo":{"@type":"ImageObject","inLanguage":"eu","@id":"https:\/\/buildafuture.es\/#\/schema\/logo\/image\/","url":"https:\/\/buildafuture.es\/wp-content\/uploads\/2021\/11\/cropped-cropped-BaF-logo-horizontal-2.png","contentUrl":"https:\/\/buildafuture.es\/wp-content\/uploads\/2021\/11\/cropped-cropped-BaF-logo-horizontal-2.png","width":355,"height":117,"caption":"Build a future"},"image":{"@id":"https:\/\/buildafuture.es\/#\/schema\/logo\/image\/"}}]}},"campaignId":"","jetpack_sharing_enabled":true,"_links":{"self":[{"href":"https:\/\/buildafuture.es\/euskera\/wp-json\/wp\/v2\/pages\/894","targetHints":{"allow":["GET"]}}],"collection":[{"href":"https:\/\/buildafuture.es\/euskera\/wp-json\/wp\/v2\/pages"}],"about":[{"href":"https:\/\/buildafuture.es\/euskera\/wp-json\/wp\/v2\/types\/page"}],"author":[{"embeddable":true,"href":"https:\/\/buildafuture.es\/euskera\/wp-json\/wp\/v2\/users\/1"}],"replies":[{"embeddable":true,"href":"https:\/\/buildafuture.es\/euskera\/wp-json\/wp\/v2\/comments?post=894"}],"version-history":[{"count":7,"href":"https:\/\/buildafuture.es\/euskera\/wp-json\/wp\/v2\/pages\/894\/revisions"}],"predecessor-version":[{"id":913,"href":"https:\/\/buildafuture.es\/euskera\/wp-json\/wp\/v2\/pages\/894\/revisions\/913"}],"wp:attachment":[{"href":"https:\/\/buildafuture.es\/euskera\/wp-json\/wp\/v2\/media?parent=894"}],"curies":[{"name":"wp","href":"https:\/\/api.w.org\/{rel}","templated":true}]}}