{"id":83,"date":"2020-06-08T09:19:23","date_gmt":"2020-06-08T09:19:23","guid":{"rendered":"https:\/\/demo.keonthemes.com\/gutener\/demo9\/?page_id=5"},"modified":"2024-03-29T10:15:14","modified_gmt":"2024-03-29T10:15:14","slug":"home","status":"publish","type":"page","link":"https:\/\/buildafuture.es\/euskera\/","title":{"rendered":"Home"},"content":{"rendered":"<section id=\"gmf87ee7f\" class=\"wp-block-gutentor-m5 section-gmf87ee7f gutentor-module gutentor-module-slider gutentor-slick-a-default-desktop gutentor-module-caption-enabled\"><div class=\"gutentor-module-slider-row\" data-dots=\"false\" data-dotstablet=\"false\" data-dotsmobile=\"false\" data-nextarrow=\"fas fa-angle-right\" data-prevarrow=\"fas fa-angle-left\" data-arrows=\"true\" data-arrowstablet=\"true\" data-arrowsmobile=\"true\" data-fade=\"true\" data-draggable=\"true\" data-infinite=\"true\" data-autoplay=\"false\" data-pauseonfocus=\"true\" data-pauseonhover=\"true\" data-speed=\"1000\" data-autoplayspeed=\"5000\" data-arrowspositiondesktop=\"gutentor-slick-a-default-desktop\">\n<div id=\"col-gm29e665\" class=\"wp-block-gutentor-m5-col col-gm29e665 gutentor-slider-item\"><div id=\"section-gm29e665\" class=\"section-gm29e665 gutentor-col-wrap has-image-bg has-custom-bg has-gutentor-overlay\"><div class=\"gutentor-slider-caption\"><div class=\"grid-container\">\n<section id=\"gm1200c10\" class=\"wp-block-gutentor-m3 section-gm1200c10 gutentor-module gutentor-container-cover\"><div class=\"grid-container\"><\/div><\/section>\n\n\n\n<div id=\"section-ga1cc4f\" class=\"wp-block-gutentor-e1 section-ga1cc4f gutentor-element gutentor-element-advanced-text enable-title-design text-align-left-desktop text-align-left-tablet text-align-left-mobile\"><div class=\"gutentor-text-wrap divider-top-bottom\"><div class=\"gutentor-separator gutentor-separator-before\"><span><\/span><\/div><h2 class=\"gutentor-text\">Hezkuntza askatasuna da ...<br>  ... hezkuntza etorkizuna da<\/h2><div class=\"gutentor-separator gutentor-separator-after\"><span><\/span><\/div><\/div><\/div>\n\n\n\n<div id=\"section-g18d9e4\" class=\"wp-block-gutentor-e1 section-g18d9e4 gutentor-element gutentor-element-advanced-text text-align-left-desktop text-align-left-tablet text-align-left-mobile\"><div class=\"gutentor-text-wrap\"><p class=\"gutentor-text\">Build a future es una asociaci\u00f3n sin \u00e1nimo de lucro, creada en 2021 para mejorar las condiciones educativas y sociales de los\/as ni\u00f1os\/as y llevar a cabo el empoderamiento de la mujer y de las comunidades locales en Uganda.<\/p><\/div><\/div>\n\n\n\n<div id=\"gm2a6bbfa\" class=\"wp-block-gutentor-m1 section-gm2a6bbfa gutentor-module gutentor-element-button-group button-align-left-desktop button-align-left-tablet button-align-left-mobile g-btn-horizontal-d g-btn-horizontal-t g-btn-horizontal-m\"><div class=\"gutentor-element-button-group-wrap\">\n<div id=\"section-g1c395a\" class=\"wp-block-gutentor-e2 section-g1c395a gutentor-element gutentor-element-button\"><span class=\"gutentor-button-wrap\"><a class=\"gutentor-button gutentor-block-button gutentor-icon-hide\" href=\"https:\/\/buildafuture.es\/euskera\/donacion-puntual\/\"><i class=\"gutentor-button-icon fas fa-book\"><\/i><span>\u00a1Dona ahora!<\/span><\/a><\/span><\/div>\n\n\n\n<div id=\"section-g43b61f\" class=\"wp-block-gutentor-e2 section-g43b61f gutentor-element gutentor-element-button\"><span class=\"gutentor-button-wrap\"><a class=\"gutentor-button gutentor-block-button gutentor-icon-hide\" href=\"https:\/\/buildafuture.es\/euskera\/quieres-ayudar\/hazte-colaborador\/\"><i class=\"gutentor-button-icon fas fa-book\"><\/i><span>Hazte colaborador<\/span><\/a><\/span><\/div>\n<\/div><\/div>\n<\/div><\/div><\/div><\/div>\n<\/div><\/section>\n\n\n\n<section id=\"gm77a7414\" class=\"wp-block-gutentor-m4 section-gm77a7414 gutentor-module gutentor-advanced-columns gutentor-equal-column-height\"><div class=\"grid-container\"><div class=\"grid-row\">\n<div id=\"col-gm5213ff\" class=\"wp-block-gutentor-m4-col col-gm5213ff gutentor-single-column  grid-lg-5 grid-md-12 grid-12\"><div id=\"section-gm5213ff\" class=\"section-gm5213ff gutentor-col-wrap\">\n<div id=\"section-g5cc563\" class=\"wp-block-gutentor-e6 section-g5cc563 gutentor-element gutentor-element-image\"><div class=\"gutentor-element-image-box\"><div class=\"gutentor-image-thumb\"><img decoding=\"async\" class=\"normal-image\" src=\"https:\/\/buildafuture.es\/wp-content\/uploads\/2023\/09\/IMG20230801095210-scaled.jpg\"\/><\/div><\/div><\/div>\n\n\n\n<div style=\"height:50px\" aria-hidden=\"true\" class=\"wp-block-spacer\"><\/div>\n\n\n\n<div id=\"section-g4f8351\" class=\"wp-block-gutentor-e6 section-g4f8351 gutentor-element gutentor-element-image\"><div class=\"gutentor-element-image-box\"><div class=\"gutentor-image-thumb\"><img decoding=\"async\" class=\"normal-image\" src=\"https:\/\/buildafuture.es\/wp-content\/uploads\/2023\/10\/IMG-20230906-WA0002-1.jpg\"\/><\/div><\/div><\/div>\n\n\n\n<section id=\"gm13f0829\" class=\"wp-block-gutentor-m4 section-gm13f0829 gutentor-module gutentor-advanced-columns\"><div class=\"grid-container\"><div class=\"grid-row\">\n<div id=\"col-gm75deb7\" class=\"wp-block-gutentor-m4-col col-gm75deb7 gutentor-single-column  grid-lg-12 grid-md-12 grid-12\"><div id=\"section-gm75deb7\" class=\"section-gm75deb7 gutentor-col-wrap\">\n<div style=\"height:50px\" aria-hidden=\"true\" class=\"wp-block-spacer\"><\/div>\n<\/div><\/div>\n<\/div><\/div><\/section>\n\n\n\n<div id=\"section-ga186bc\" class=\"wp-block-gutentor-e6 section-ga186bc gutentor-element gutentor-element-image\"><div class=\"gutentor-element-image-box\"><div class=\"gutentor-image-thumb\"><img decoding=\"async\" class=\"normal-image\" src=\"https:\/\/buildafuture.es\/wp-content\/uploads\/2023\/09\/Screenshot_2023-08-31-17-35-51-59.png\"\/><\/div><\/div><\/div>\n<\/div><\/div>\n\n\n\n<div id=\"col-gm1455b7\" class=\"wp-block-gutentor-m4-col col-gm1455b7 gutentor-single-column  grid-lg-7 grid-md-12 grid-12\"><div id=\"section-gm1455b7\" class=\"section-gm1455b7 gutentor-col-wrap\">\n<div id=\"section-g3872b3\" class=\"wp-block-gutentor-e1 section-g3872b3 gutentor-element gutentor-element-advanced-text text-align-left-desktop text-align-left-tablet text-align-left-mobile\"><div class=\"gutentor-text-wrap\"><span class=\"gutentor-text\">Trabajando para mejorar la educaci\u00f3n y el futuro de la infancia<\/span><\/div><\/div>\n\n\n\n<div id=\"section-g140a11\" class=\"wp-block-gutentor-e1 section-g140a11 gutentor-element gutentor-element-advanced-text text-align-left-desktop text-align-left-tablet text-align-left-mobile\"><div class=\"gutentor-text-wrap\"><h2 class=\"gutentor-text\">Nuestros proyectos<\/h2><\/div><\/div>\n\n\n\n<div id=\"section-g27d5e2\" class=\"wp-block-gutentor-e1 section-g27d5e2 gutentor-element gutentor-element-advanced-text text-align-left-desktop text-align-left-tablet text-align-left-mobile\"><div class=\"gutentor-text-wrap\"><p class=\"gutentor-text\"><strong>Durante el a\u00f1o 2022<\/strong>, colaboramos con la escuela de primaria <em>Equinox Junior School<\/em>, renovando las instalaciones, obteniendo suministro de agua potable y adquiriendo material escolar para mejorar la calidad de la educaci\u00f3n en la escuela. Se trata de una escuela orfanato que acoge a 32 ni\u00f1@s hu\u00e9rfan@s adem\u00e1s de impartir ense\u00f1anza a otros 49 alumnos en horario de d\u00eda<strong>. <\/strong><br><br><strong>Durante el a\u00f1o 2023,<\/strong> llevamos a cabo <strong>proyectos de cooperaci\u00f3n en dos escuelas de primaria<\/strong>, llamadas <em>Roots of Faith<\/em> y <em>Victoria Wing<\/em>. Roots of Faith se encuentra situada en el distrito de Mukono y acoge a un total de 393 alumnxs, siendo 64 de ellos hu\u00e9rfanxs. En cuanto a Victoria Wing, se encuentra situada en el distrito de Buikwe y tiene un total de 251 alumnxs, siendo 20 de ellxs huerfanxs.<br><br>Los proyectos de cooperaci\u00f3n consisten en la <strong>renovaci\u00f3n de las escuelas <\/strong>para conseguir que sean <strong>agro sostenibles<\/strong>. De esta manera, mediante la instalaci\u00f3n de letrinas ecol\u00f3gicas \u00abEcosan\u00bb (se genera compost) y el impulso de actividades de agricultura (huerto escolar) y ganader\u00eda (cr\u00eda de animales), se consigue crear un ciclo productivo agro sostenible que proporciona a las escuelas alimentos y que adem\u00e1s les dota de autosuficiencia.<\/p><\/div><\/div>\n\n\n\n<section id=\"section-d6d82d08-a9d3-4244-83e4-1f0226d46e5f\" class=\"wp-block-gutentor-counter-box gutentor-section gutentor-counter-wrapper counter-template1\"><div class=\"grid-container gutentor-rm-ct-space-d gutentor-rm-ct-space-t gutentor-rm-ct-space\"><div class=\"grid-row gutentor-grid-item-wrap\"><div class=\"gutentor-grid-column grid-lg-4 grid-md-4 grid-12\"><div class=\"gutentor-single-item gutentor-counter gutentor-single-item-0\"><div class=\"gutentor-single-item-wrap\"><div class=\"gutentor-single-item-icon-box\"><i class=\"fas fa-school\"><\/i><\/div><div class=\"gutentor-single-item-content\"><p class=\"gutentor-single-item-number\" data-duration=\"2\" data-start=\"0\" data-end=\"3\"><\/p><h3 class=\"gutentor-single-item-title\">Escuelas orfanato<\/h3><\/div><\/div><\/div><\/div><div class=\"gutentor-grid-column grid-lg-4 grid-md-4 grid-12\"><div class=\"gutentor-single-item gutentor-counter gutentor-single-item-1\"><div class=\"gutentor-single-item-wrap\"><div class=\"gutentor-single-item-icon-box\"><i class=\"fas fa-book-open\"><\/i><\/div><div class=\"gutentor-single-item-content\"><p class=\"gutentor-single-item-number\" data-duration=\"2\" data-start=\"0\" data-end=\"725\"><\/p><h3 class=\"gutentor-single-item-title\">Alumnos<br>asistidos<\/h3><\/div><\/div><\/div><\/div><div class=\"gutentor-grid-column grid-lg-4 grid-md-4 grid-12\"><div class=\"gutentor-single-item gutentor-counter gutentor-single-item-2\"><div class=\"gutentor-single-item-wrap\"><div class=\"gutentor-single-item-icon-box\"><i class=\"fas fa-bed\"><\/i><\/div><div class=\"gutentor-single-item-content\"><p class=\"gutentor-single-item-number\" data-duration=\"2\" data-start=\"0\" data-end=\"116\"><\/p><h3 class=\"gutentor-single-item-title\">Hu\u00e9rfanos acogidos<\/h3><\/div><\/div><\/div><\/div><\/div><\/div><\/section>\n\n\n\n<div id=\"section-gd3007b\" class=\"wp-block-gutentor-e2 section-gd3007b gutentor-element gutentor-element-button button-align-left-desktop button-align-left-tablet button-align-left-mobile\"><span class=\"gutentor-button-wrap\"><a class=\"gutentor-button gutentor-block-button gutentor-icon-hide\" href=\"https:\/\/buildafuture.es\/euskera\/proyectos\/\" target=\"_blank\" rel=\"noopener noreferrer\"><i class=\"gutentor-button-icon fas fa-book\"><\/i><span>Saber m\u00e1s<\/span><\/a><\/span><\/div>\n<\/div><\/div>\n<\/div><\/div><\/section>\n\n\n\n<section id=\"gmf790f07\" class=\"wp-block-gutentor-m4 section-gmf790f07 gutentor-module gutentor-advanced-columns has-image-bg has-custom-bg has-gutentor-overlay\"><div class=\"grid-container\"><div class=\"grid-row\">\n<div id=\"col-gm0a72cf\" class=\"wp-block-gutentor-m4-col col-gm0a72cf gutentor-single-column  grid-lg-12 grid-md-12 grid-12 gutentor-rm-col-space-d gutentor-rm-col-space-t gutentor-rm-col-space\"><div id=\"section-gm0a72cf\" class=\"section-gm0a72cf gutentor-col-wrap\">\n<div id=\"section-ge3d339\" class=\"wp-block-gutentor-e1 section-ge3d339 gutentor-element gutentor-element-advanced-text text-align-center-desktop text-align-center-tablet text-align-center-mobile\"><div class=\"gutentor-text-wrap\"><h2 class=\"gutentor-text\">Colabora con nuestros proyectos   <\/h2><\/div><\/div>\n\n\n\n<div id=\"section-gcf2380\" class=\"wp-block-gutentor-e1 section-gcf2380 gutentor-element gutentor-element-advanced-text text-align-center-desktop text-align-center-tablet text-align-center-mobile\"><div class=\"gutentor-text-wrap\"><p class=\"gutentor-text\"> <meta charset=\"utf-8\">Con vuestras donaciones est\u00e1is ayudando a llevar a cabo un proyecto de empoderamiento de la mujer, educaci\u00f3n infantil y desarrollo comunitario en Uganda. \u00a1Cada donaci\u00f3n cuenta!<\/p><\/div><\/div>\n\n\n\n<div id=\"section-g69d905\" class=\"wp-block-gutentor-e2 section-g69d905 gutentor-element gutentor-element-button button-align-center-desktop button-align-center-tablet button-align-center-mobile\"><span class=\"gutentor-button-wrap\"><a class=\"gutentor-button gutentor-block-button gutentor-icon-hide\" href=\"https:\/\/buildafuture.es\/euskera\/quieres-ayudar\/\"><i class=\"gutentor-button-icon fas fa-book\"><\/i><span>\u00a1Quiero colaborar!<\/span><\/a><\/span><\/div>\n<\/div><\/div>\n<\/div><\/div><\/section>","protected":false},"excerpt":{"rendered":"","protected":false},"author":1,"featured_media":0,"parent":0,"menu_order":0,"comment_status":"closed","ping_status":"closed","template":"template-gutentor-full-width.php","meta":{"give_campaign_id":0,"footnotes":""},"class_list":["post-83","page","type-page","status-publish","hentry"],"yoast_head":"<!-- This site is optimized with the Yoast SEO plugin v26.4 - https:\/\/yoast.com\/wordpress\/plugins\/seo\/ -->\n<title>Home - Build a future<\/title>\n<meta name=\"description\" content=\"Build a future - Education projects in Uganda - Somos una ONG para la promoci\u00f3n de proyectos educativos y de desarrollo comunitario en Uganda.\" \/>\n<meta name=\"robots\" content=\"index, follow, max-snippet:-1, max-image-preview:large, max-video-preview:-1\" \/>\n<link rel=\"canonical\" href=\"https:\/\/buildafuture.es\/euskera\/\" \/>\n<meta property=\"og:locale\" content=\"en_US\" \/>\n<meta property=\"og:type\" content=\"article\" \/>\n<meta property=\"og:title\" content=\"Home - Build a future\" \/>\n<meta property=\"og:description\" content=\"Build a future - Education projects in Uganda - Somos una ONG para la promoci\u00f3n de proyectos educativos y de desarrollo comunitario en Uganda.\" \/>\n<meta property=\"og:url\" content=\"https:\/\/buildafuture.es\/euskera\/\" \/>\n<meta property=\"og:site_name\" content=\"Build a future\" \/>\n<meta property=\"article:modified_time\" content=\"2024-03-29T10:15:14+00:00\" \/>\n<meta property=\"og:image\" content=\"https:\/\/buildafuture.es\/wp-content\/uploads\/2023\/09\/IMG20230801095210-scaled.jpg\" \/>\n<meta name=\"twitter:card\" content=\"summary_large_image\" \/>\n<meta name=\"twitter:label1\" content=\"Est. reading time\" \/>\n\t<meta name=\"twitter:data1\" content=\"2 minutua\" \/>\n<script type=\"application\/ld+json\" class=\"yoast-schema-graph\">{\"@context\":\"https:\/\/schema.org\",\"@graph\":[{\"@type\":\"WebPage\",\"@id\":\"https:\/\/buildafuture.es\/\",\"url\":\"https:\/\/buildafuture.es\/\",\"name\":\"Home - Build a future\",\"isPartOf\":{\"@id\":\"https:\/\/buildafuture.es\/#website\"},\"primaryImageOfPage\":{\"@id\":\"https:\/\/buildafuture.es\/#primaryimage\"},\"image\":{\"@id\":\"https:\/\/buildafuture.es\/#primaryimage\"},\"thumbnailUrl\":\"https:\/\/buildafuture.es\/wp-content\/uploads\/2023\/09\/IMG20230801095210-scaled.jpg\",\"datePublished\":\"2020-06-08T09:19:23+00:00\",\"dateModified\":\"2024-03-29T10:15:14+00:00\",\"description\":\"Build a future - Education projects in Uganda - Somos una ONG para la promoci\u00f3n de proyectos educativos y de desarrollo comunitario en Uganda.\",\"breadcrumb\":{\"@id\":\"https:\/\/buildafuture.es\/#breadcrumb\"},\"inLanguage\":\"eu\",\"potentialAction\":[{\"@type\":\"ReadAction\",\"target\":[\"https:\/\/buildafuture.es\/\"]}]},{\"@type\":\"ImageObject\",\"inLanguage\":\"eu\",\"@id\":\"https:\/\/buildafuture.es\/#primaryimage\",\"url\":\"https:\/\/buildafuture.es\/wp-content\/uploads\/2023\/09\/IMG20230801095210-scaled.jpg\",\"contentUrl\":\"https:\/\/buildafuture.es\/wp-content\/uploads\/2023\/09\/IMG20230801095210-scaled.jpg\"},{\"@type\":\"BreadcrumbList\",\"@id\":\"https:\/\/buildafuture.es\/#breadcrumb\",\"itemListElement\":[{\"@type\":\"ListItem\",\"position\":1,\"name\":\"Portada\",\"item\":\"https:\/\/buildafuture.es\/\"},{\"@type\":\"ListItem\",\"position\":2,\"name\":\"Home\"}]},{\"@type\":\"WebSite\",\"@id\":\"https:\/\/buildafuture.es\/#website\",\"url\":\"https:\/\/buildafuture.es\/\",\"name\":\"Build a future\",\"description\":\"Education projects in Uganda\",\"publisher\":{\"@id\":\"https:\/\/buildafuture.es\/#organization\"},\"potentialAction\":[{\"@type\":\"SearchAction\",\"target\":{\"@type\":\"EntryPoint\",\"urlTemplate\":\"https:\/\/buildafuture.es\/?s={search_term_string}\"},\"query-input\":{\"@type\":\"PropertyValueSpecification\",\"valueRequired\":true,\"valueName\":\"search_term_string\"}}],\"inLanguage\":\"eu\"},{\"@type\":\"Organization\",\"@id\":\"https:\/\/buildafuture.es\/#organization\",\"name\":\"Build a future\",\"url\":\"https:\/\/buildafuture.es\/\",\"logo\":{\"@type\":\"ImageObject\",\"inLanguage\":\"eu\",\"@id\":\"https:\/\/buildafuture.es\/#\/schema\/logo\/image\/\",\"url\":\"https:\/\/buildafuture.es\/wp-content\/uploads\/2021\/11\/cropped-cropped-BaF-logo-horizontal-2.png\",\"contentUrl\":\"https:\/\/buildafuture.es\/wp-content\/uploads\/2021\/11\/cropped-cropped-BaF-logo-horizontal-2.png\",\"width\":355,\"height\":117,\"caption\":\"Build a future\"},\"image\":{\"@id\":\"https:\/\/buildafuture.es\/#\/schema\/logo\/image\/\"}}]}<\/script>\n<!-- \/ Yoast SEO plugin. -->","yoast_head_json":{"title":"Home - Build a future","description":"Build a future - Education projects in Uganda - Somos una ONG para la promoci\u00f3n de proyectos educativos y de desarrollo comunitario en Uganda.","robots":{"index":"index","follow":"follow","max-snippet":"max-snippet:-1","max-image-preview":"max-image-preview:large","max-video-preview":"max-video-preview:-1"},"canonical":"https:\/\/buildafuture.es\/euskera\/","og_locale":"en_US","og_type":"article","og_title":"Home - Build a future","og_description":"Build a future - Education projects in Uganda - Somos una ONG para la promoci\u00f3n de proyectos educativos y de desarrollo comunitario en Uganda.","og_url":"https:\/\/buildafuture.es\/euskera\/","og_site_name":"Build a future","article_modified_time":"2024-03-29T10:15:14+00:00","og_image":[{"url":"https:\/\/buildafuture.es\/wp-content\/uploads\/2023\/09\/IMG20230801095210-scaled.jpg","type":"","width":"","height":""}],"twitter_card":"summary_large_image","twitter_misc":{"Est. reading time":"2 minutua"},"schema":{"@context":"https:\/\/schema.org","@graph":[{"@type":"WebPage","@id":"https:\/\/buildafuture.es\/","url":"https:\/\/buildafuture.es\/","name":"Home - Build a future","isPartOf":{"@id":"https:\/\/buildafuture.es\/#website"},"primaryImageOfPage":{"@id":"https:\/\/buildafuture.es\/#primaryimage"},"image":{"@id":"https:\/\/buildafuture.es\/#primaryimage"},"thumbnailUrl":"https:\/\/buildafuture.es\/wp-content\/uploads\/2023\/09\/IMG20230801095210-scaled.jpg","datePublished":"2020-06-08T09:19:23+00:00","dateModified":"2024-03-29T10:15:14+00:00","description":"Build a future - Education projects in Uganda - Somos una ONG para la promoci\u00f3n de proyectos educativos y de desarrollo comunitario en Uganda.","breadcrumb":{"@id":"https:\/\/buildafuture.es\/#breadcrumb"},"inLanguage":"eu","potentialAction":[{"@type":"ReadAction","target":["https:\/\/buildafuture.es\/"]}]},{"@type":"ImageObject","inLanguage":"eu","@id":"https:\/\/buildafuture.es\/#primaryimage","url":"https:\/\/buildafuture.es\/wp-content\/uploads\/2023\/09\/IMG20230801095210-scaled.jpg","contentUrl":"https:\/\/buildafuture.es\/wp-content\/uploads\/2023\/09\/IMG20230801095210-scaled.jpg"},{"@type":"BreadcrumbList","@id":"https:\/\/buildafuture.es\/#breadcrumb","itemListElement":[{"@type":"ListItem","position":1,"name":"Portada","item":"https:\/\/buildafuture.es\/"},{"@type":"ListItem","position":2,"name":"Home"}]},{"@type":"WebSite","@id":"https:\/\/buildafuture.es\/#website","url":"https:\/\/buildafuture.es\/","name":"Build a future","description":"Education projects in Uganda","publisher":{"@id":"https:\/\/buildafuture.es\/#organization"},"potentialAction":[{"@type":"SearchAction","target":{"@type":"EntryPoint","urlTemplate":"https:\/\/buildafuture.es\/?s={search_term_string}"},"query-input":{"@type":"PropertyValueSpecification","valueRequired":true,"valueName":"search_term_string"}}],"inLanguage":"eu"},{"@type":"Organization","@id":"https:\/\/buildafuture.es\/#organization","name":"Build a future","url":"https:\/\/buildafuture.es\/","logo":{"@type":"ImageObject","inLanguage":"eu","@id":"https:\/\/buildafuture.es\/#\/schema\/logo\/image\/","url":"https:\/\/buildafuture.es\/wp-content\/uploads\/2021\/11\/cropped-cropped-BaF-logo-horizontal-2.png","contentUrl":"https:\/\/buildafuture.es\/wp-content\/uploads\/2021\/11\/cropped-cropped-BaF-logo-horizontal-2.png","width":355,"height":117,"caption":"Build a future"},"image":{"@id":"https:\/\/buildafuture.es\/#\/schema\/logo\/image\/"}}]}},"campaignId":"","jetpack_sharing_enabled":true,"_links":{"self":[{"href":"https:\/\/buildafuture.es\/euskera\/wp-json\/wp\/v2\/pages\/83","targetHints":{"allow":["GET"]}}],"collection":[{"href":"https:\/\/buildafuture.es\/euskera\/wp-json\/wp\/v2\/pages"}],"about":[{"href":"https:\/\/buildafuture.es\/euskera\/wp-json\/wp\/v2\/types\/page"}],"author":[{"embeddable":true,"href":"https:\/\/buildafuture.es\/euskera\/wp-json\/wp\/v2\/users\/1"}],"replies":[{"embeddable":true,"href":"https:\/\/buildafuture.es\/euskera\/wp-json\/wp\/v2\/comments?post=83"}],"version-history":[{"count":90,"href":"https:\/\/buildafuture.es\/euskera\/wp-json\/wp\/v2\/pages\/83\/revisions"}],"predecessor-version":[{"id":2797,"href":"https:\/\/buildafuture.es\/euskera\/wp-json\/wp\/v2\/pages\/83\/revisions\/2797"}],"wp:attachment":[{"href":"https:\/\/buildafuture.es\/euskera\/wp-json\/wp\/v2\/media?parent=83"}],"curies":[{"name":"wp","href":"https:\/\/api.w.org\/{rel}","templated":true}]}}