{"id":81,"date":"2020-06-08T09:26:54","date_gmt":"2020-06-08T09:26:54","guid":{"rendered":"https:\/\/demo.keonthemes.com\/gutener\/demo9\/?page_id=30"},"modified":"2022-10-07T06:34:16","modified_gmt":"2022-10-07T06:34:16","slug":"proyectos","status":"publish","type":"page","link":"https:\/\/buildafuture.es\/euskera\/proyectos\/","title":{"rendered":"Proyectos"},"content":{"rendered":"<section id=\"section-b6005b95-2777-4a30-89af-cf1bfd2fed30\" class=\"wp-block-gutentor-image-slider gutentor-section gutentor-image-slider imageSlider-template1\"><div class=\"gutentor-grid-item-wrap\"><div class=\"gutentor-slider-wrapper\" data-dots=\"false\" data-arrows=\"true\" data-infinite=\"false\" data-nextarrow=\"fas fa-angle-right\" data-prevarrow=\"fas fa-angle-left\" data-autoplay=\"true\" data-autoplayspeed=\"2000\" data-fade=\"false\" data-speed=\"1400\"><div class=\"gutentor-slider-item\"><div class=\"gutentor-single-item gutentor-single-item-0\"><div class=\"gutentor-single-item-wrap\"><div class=\"gutentor-single-item-image-box\"><div class=\"gutentor-bg-image\"><div class=\"overlay\"><\/div><\/div><\/div><div class=\"gutentor-single-item-content\"><div class=\"grid-container\"><div class=\"slider-caption text-left\"><h3 class=\"gutentor-single-item-title\">Equinox Junior School<\/h3><p class=\"gutentor-single-item-desc\">Equinox Junior School es una escuela-orfanato fundada en 2018. Se trata de una escuela de educaci\u00f3n primaria situada en Naluvule, perteneciente al distrito de Wakiso, Uganda.<\/p><\/div><\/div><\/div><\/div><\/div><\/div><\/div><\/div><\/section>\n\n\n\n<section id=\"gmdcba8ec\" class=\"wp-block-gutentor-m4 section-gmdcba8ec gutentor-module gutentor-advanced-columns gutentor-equal-column-height\"><div class=\"grid-container\"><div class=\"grid-row\">\n<div id=\"col-gm05027b\" class=\"wp-block-gutentor-m4-col col-gm05027b gutentor-single-column  grid-lg-5 grid-md-12 grid-12\"><div id=\"section-gm05027b\" class=\"section-gm05027b gutentor-col-wrap\">\n<div class=\"wp-block-group\"><div class=\"wp-block-group__inner-container is-layout-flow wp-block-group-is-layout-flow\">\n<iframe src=\"https:\/\/www.google.com\/maps\/embed?pb=!1m14!1m8!1m3!1d15958.90290676798!2d32.5040984!3d0.3903485!3m2!1i1024!2i768!4f13.1!3m3!1m2!1s0x0%3A0xbe8de61d78eca45b!2sEquinox%20junior%20school!5e0!3m2!1ses!2ses!4v1641571684158!5m2!1ses!2ses\" width=\"600\" height=\"450\" style=\"border:0;\" allowfullscreen=\"\" loading=\"lazy\"><\/iframe>\n<\/div><\/div>\n<\/div><\/div>\n\n\n\n<div id=\"col-gm0b0af4\" class=\"wp-block-gutentor-m4-col col-gm0b0af4 gutentor-single-column  grid-lg-7 grid-md-12 grid-12\"><div id=\"section-gm0b0af4\" class=\"section-gm0b0af4 gutentor-col-wrap\">\n<div id=\"section-g292f57\" class=\"wp-block-gutentor-e1 section-g292f57 gutentor-element gutentor-element-advanced-text\"><div class=\"gutentor-text-wrap\"><p class=\"gutentor-text\">Situaci\u00f3n actual de la escuela-orfanato<\/p><\/div><\/div>\n\n\n\n<div id=\"section-ga458cb\" class=\"wp-block-gutentor-e1 section-ga458cb gutentor-element gutentor-element-advanced-text text-align-left-desktop text-align-left-tablet text-align-left-mobile\"><div class=\"gutentor-text-wrap\"><p class=\"gutentor-text\">Equinox Junior School est\u00e1 compuesta por <strong>81 alumn@s,<\/strong> de los cuales <strong>32 son hu\u00e9rfanos.<\/strong><br>Actualmente se encuentra en una situaci\u00f3n muy precaria tanto a nivel sanitario como educativo. Carecen de servicios b\u00e1sicos para sus necesidades o unas m\u00ednimas instalaciones para poder cocinar para los\/as ni\u00f1os\/as.<br><br>En cuanto a recursos educativos, no tienen capacidad para proveer material did\u00e1ctico a los\/as ni\u00f1os\/as (libros, material de escritura, etc.), lo que hace muy complejo el aprendizaje.<br><br>Adem\u00e1s, hay que resaltar el hecho de que debido a la pandemia, las escuelas han estado cerradas dos cursos lectivos completos. Por lo tanto, el da\u00f1o que este cierre va a generar en la educaci\u00f3n de las pr\u00f3ximas generaciones es inimaginable.<\/p><\/div><\/div>\n\n\n\n<div id=\"section-g4d443f\" class=\"wp-block-gutentor-e2 section-g4d443f gutentor-element gutentor-element-button button-align-left-desktop button-align-left-tablet button-align-left-mobile\"><span class=\"gutentor-button-wrap\"><a class=\"gutentor-button gutentor-block-button gutentor-icon-hide\" href=\"https:\/\/buildafuture.es\/euskera\/donacion-puntual\/\"><i class=\"gutentor-button-icon fas fa-book\"><\/i><span>\u00a1Dona ahora!<\/span><\/a><\/span><\/div>\n<\/div><\/div>\n<\/div><\/div><\/section>\n\n\n\n<section id=\"section-0b2ec4fa-9c49-4a63-83b0-afd52adb4494\" class=\"wp-block-gutentor-content-box gutentor-section gutentor-content-box-wrapper content-template1\"><div class=\"grid-container\"><div class=\"gutentor-block-header\"><div class=\"gutentor-section-title text-left\"><h2 class=\"gutentor-title\">El primer proyecto que vamos a promover consta de 2 fases<\/h2><\/div><\/div><div class=\"grid-row gutentor-grid-item-wrap\"><div class=\"gutentor-grid-column grid-lg-6 grid-md-4 grid-12\"><div class=\"gutentor-single-item gutentor-single-item-0\"><div class=\"gutentor-single-item-wrap\"><div class=\"gutentor-single-item-content\"><h4 class=\"gutentor-single-item-title\">1\u00aa Fase<\/h4><p class=\"gutentor-single-item-desc\"><strong>Duraci\u00f3n estimada = 1-2 a\u00f1os. <br><\/strong>En esta fase se tratar\u00e1 de:<br><strong>A) <\/strong>Mejorar las condiciones higi\u00e9nicas y educativas de la escuela a corto plazo mediante la reforma de las instalaciones.<br>La renovaci\u00f3n\/reforma de las instalaciones de la escuela consta de:<br><strong>\u00b7\u00a0\u00a0\u00a0 <\/strong>Reforma de ba\u00f1os<br><meta charset=\"utf-8\"><strong>\u00b7\u00a0\u00a0\u00a0 <\/strong>Construcci\u00f3n de cocina<br><meta charset=\"utf-8\"><strong>\u00b7\u00a0\u00a0\u00a0 <\/strong>Compra de literas<br><meta charset=\"utf-8\"><strong>\u00b7\u00a0\u00a0\u00a0 <\/strong>Reforma de aulas<br><meta charset=\"utf-8\"><strong>\u00b7\u00a0\u00a0\u00a0 <\/strong>Adquisici\u00f3n de material escolar<br><meta charset=\"utf-8\"><strong>\u00b7\u00a0\u00a0\u00a0 <\/strong>Abastecimiento de agua potable<br><meta charset=\"utf-8\"><strong>\u00b7\u00a0\u00a0\u00a0 <\/strong>Abastecimiento de luz<br><br><strong>B) <\/strong>Aumentar la tasa de escolarizaci\u00f3n de los\/as ni\u00f1os\/as hu\u00e9rfanos\/as mediante la implementaci\u00f3n de un programa de becas.<\/p><\/div><\/div><\/div><\/div><div class=\"gutentor-grid-column grid-lg-6 grid-md-4 grid-12\"><div class=\"gutentor-single-item gutentor-single-item-1\"><div class=\"gutentor-single-item-wrap\"><div class=\"gutentor-single-item-content\"><h4 class=\"gutentor-single-item-title\">2\u00aa Fase<\/h4><p class=\"gutentor-single-item-desc\"><strong>Duraci\u00f3n estimada = 3 a\u00f1os.<br><\/strong>En esta segunda fase se pretende impulsar el empoderamiento de la mujer y el desarrollo humano sostenible de las comunidades locales. <br><br>Se realizar\u00e1n las siguientes actividades:<br><meta charset=\"utf-8\"><strong>\u00b7\u00a0\u00a0\u00a0 <\/strong>Promover el desarrollo comunitario de forma sostenible dot\u00e1ndoles de los recursos necesarios para iniciar tareas de agricultura y ganader\u00eda. Dichas tareas tienen un doble objetivo: servir como fuente de ingresos y manutenci\u00f3n y desarrollo de capacidades (formaci\u00f3n a nivel personal y laboral).<br><meta charset=\"utf-8\"><strong>\u00b7\u00a0\u00a0\u00a0 <\/strong>Creaci\u00f3n de talleres para adquirir conocimientos y capacidades que permita a las mujeres obtener una capacitaci\u00f3n e independencia.<br>El objetivo \u00faltimo de estas actividades es ayudarles a obtener la autosuficiencia o al menos, reducir al m\u00ednimo la dependencia de ayudas econ\u00f3micas externas.<\/p><\/div><\/div><\/div><\/div><\/div><\/div><\/section>\n\n\n\n<figure class=\"wp-block-gallery has-nested-images columns-default is-cropped wp-block-gallery-1 is-layout-flex wp-block-gallery-is-layout-flex\">\n<figure class=\"wp-block-image size-large\"><img loading=\"lazy\" decoding=\"async\" width=\"335\" height=\"344\" data-id=\"559\" src=\"https:\/\/buildafuture.es\/wp-content\/uploads\/2022\/01\/IKER.jpg\" alt=\"\" class=\"wp-image-559\" srcset=\"https:\/\/buildafuture.es\/wp-content\/uploads\/2022\/01\/IKER.jpg 335w, https:\/\/buildafuture.es\/wp-content\/uploads\/2022\/01\/IKER-292x300.jpg 292w\" sizes=\"auto, (max-width: 335px) 100vw, 335px\" \/><\/figure>\n\n\n\n<figure class=\"wp-block-image size-large is-style-default\"><img loading=\"lazy\" decoding=\"async\" width=\"700\" height=\"394\" data-id=\"968\" src=\"https:\/\/buildafuture.es\/wp-content\/uploads\/2022\/02\/agosto-700x394.jpg\" alt=\"\" class=\"wp-image-968\" srcset=\"https:\/\/buildafuture.es\/wp-content\/uploads\/2022\/02\/agosto-700x394.jpg 700w, https:\/\/buildafuture.es\/wp-content\/uploads\/2022\/02\/agosto-scaled-600x338.jpg 600w, https:\/\/buildafuture.es\/wp-content\/uploads\/2022\/02\/agosto-300x169.jpg 300w, https:\/\/buildafuture.es\/wp-content\/uploads\/2022\/02\/agosto-768x432.jpg 768w, https:\/\/buildafuture.es\/wp-content\/uploads\/2022\/02\/agosto-1536x864.jpg 1536w, https:\/\/buildafuture.es\/wp-content\/uploads\/2022\/02\/agosto-2048x1152.jpg 2048w\" sizes=\"auto, (max-width: 700px) 100vw, 700px\" \/><\/figure>\n\n\n\n<figure class=\"wp-block-image size-large\"><img loading=\"lazy\" decoding=\"async\" width=\"700\" height=\"394\" data-id=\"966\" src=\"https:\/\/buildafuture.es\/wp-content\/uploads\/2022\/02\/DSCF5601-700x394.jpg\" alt=\"\" class=\"wp-image-966\" srcset=\"https:\/\/buildafuture.es\/wp-content\/uploads\/2022\/02\/DSCF5601-700x394.jpg 700w, https:\/\/buildafuture.es\/wp-content\/uploads\/2022\/02\/DSCF5601-scaled-600x338.jpg 600w, https:\/\/buildafuture.es\/wp-content\/uploads\/2022\/02\/DSCF5601-300x169.jpg 300w, https:\/\/buildafuture.es\/wp-content\/uploads\/2022\/02\/DSCF5601-768x432.jpg 768w, https:\/\/buildafuture.es\/wp-content\/uploads\/2022\/02\/DSCF5601-1536x864.jpg 1536w, https:\/\/buildafuture.es\/wp-content\/uploads\/2022\/02\/DSCF5601-2048x1152.jpg 2048w\" sizes=\"auto, (max-width: 700px) 100vw, 700px\" \/><\/figure>\n\n\n\n<figure class=\"wp-block-image size-large\"><img loading=\"lazy\" decoding=\"async\" width=\"2560\" height=\"1672\" data-id=\"961\" src=\"https:\/\/buildafuture.es\/wp-content\/uploads\/2022\/02\/DSCF5470-2-scaled.jpg\" alt=\"\" class=\"wp-image-961\" srcset=\"https:\/\/buildafuture.es\/wp-content\/uploads\/2022\/02\/DSCF5470-2-scaled.jpg 2560w, https:\/\/buildafuture.es\/wp-content\/uploads\/2022\/02\/DSCF5470-2-scaled-600x392.jpg 600w, https:\/\/buildafuture.es\/wp-content\/uploads\/2022\/02\/DSCF5470-2-300x196.jpg 300w, https:\/\/buildafuture.es\/wp-content\/uploads\/2022\/02\/DSCF5470-2-700x457.jpg 700w, https:\/\/buildafuture.es\/wp-content\/uploads\/2022\/02\/DSCF5470-2-768x502.jpg 768w, https:\/\/buildafuture.es\/wp-content\/uploads\/2022\/02\/DSCF5470-2-1536x1003.jpg 1536w, https:\/\/buildafuture.es\/wp-content\/uploads\/2022\/02\/DSCF5470-2-2048x1338.jpg 2048w\" sizes=\"auto, (max-width: 2560px) 100vw, 2560px\" \/><\/figure>\n\n\n\n<figure class=\"wp-block-image size-large\"><img loading=\"lazy\" decoding=\"async\" width=\"2560\" height=\"1440\" data-id=\"957\" src=\"https:\/\/buildafuture.es\/wp-content\/uploads\/2022\/02\/DSCF5429-scaled.jpg\" alt=\"\" class=\"wp-image-957\" srcset=\"https:\/\/buildafuture.es\/wp-content\/uploads\/2022\/02\/DSCF5429-scaled.jpg 2560w, https:\/\/buildafuture.es\/wp-content\/uploads\/2022\/02\/DSCF5429-scaled-600x338.jpg 600w, https:\/\/buildafuture.es\/wp-content\/uploads\/2022\/02\/DSCF5429-300x169.jpg 300w, https:\/\/buildafuture.es\/wp-content\/uploads\/2022\/02\/DSCF5429-700x394.jpg 700w, https:\/\/buildafuture.es\/wp-content\/uploads\/2022\/02\/DSCF5429-768x432.jpg 768w, https:\/\/buildafuture.es\/wp-content\/uploads\/2022\/02\/DSCF5429-1536x864.jpg 1536w, https:\/\/buildafuture.es\/wp-content\/uploads\/2022\/02\/DSCF5429-2048x1152.jpg 2048w\" sizes=\"auto, (max-width: 2560px) 100vw, 2560px\" \/><\/figure>\n\n\n\n<figure class=\"wp-block-image size-large\"><img loading=\"lazy\" decoding=\"async\" width=\"2560\" height=\"1693\" data-id=\"963\" src=\"https:\/\/buildafuture.es\/wp-content\/uploads\/2022\/02\/DSCF5506-2-scaled.jpg\" alt=\"\" class=\"wp-image-963\" srcset=\"https:\/\/buildafuture.es\/wp-content\/uploads\/2022\/02\/DSCF5506-2-scaled.jpg 2560w, https:\/\/buildafuture.es\/wp-content\/uploads\/2022\/02\/DSCF5506-2-scaled-600x397.jpg 600w, https:\/\/buildafuture.es\/wp-content\/uploads\/2022\/02\/DSCF5506-2-300x198.jpg 300w, https:\/\/buildafuture.es\/wp-content\/uploads\/2022\/02\/DSCF5506-2-700x463.jpg 700w, https:\/\/buildafuture.es\/wp-content\/uploads\/2022\/02\/DSCF5506-2-768x508.jpg 768w, https:\/\/buildafuture.es\/wp-content\/uploads\/2022\/02\/DSCF5506-2-1536x1016.jpg 1536w, https:\/\/buildafuture.es\/wp-content\/uploads\/2022\/02\/DSCF5506-2-2048x1355.jpg 2048w\" sizes=\"auto, (max-width: 2560px) 100vw, 2560px\" \/><\/figure>\n\n\n\n<figure class=\"wp-block-image size-large\"><img loading=\"lazy\" decoding=\"async\" width=\"2560\" height=\"1440\" data-id=\"964\" src=\"https:\/\/buildafuture.es\/wp-content\/uploads\/2022\/02\/DSCF5552-scaled.jpg\" alt=\"\" class=\"wp-image-964\" srcset=\"https:\/\/buildafuture.es\/wp-content\/uploads\/2022\/02\/DSCF5552-scaled.jpg 2560w, https:\/\/buildafuture.es\/wp-content\/uploads\/2022\/02\/DSCF5552-scaled-600x338.jpg 600w, https:\/\/buildafuture.es\/wp-content\/uploads\/2022\/02\/DSCF5552-300x169.jpg 300w, https:\/\/buildafuture.es\/wp-content\/uploads\/2022\/02\/DSCF5552-700x394.jpg 700w, https:\/\/buildafuture.es\/wp-content\/uploads\/2022\/02\/DSCF5552-768x432.jpg 768w, https:\/\/buildafuture.es\/wp-content\/uploads\/2022\/02\/DSCF5552-1536x864.jpg 1536w, https:\/\/buildafuture.es\/wp-content\/uploads\/2022\/02\/DSCF5552-2048x1152.jpg 2048w\" sizes=\"auto, (max-width: 2560px) 100vw, 2560px\" \/><\/figure>\n\n\n\n<figure class=\"wp-block-image size-large\"><img loading=\"lazy\" decoding=\"async\" width=\"1610\" height=\"813\" data-id=\"149\" src=\"https:\/\/buildafuture.es\/wp-content\/uploads\/2021\/11\/Build-a-future-desarrollo-uganda-e1637856086516.png\" alt=\"\" class=\"wp-image-149\" srcset=\"https:\/\/buildafuture.es\/wp-content\/uploads\/2021\/11\/Build-a-future-desarrollo-uganda-e1637856086516.png 1610w, https:\/\/buildafuture.es\/wp-content\/uploads\/2021\/11\/Build-a-future-desarrollo-uganda-e1637856086516-600x303.png 600w, https:\/\/buildafuture.es\/wp-content\/uploads\/2021\/11\/Build-a-future-desarrollo-uganda-e1637856086516-300x151.png 300w, https:\/\/buildafuture.es\/wp-content\/uploads\/2021\/11\/Build-a-future-desarrollo-uganda-e1637856086516-700x353.png 700w, https:\/\/buildafuture.es\/wp-content\/uploads\/2021\/11\/Build-a-future-desarrollo-uganda-e1637856086516-768x388.png 768w, https:\/\/buildafuture.es\/wp-content\/uploads\/2021\/11\/Build-a-future-desarrollo-uganda-e1637856086516-1536x776.png 1536w\" sizes=\"auto, (max-width: 1610px) 100vw, 1610px\" \/><\/figure>\n\n\n\n<figure class=\"wp-block-image size-large\"><img loading=\"lazy\" decoding=\"async\" width=\"700\" height=\"525\" data-id=\"1000\" src=\"https:\/\/buildafuture.es\/wp-content\/uploads\/2022\/02\/thumbnail_IMG-20220128-WA0002-700x525.jpg\" alt=\"\" class=\"wp-image-1000\" srcset=\"https:\/\/buildafuture.es\/wp-content\/uploads\/2022\/02\/thumbnail_IMG-20220128-WA0002-700x525.jpg 700w, https:\/\/buildafuture.es\/wp-content\/uploads\/2022\/02\/thumbnail_IMG-20220128-WA0002-600x450.jpg 600w, https:\/\/buildafuture.es\/wp-content\/uploads\/2022\/02\/thumbnail_IMG-20220128-WA0002-300x225.jpg 300w, https:\/\/buildafuture.es\/wp-content\/uploads\/2022\/02\/thumbnail_IMG-20220128-WA0002-768x576.jpg 768w, https:\/\/buildafuture.es\/wp-content\/uploads\/2022\/02\/thumbnail_IMG-20220128-WA0002-80x60.jpg 80w, https:\/\/buildafuture.es\/wp-content\/uploads\/2022\/02\/thumbnail_IMG-20220128-WA0002.jpg 1080w\" sizes=\"auto, (max-width: 700px) 100vw, 700px\" \/><\/figure>\n<\/figure>\n\n\n\n\n\n<p><\/p>","protected":false},"excerpt":{"rendered":"","protected":false},"author":1,"featured_media":0,"parent":0,"menu_order":0,"comment_status":"closed","ping_status":"closed","template":"template-gutentor-full-width.php","meta":{"give_campaign_id":0,"footnotes":""},"class_list":["post-81","page","type-page","status-publish","hentry"],"yoast_head":"<!-- This site is optimized with the Yoast SEO plugin v26.4 - https:\/\/yoast.com\/wordpress\/plugins\/seo\/ -->\n<title>Proyectos - Build a future<\/title>\n<meta name=\"robots\" content=\"index, follow, max-snippet:-1, max-image-preview:large, max-video-preview:-1\" \/>\n<link rel=\"canonical\" href=\"https:\/\/buildafuture.es\/euskera\/proyectos\/\" \/>\n<meta property=\"og:locale\" content=\"en_US\" \/>\n<meta property=\"og:type\" content=\"article\" \/>\n<meta property=\"og:title\" content=\"Proyectos - Build a future\" \/>\n<meta property=\"og:url\" content=\"https:\/\/buildafuture.es\/euskera\/proyectos\/\" \/>\n<meta property=\"og:site_name\" content=\"Build a future\" \/>\n<meta property=\"article:modified_time\" content=\"2022-10-07T06:34:16+00:00\" \/>\n<meta property=\"og:image\" content=\"https:\/\/buildafuture.es\/wp-content\/uploads\/2022\/01\/IKER.jpg\" \/>\n<meta name=\"twitter:card\" content=\"summary_large_image\" \/>\n<meta name=\"twitter:label1\" content=\"Est. reading time\" \/>\n\t<meta name=\"twitter:data1\" content=\"3 minutua\" \/>\n<script type=\"application\/ld+json\" class=\"yoast-schema-graph\">{\"@context\":\"https:\/\/schema.org\",\"@graph\":[{\"@type\":\"WebPage\",\"@id\":\"https:\/\/buildafuture.es\/proyectos\/\",\"url\":\"https:\/\/buildafuture.es\/proyectos\/\",\"name\":\"Proyectos - Build a future\",\"isPartOf\":{\"@id\":\"https:\/\/buildafuture.es\/#website\"},\"primaryImageOfPage\":{\"@id\":\"https:\/\/buildafuture.es\/proyectos\/#primaryimage\"},\"image\":{\"@id\":\"https:\/\/buildafuture.es\/proyectos\/#primaryimage\"},\"thumbnailUrl\":\"https:\/\/buildafuture.es\/wp-content\/uploads\/2022\/01\/IKER.jpg\",\"datePublished\":\"2020-06-08T09:26:54+00:00\",\"dateModified\":\"2022-10-07T06:34:16+00:00\",\"breadcrumb\":{\"@id\":\"https:\/\/buildafuture.es\/proyectos\/#breadcrumb\"},\"inLanguage\":\"eu\",\"potentialAction\":[{\"@type\":\"ReadAction\",\"target\":[\"https:\/\/buildafuture.es\/proyectos\/\"]}]},{\"@type\":\"ImageObject\",\"inLanguage\":\"eu\",\"@id\":\"https:\/\/buildafuture.es\/proyectos\/#primaryimage\",\"url\":\"https:\/\/buildafuture.es\/wp-content\/uploads\/2022\/01\/IKER.jpg\",\"contentUrl\":\"https:\/\/buildafuture.es\/wp-content\/uploads\/2022\/01\/IKER.jpg\"},{\"@type\":\"BreadcrumbList\",\"@id\":\"https:\/\/buildafuture.es\/proyectos\/#breadcrumb\",\"itemListElement\":[{\"@type\":\"ListItem\",\"position\":1,\"name\":\"Portada\",\"item\":\"https:\/\/buildafuture.es\/\"},{\"@type\":\"ListItem\",\"position\":2,\"name\":\"Proyectos\"}]},{\"@type\":\"WebSite\",\"@id\":\"https:\/\/buildafuture.es\/#website\",\"url\":\"https:\/\/buildafuture.es\/\",\"name\":\"Build a future\",\"description\":\"Education projects in Uganda\",\"publisher\":{\"@id\":\"https:\/\/buildafuture.es\/#organization\"},\"potentialAction\":[{\"@type\":\"SearchAction\",\"target\":{\"@type\":\"EntryPoint\",\"urlTemplate\":\"https:\/\/buildafuture.es\/?s={search_term_string}\"},\"query-input\":{\"@type\":\"PropertyValueSpecification\",\"valueRequired\":true,\"valueName\":\"search_term_string\"}}],\"inLanguage\":\"eu\"},{\"@type\":\"Organization\",\"@id\":\"https:\/\/buildafuture.es\/#organization\",\"name\":\"Build a future\",\"url\":\"https:\/\/buildafuture.es\/\",\"logo\":{\"@type\":\"ImageObject\",\"inLanguage\":\"eu\",\"@id\":\"https:\/\/buildafuture.es\/#\/schema\/logo\/image\/\",\"url\":\"https:\/\/buildafuture.es\/wp-content\/uploads\/2021\/11\/cropped-cropped-BaF-logo-horizontal-2.png\",\"contentUrl\":\"https:\/\/buildafuture.es\/wp-content\/uploads\/2021\/11\/cropped-cropped-BaF-logo-horizontal-2.png\",\"width\":355,\"height\":117,\"caption\":\"Build a future\"},\"image\":{\"@id\":\"https:\/\/buildafuture.es\/#\/schema\/logo\/image\/\"}}]}<\/script>\n<!-- \/ Yoast SEO plugin. -->","yoast_head_json":{"title":"Proyectos - Build a future","robots":{"index":"index","follow":"follow","max-snippet":"max-snippet:-1","max-image-preview":"max-image-preview:large","max-video-preview":"max-video-preview:-1"},"canonical":"https:\/\/buildafuture.es\/euskera\/proyectos\/","og_locale":"en_US","og_type":"article","og_title":"Proyectos - Build a future","og_url":"https:\/\/buildafuture.es\/euskera\/proyectos\/","og_site_name":"Build a future","article_modified_time":"2022-10-07T06:34:16+00:00","og_image":[{"url":"https:\/\/buildafuture.es\/wp-content\/uploads\/2022\/01\/IKER.jpg","type":"","width":"","height":""}],"twitter_card":"summary_large_image","twitter_misc":{"Est. reading time":"3 minutua"},"schema":{"@context":"https:\/\/schema.org","@graph":[{"@type":"WebPage","@id":"https:\/\/buildafuture.es\/proyectos\/","url":"https:\/\/buildafuture.es\/proyectos\/","name":"Proyectos - Build a future","isPartOf":{"@id":"https:\/\/buildafuture.es\/#website"},"primaryImageOfPage":{"@id":"https:\/\/buildafuture.es\/proyectos\/#primaryimage"},"image":{"@id":"https:\/\/buildafuture.es\/proyectos\/#primaryimage"},"thumbnailUrl":"https:\/\/buildafuture.es\/wp-content\/uploads\/2022\/01\/IKER.jpg","datePublished":"2020-06-08T09:26:54+00:00","dateModified":"2022-10-07T06:34:16+00:00","breadcrumb":{"@id":"https:\/\/buildafuture.es\/proyectos\/#breadcrumb"},"inLanguage":"eu","potentialAction":[{"@type":"ReadAction","target":["https:\/\/buildafuture.es\/proyectos\/"]}]},{"@type":"ImageObject","inLanguage":"eu","@id":"https:\/\/buildafuture.es\/proyectos\/#primaryimage","url":"https:\/\/buildafuture.es\/wp-content\/uploads\/2022\/01\/IKER.jpg","contentUrl":"https:\/\/buildafuture.es\/wp-content\/uploads\/2022\/01\/IKER.jpg"},{"@type":"BreadcrumbList","@id":"https:\/\/buildafuture.es\/proyectos\/#breadcrumb","itemListElement":[{"@type":"ListItem","position":1,"name":"Portada","item":"https:\/\/buildafuture.es\/"},{"@type":"ListItem","position":2,"name":"Proyectos"}]},{"@type":"WebSite","@id":"https:\/\/buildafuture.es\/#website","url":"https:\/\/buildafuture.es\/","name":"Build a future","description":"Education projects in Uganda","publisher":{"@id":"https:\/\/buildafuture.es\/#organization"},"potentialAction":[{"@type":"SearchAction","target":{"@type":"EntryPoint","urlTemplate":"https:\/\/buildafuture.es\/?s={search_term_string}"},"query-input":{"@type":"PropertyValueSpecification","valueRequired":true,"valueName":"search_term_string"}}],"inLanguage":"eu"},{"@type":"Organization","@id":"https:\/\/buildafuture.es\/#organization","name":"Build a future","url":"https:\/\/buildafuture.es\/","logo":{"@type":"ImageObject","inLanguage":"eu","@id":"https:\/\/buildafuture.es\/#\/schema\/logo\/image\/","url":"https:\/\/buildafuture.es\/wp-content\/uploads\/2021\/11\/cropped-cropped-BaF-logo-horizontal-2.png","contentUrl":"https:\/\/buildafuture.es\/wp-content\/uploads\/2021\/11\/cropped-cropped-BaF-logo-horizontal-2.png","width":355,"height":117,"caption":"Build a future"},"image":{"@id":"https:\/\/buildafuture.es\/#\/schema\/logo\/image\/"}}]}},"campaignId":"","jetpack_sharing_enabled":true,"_links":{"self":[{"href":"https:\/\/buildafuture.es\/euskera\/wp-json\/wp\/v2\/pages\/81","targetHints":{"allow":["GET"]}}],"collection":[{"href":"https:\/\/buildafuture.es\/euskera\/wp-json\/wp\/v2\/pages"}],"about":[{"href":"https:\/\/buildafuture.es\/euskera\/wp-json\/wp\/v2\/types\/page"}],"author":[{"embeddable":true,"href":"https:\/\/buildafuture.es\/euskera\/wp-json\/wp\/v2\/users\/1"}],"replies":[{"embeddable":true,"href":"https:\/\/buildafuture.es\/euskera\/wp-json\/wp\/v2\/comments?post=81"}],"version-history":[{"count":93,"href":"https:\/\/buildafuture.es\/euskera\/wp-json\/wp\/v2\/pages\/81\/revisions"}],"predecessor-version":[{"id":1770,"href":"https:\/\/buildafuture.es\/euskera\/wp-json\/wp\/v2\/pages\/81\/revisions\/1770"}],"wp:attachment":[{"href":"https:\/\/buildafuture.es\/euskera\/wp-json\/wp\/v2\/media?parent=81"}],"curies":[{"name":"wp","href":"https:\/\/api.w.org\/{rel}","templated":true}]}}