{"id":781,"date":"2022-02-03T11:33:53","date_gmt":"2022-02-03T11:33:53","guid":{"rendered":"https:\/\/buildafuture.es\/?page_id=781"},"modified":"2022-02-14T11:33:13","modified_gmt":"2022-02-14T11:33:13","slug":"donacion-puntual","status":"publish","type":"page","link":"https:\/\/buildafuture.es\/euskera\/donacion-puntual\/","title":{"rendered":"Donaci\u00f3n puntual"},"content":{"rendered":"<div class=\"wp-block-group\"><div class=\"wp-block-group__inner-container is-layout-flow wp-block-group-is-layout-flow\"><\/div><\/div>\n\n\n\n<section id=\"section-e7d7a04b-ddb6-4dd7-8c3a-a1c9327784f1\" class=\"wp-block-gutentor-image-slider gutentor-section gutentor-image-slider imageSlider-template1\"><div class=\"gutentor-grid-item-wrap\"><div class=\"gutentor-slider-wrapper\" data-dots=\"false\" data-arrows=\"true\" data-infinite=\"false\" data-nextarrow=\"fas fa-angle-right\" data-prevarrow=\"fas fa-angle-left\" data-autoplay=\"true\" data-autoplayspeed=\"2000\" data-fade=\"false\" data-speed=\"1400\"><div class=\"gutentor-slider-item\"><div class=\"gutentor-single-item gutentor-single-item-0\"><div class=\"gutentor-single-item-wrap\"><div class=\"gutentor-single-item-image-box\"><div class=\"gutentor-bg-image\"><div class=\"overlay\"><\/div><\/div><\/div><div class=\"gutentor-single-item-content\"><div class=\"grid-container\"><div class=\"slider-caption text-left\"><h3 class=\"gutentor-single-item-title\">\u00a1Haznos una donaci\u00f3n!<\/h3><p class=\"gutentor-single-item-desc\">Si quieres aportar tu granito de arena y ayudarnos a seguir desarrollando proyectos, puedes hacer una donaci\u00f3n puntual. Para ello, te ofrecemos las siguientes 3 alternativas.<\/p><\/div><\/div><\/div><\/div><\/div><\/div><\/div><\/div><\/section>\n\n\n\n<section id=\"gm907ffec\" class=\"wp-block-gutentor-m4 section-gm907ffec gutentor-module gutentor-advanced-columns has-color-bg has-custom-bg\"><div class=\"grid-container\"><div class=\"grid-row\">\n<div id=\"col-gme5633b\" class=\"wp-block-gutentor-m4-col col-gme5633b gutentor-single-column  grid-lg-6 grid-md-12 grid-12\"><div id=\"section-gme5633b\" class=\"section-gme5633b gutentor-col-wrap\">\n<div id=\"section-gdf7c21\" class=\"wp-block-gutentor-e5 section-gdf7c21 gutentor-element gutentor-element-icon wow slideInLeft gutentor-icon-default text-align-center-desktop\" data-wow-animation=\"slideInLeft\"><div class=\"gutentor-element-icon-box\"><i class=\"fas fa-hand-holding-heart\"><\/i><\/div><\/div>\n<\/div><\/div>\n\n\n\n<div id=\"col-gm7b2e63\" class=\"wp-block-gutentor-m4-col col-gm7b2e63 gutentor-single-column  grid-lg-6 grid-md-12 grid-12\"><div id=\"section-gm7b2e63\" class=\"section-gm7b2e63 gutentor-col-wrap has-image-bg has-custom-bg\">\n<div id=\"section-g2fb80e\" class=\"wp-block-gutentor-e1 section-g2fb80e gutentor-element gutentor-element-advanced-text text-align-left-desktop text-align-center-tablet text-align-center-mobile\"><div class=\"gutentor-text-wrap\"><h3 class=\"gutentor-text\">\u00a1Haznos una donaci\u00f3n puntual!<\/h3><\/div><\/div>\n\n\n\n<div id=\"section-g2d2c9f\" class=\"wp-block-gutentor-e1 section-g2d2c9f gutentor-element gutentor-element-advanced-text text-align-left-desktop text-align-center-tablet text-align-center-mobile\"><div class=\"gutentor-text-wrap\"><p class=\"gutentor-text\">Puedes realizar un donativo mediante la tarjeta de cr\u00e9dito de la misma manera en la que realizas un pago en cualquier comercio.<\/p><\/div><\/div>\n\n\n\n<div class=\"wp-block-buttons is-layout-flex wp-block-buttons-is-layout-flex\"><\/div>\n\n\n<!-- Begin PayPal Donations by https:\/\/www.tipsandtricks-hq.com\/paypal-donations-widgets-plugin -->\n\n<form action=\"https:\/\/www.paypal.com\/cgi-bin\/webscr\" method=\"post\" target=\"_blank\">\n    <div class=\"paypal-donations\">\n        <input type=\"hidden\" name=\"cmd\" value=\"_donations\" \/>\n        <input type=\"hidden\" name=\"bn\" value=\"TipsandTricks_SP\" \/>\n        <input type=\"hidden\" name=\"business\" value=\"info.buildafuture@gmail.com\" \/>\n        <input type=\"hidden\" name=\"rm\" value=\"0\" \/>\n        <input type=\"hidden\" name=\"currency_code\" value=\"EUR\" \/>\n        <input type=\"hidden\" name=\"lc\" value=\"ES\" \/>\n        <input type=\"image\" style=\"cursor: pointer;\" src=\"https:\/\/buildafuture.es\/wp-content\/uploads\/2022\/02\/boton_donacion.png\" name=\"submit\" alt=\"PayPal - The safer, easier way to pay online.\" \/>\n        <img loading=\"lazy\" decoding=\"async\" alt=\"\" src=\"https:\/\/www.paypalobjects.com\/en_US\/i\/scr\/pixel.gif\" width=\"1\" height=\"1\" \/>\n    <\/div>\n<\/form>\n<!-- End PayPal Donations -->\n\n<\/div><\/div>\n<\/div><\/div><\/section>\n\n\n\n<section id=\"section-758ee184-ac18-48dd-91dc-cfb8ad89cb0b\" class=\"wp-block-gutentor-advanced-columns gutentor-section gutentor-advanced-columns has-color-bg has-custom-bg\"><div class=\"grid-container\"><div class=\"grid-row\">\n<div id=\"section-7b92421d-40e5-47e9-934c-41a1273b1e08\" class=\"wp-block-gutentor-single-column gutentor-single-column  grid-lg-6 grid-md-12 grid-12\">\n<figure class=\"wp-block-image size-thumbnail\"><img loading=\"lazy\" decoding=\"async\" width=\"150\" height=\"150\" src=\"https:\/\/buildafuture.es\/wp-content\/uploads\/2022\/02\/Bizum-ONG-1-150x150.png\" alt=\"\" class=\"wp-image-805\" srcset=\"https:\/\/buildafuture.es\/wp-content\/uploads\/2022\/02\/Bizum-ONG-1-150x150.png 150w, https:\/\/buildafuture.es\/wp-content\/uploads\/2022\/02\/Bizum-ONG-1-300x300.png 300w, https:\/\/buildafuture.es\/wp-content\/uploads\/2022\/02\/Bizum-ONG-1-100x100.png 100w\" sizes=\"auto, (max-width: 150px) 100vw, 150px\" \/><\/figure>\n\n\n\n<div id=\"section-gd85f08\" class=\"wp-block-gutentor-e1 section-gd85f08 gutentor-element gutentor-element-advanced-text text-align-left-desktop text-align-center-tablet text-align-center-mobile\"><div class=\"gutentor-text-wrap\"><h3 class=\"gutentor-text\">\u00a1Haznos un BIZUM!<\/h3><\/div><\/div>\n\n\n\n<div id=\"section-g99c58e\" class=\"wp-block-gutentor-e1 section-g99c58e gutentor-element gutentor-element-advanced-text text-align-left-desktop text-align-center-tablet text-align-center-mobile\"><div class=\"gutentor-text-wrap\"><p class=\"gutentor-text\">Tambi\u00e9n puedes realizar una transferencia instant\u00e1nea desde tu m\u00f3vil con BIZUM. Se realiza de la siguiente manera:<br>1. Entrar en Bizum<br>2. A la hora de seleccionar \u201cenviar dinero\u201d con Bizum, hay una opci\u00f3n que es DONAR.<br>3. En el buscador buscar \u201cBuild a Future\u201d o el c\u00f3digo 04640.<br>4. Elige la cantidad que deseas aportar y haz la donaci\u00f3n.<\/p><\/div><\/div>\n<\/div>\n\n\n\n<div id=\"section-a583f8c7-2b08-4a54-8d9e-999c65cf7834\" class=\"wp-block-gutentor-single-column gutentor-single-column  grid-lg-6 grid-md-12 grid-12\">\n<div id=\"section-g0ef7e6\" class=\"wp-block-gutentor-e1 section-g0ef7e6 gutentor-element gutentor-element-advanced-text text-align-left-desktop text-align-center-tablet text-align-center-mobile\"><div class=\"gutentor-text-wrap\"><p class=\"gutentor-text\">Una vez realizada la aportaci\u00f3n <strong>por favor rellenad el formulario con los datos personales <\/strong>para que os podamos dar las gracias y <strong>para que os podamos enviar un certificado de donaci\u00f3n.<\/strong><\/p><\/div><\/div>\n\n\n\n\n<div class=\"wpcf7 no-js\" id=\"wpcf7-f857-o1\" lang=\"en-US\" dir=\"ltr\" data-wpcf7-id=\"857\">\n<div class=\"screen-reader-response\"><p role=\"status\" aria-live=\"polite\" aria-atomic=\"true\"><\/p> <ul><\/ul><\/div>\n<form action=\"\/euskera\/wp-json\/wp\/v2\/pages\/781#wpcf7-f857-o1\" method=\"post\" class=\"wpcf7-form init\" aria-label=\"Contact form\" novalidate=\"novalidate\" data-status=\"init\" data-trp-original-action=\"\/euskera\/wp-json\/wp\/v2\/pages\/781#wpcf7-f857-o1\">\n<fieldset class=\"hidden-fields-container\"><input type=\"hidden\" name=\"_wpcf7\" value=\"857\" \/><input type=\"hidden\" name=\"_wpcf7_version\" value=\"6.1.4\" \/><input type=\"hidden\" name=\"_wpcf7_locale\" value=\"en_US\" \/><input type=\"hidden\" name=\"_wpcf7_unit_tag\" value=\"wpcf7-f857-o1\" \/><input type=\"hidden\" name=\"_wpcf7_container_post\" value=\"0\" \/><input type=\"hidden\" name=\"_wpcf7_posted_data_hash\" value=\"\" \/>\n<\/fieldset>\n<p><span class=\"wpcf7-form-control-wrap\" data-name=\"text-490\"><input size=\"40\" maxlength=\"400\" class=\"wpcf7-form-control wpcf7-text wpcf7-validates-as-required\" aria-required=\"true\" aria-invalid=\"false\" placeholder=\"Nombre\" value=\"\" type=\"text\" name=\"text-490\" \/><\/span><br \/>\n<span class=\"wpcf7-form-control-wrap\" data-name=\"text-491\"><input size=\"40\" maxlength=\"400\" class=\"wpcf7-form-control wpcf7-text wpcf7-validates-as-required\" aria-required=\"true\" aria-invalid=\"false\" placeholder=\"Apellidos\" value=\"\" type=\"text\" name=\"text-491\" \/><\/span><br \/>\n<span class=\"wpcf7-form-control-wrap\" data-name=\"text-492\"><input size=\"40\" maxlength=\"400\" class=\"wpcf7-form-control wpcf7-text wpcf7-validates-as-required\" aria-required=\"true\" aria-invalid=\"false\" placeholder=\"DNI\" value=\"\" type=\"text\" name=\"text-492\" \/><\/span><br \/>\n<span class=\"wpcf7-form-control-wrap\" data-name=\"text-495\"><input size=\"40\" maxlength=\"400\" class=\"wpcf7-form-control wpcf7-text wpcf7-validates-as-required\" aria-required=\"true\" aria-invalid=\"false\" placeholder=\"Importe donaci\u00f3n\" value=\"\" type=\"text\" name=\"text-495\" \/><\/span><br \/>\n<span class=\"wpcf7-form-control-wrap\" data-name=\"email-385\"><input size=\"40\" maxlength=\"400\" class=\"wpcf7-form-control wpcf7-email wpcf7-validates-as-required wpcf7-text wpcf7-validates-as-email\" aria-required=\"true\" aria-invalid=\"false\" placeholder=\"E-mail\" value=\"\" type=\"email\" name=\"email-385\" \/><\/span><br \/>\n<span class=\"wpcf7-form-control-wrap\" data-name=\"tel-468\"><input size=\"40\" maxlength=\"400\" class=\"wpcf7-form-control wpcf7-tel wpcf7-text wpcf7-validates-as-tel\" aria-invalid=\"false\" placeholder=\"Tel\u00e9fono (opcional)\" value=\"\" type=\"tel\" name=\"tel-468\" \/><\/span><br \/>\n<span class=\"wpcf7-form-control-wrap\" data-name=\"acceptance-312\"><span class=\"wpcf7-form-control wpcf7-acceptance\"><span class=\"wpcf7-list-item\"><label><input type=\"checkbox\" name=\"acceptance-312\" value=\"1\" aria-invalid=\"false\" \/><span class=\"wpcf7-list-item-label\">He le\u00eddo y acepto la pol\u00edtica de privacidad.<\/span><\/label><\/span><\/span><\/span><br \/>\n<input class=\"wpcf7-form-control wpcf7-submit has-spinner\" type=\"submit\" value=\"Enviar\" \/>\n<\/p><div class=\"wpcf7-response-output\" aria-hidden=\"true\"><\/div>\n<input type=\"hidden\" name=\"trp-form-language\" value=\"euskera\"\/><\/form>\n<\/div>\n\n<\/div>\n<\/div><\/div><\/section>\n\n\n\n<section id=\"section-84520560-e386-4481-a40d-5dd976c4b536\" class=\"wp-block-gutentor-advanced-columns gutentor-section gutentor-advanced-columns has-color-bg has-custom-bg\"><div class=\"grid-container\"><div class=\"grid-row\">\n<div id=\"section-e5301b90-8568-4033-8fab-71d6eeae203c\" class=\"wp-block-gutentor-single-column gutentor-single-column  grid-lg-6 grid-md-12 grid-12\">\n<div id=\"section-g9ad5b2\" class=\"wp-block-gutentor-e1 section-g9ad5b2 gutentor-element gutentor-element-advanced-text text-align-left-desktop text-align-center-tablet text-align-center-mobile\"><div class=\"gutentor-text-wrap\"><h3 class=\"gutentor-text\">\u00a1Haz una transferencia!<\/h3><\/div><\/div>\n\n\n\n<div id=\"section-ge5e023\" class=\"wp-block-gutentor-e1 section-ge5e023 gutentor-element gutentor-element-advanced-text text-align-left-desktop text-align-center-tablet text-align-center-mobile\"><div class=\"gutentor-text-wrap\"><p class=\"gutentor-text\">Pod\u00e9is ordenar una transferencia bancaria con el importe que dese\u00e1is aportar a nuestros proyectos.<\/p><\/div><\/div>\n\n\n\n<div id=\"section-g205af8\" class=\"wp-block-gutentor-e1 section-g205af8 gutentor-element gutentor-element-advanced-text text-align-left-desktop text-align-center-tablet text-align-center-mobile\"><div class=\"gutentor-text-wrap\"><h3 class=\"gutentor-text\">Informaci\u00f3n de nuestra cuenta:<\/h3><\/div><\/div>\n\n\n\n<div id=\"section-g1c295c\" class=\"wp-block-gutentor-e1 section-g1c295c gutentor-element gutentor-element-advanced-text text-align-left-desktop text-align-center-tablet text-align-center-mobile\"><div class=\"gutentor-text-wrap\"><p class=\"gutentor-text\">BANCO: <strong>Laboral Kutxa<\/strong><br>NOMBRE: <strong>Build a Future<\/strong><br>IBAN: <strong>ES08 3035 0067 61 0670091470<\/strong><br>BIC: <strong>CLPEES2MXXX<\/strong><\/p><\/div><\/div>\n\n\n\n<div style=\"height:39px\" aria-hidden=\"true\" class=\"wp-block-spacer\"><\/div>\n\n\n\n<div id=\"section-g9c7807\" class=\"wp-block-gutentor-e1 section-g9c7807 gutentor-element gutentor-element-advanced-text text-align-left-desktop text-align-center-tablet text-align-center-mobile\"><div class=\"gutentor-text-wrap\"><p class=\"gutentor-text\"><strong>\u00a1Gracias por la aportaci\u00f3n!<\/strong> Gracias por pasar a ser parte importante de la familia Build a Future, y a contribuir con nuestros proyectos de manera decisiva. <\/p><\/div><\/div>\n<\/div>\n\n\n\n<div id=\"section-cfa2b825-11af-4e12-b6a3-ca55fd1d71ac\" class=\"wp-block-gutentor-single-column gutentor-single-column  grid-lg-6 grid-md-12 grid-12\">\n<div id=\"section-g5e6484\" class=\"wp-block-gutentor-e1 section-g5e6484 gutentor-element gutentor-element-advanced-text text-align-left-desktop text-align-center-tablet text-align-center-mobile\"><div class=\"gutentor-text-wrap\"><p class=\"gutentor-text\">Una vez realizada la aportaci\u00f3n <strong>por favor rellenad el formulario con los datos personales <\/strong>para que os podamos dar las gracias y <strong>para que os podamos enviar un certificado de donaci\u00f3n.<\/strong><\/p><\/div><\/div>\n\n\n\n\n<div class=\"wpcf7 no-js\" id=\"wpcf7-f857-o2\" lang=\"en-US\" dir=\"ltr\" data-wpcf7-id=\"857\">\n<div class=\"screen-reader-response\"><p role=\"status\" aria-live=\"polite\" aria-atomic=\"true\"><\/p> <ul><\/ul><\/div>\n<form action=\"\/euskera\/wp-json\/wp\/v2\/pages\/781#wpcf7-f857-o2\" method=\"post\" class=\"wpcf7-form init\" aria-label=\"Contact form\" novalidate=\"novalidate\" data-status=\"init\" data-trp-original-action=\"\/euskera\/wp-json\/wp\/v2\/pages\/781#wpcf7-f857-o2\">\n<fieldset class=\"hidden-fields-container\"><input type=\"hidden\" name=\"_wpcf7\" value=\"857\" \/><input type=\"hidden\" name=\"_wpcf7_version\" value=\"6.1.4\" \/><input type=\"hidden\" name=\"_wpcf7_locale\" value=\"en_US\" \/><input type=\"hidden\" name=\"_wpcf7_unit_tag\" value=\"wpcf7-f857-o2\" \/><input type=\"hidden\" name=\"_wpcf7_container_post\" value=\"0\" \/><input type=\"hidden\" name=\"_wpcf7_posted_data_hash\" value=\"\" \/>\n<\/fieldset>\n<p><span class=\"wpcf7-form-control-wrap\" data-name=\"text-490\"><input size=\"40\" maxlength=\"400\" class=\"wpcf7-form-control wpcf7-text wpcf7-validates-as-required\" aria-required=\"true\" aria-invalid=\"false\" placeholder=\"Nombre\" value=\"\" type=\"text\" name=\"text-490\" \/><\/span><br \/>\n<span class=\"wpcf7-form-control-wrap\" data-name=\"text-491\"><input size=\"40\" maxlength=\"400\" class=\"wpcf7-form-control wpcf7-text wpcf7-validates-as-required\" aria-required=\"true\" aria-invalid=\"false\" placeholder=\"Apellidos\" value=\"\" type=\"text\" name=\"text-491\" \/><\/span><br \/>\n<span class=\"wpcf7-form-control-wrap\" data-name=\"text-492\"><input size=\"40\" maxlength=\"400\" class=\"wpcf7-form-control wpcf7-text wpcf7-validates-as-required\" aria-required=\"true\" aria-invalid=\"false\" placeholder=\"DNI\" value=\"\" type=\"text\" name=\"text-492\" \/><\/span><br \/>\n<span class=\"wpcf7-form-control-wrap\" data-name=\"text-495\"><input size=\"40\" maxlength=\"400\" class=\"wpcf7-form-control wpcf7-text wpcf7-validates-as-required\" aria-required=\"true\" aria-invalid=\"false\" placeholder=\"Importe donaci\u00f3n\" value=\"\" type=\"text\" name=\"text-495\" \/><\/span><br \/>\n<span class=\"wpcf7-form-control-wrap\" data-name=\"email-385\"><input size=\"40\" maxlength=\"400\" class=\"wpcf7-form-control wpcf7-email wpcf7-validates-as-required wpcf7-text wpcf7-validates-as-email\" aria-required=\"true\" aria-invalid=\"false\" placeholder=\"E-mail\" value=\"\" type=\"email\" name=\"email-385\" \/><\/span><br \/>\n<span class=\"wpcf7-form-control-wrap\" data-name=\"tel-468\"><input size=\"40\" maxlength=\"400\" class=\"wpcf7-form-control wpcf7-tel wpcf7-text wpcf7-validates-as-tel\" aria-invalid=\"false\" placeholder=\"Tel\u00e9fono (opcional)\" value=\"\" type=\"tel\" name=\"tel-468\" \/><\/span><br \/>\n<span class=\"wpcf7-form-control-wrap\" data-name=\"acceptance-312\"><span class=\"wpcf7-form-control wpcf7-acceptance\"><span class=\"wpcf7-list-item\"><label><input type=\"checkbox\" name=\"acceptance-312\" value=\"1\" aria-invalid=\"false\" \/><span class=\"wpcf7-list-item-label\">He le\u00eddo y acepto la pol\u00edtica de privacidad.<\/span><\/label><\/span><\/span><\/span><br \/>\n<input class=\"wpcf7-form-control wpcf7-submit has-spinner\" type=\"submit\" value=\"Enviar\" \/>\n<\/p><div class=\"wpcf7-response-output\" aria-hidden=\"true\"><\/div>\n<input type=\"hidden\" name=\"trp-form-language\" value=\"euskera\"\/><\/form>\n<\/div>\n\n<\/div>\n<\/div><\/div><\/section>\n\n\n\n<p><\/p>","protected":false},"excerpt":{"rendered":"","protected":false},"author":1,"featured_media":0,"parent":0,"menu_order":0,"comment_status":"closed","ping_status":"closed","template":"template-gutentor-full-width.php","meta":{"give_campaign_id":0,"footnotes":""},"class_list":["post-781","page","type-page","status-publish","hentry"],"yoast_head":"<!-- This site is optimized with the Yoast SEO plugin v26.4 - https:\/\/yoast.com\/wordpress\/plugins\/seo\/ -->\n<title>Donaci\u00f3n puntual - Build a future<\/title>\n<meta name=\"robots\" content=\"index, follow, max-snippet:-1, max-image-preview:large, max-video-preview:-1\" \/>\n<link rel=\"canonical\" href=\"https:\/\/buildafuture.es\/euskera\/donacion-puntual\/\" \/>\n<meta property=\"og:locale\" content=\"en_US\" \/>\n<meta property=\"og:type\" content=\"article\" \/>\n<meta property=\"og:title\" content=\"Donaci\u00f3n puntual - Build a future\" \/>\n<meta property=\"og:url\" content=\"https:\/\/buildafuture.es\/euskera\/donacion-puntual\/\" \/>\n<meta property=\"og:site_name\" content=\"Build a future\" \/>\n<meta property=\"article:modified_time\" content=\"2022-02-14T11:33:13+00:00\" \/>\n<meta property=\"og:image\" content=\"https:\/\/buildafuture.es\/wp-content\/uploads\/2022\/02\/Bizum-ONG-1-150x150.png\" \/>\n<meta name=\"twitter:card\" content=\"summary_large_image\" \/>\n<meta name=\"twitter:label1\" content=\"Est. reading time\" \/>\n\t<meta name=\"twitter:data1\" content=\"1 minutua\" \/>\n<script type=\"application\/ld+json\" class=\"yoast-schema-graph\">{\"@context\":\"https:\/\/schema.org\",\"@graph\":[{\"@type\":\"WebPage\",\"@id\":\"https:\/\/buildafuture.es\/donacion-puntual\/\",\"url\":\"https:\/\/buildafuture.es\/donacion-puntual\/\",\"name\":\"Donaci\u00f3n puntual - Build a future\",\"isPartOf\":{\"@id\":\"https:\/\/buildafuture.es\/#website\"},\"primaryImageOfPage\":{\"@id\":\"https:\/\/buildafuture.es\/donacion-puntual\/#primaryimage\"},\"image\":{\"@id\":\"https:\/\/buildafuture.es\/donacion-puntual\/#primaryimage\"},\"thumbnailUrl\":\"https:\/\/buildafuture.es\/wp-content\/uploads\/2022\/02\/Bizum-ONG-1-150x150.png\",\"datePublished\":\"2022-02-03T11:33:53+00:00\",\"dateModified\":\"2022-02-14T11:33:13+00:00\",\"breadcrumb\":{\"@id\":\"https:\/\/buildafuture.es\/donacion-puntual\/#breadcrumb\"},\"inLanguage\":\"eu\",\"potentialAction\":[{\"@type\":\"ReadAction\",\"target\":[\"https:\/\/buildafuture.es\/donacion-puntual\/\"]}]},{\"@type\":\"ImageObject\",\"inLanguage\":\"eu\",\"@id\":\"https:\/\/buildafuture.es\/donacion-puntual\/#primaryimage\",\"url\":\"https:\/\/buildafuture.es\/wp-content\/uploads\/2022\/02\/Bizum-ONG-1-150x150.png\",\"contentUrl\":\"https:\/\/buildafuture.es\/wp-content\/uploads\/2022\/02\/Bizum-ONG-1-150x150.png\"},{\"@type\":\"BreadcrumbList\",\"@id\":\"https:\/\/buildafuture.es\/donacion-puntual\/#breadcrumb\",\"itemListElement\":[{\"@type\":\"ListItem\",\"position\":1,\"name\":\"Portada\",\"item\":\"https:\/\/buildafuture.es\/\"},{\"@type\":\"ListItem\",\"position\":2,\"name\":\"Donaci\u00f3n puntual\"}]},{\"@type\":\"WebSite\",\"@id\":\"https:\/\/buildafuture.es\/#website\",\"url\":\"https:\/\/buildafuture.es\/\",\"name\":\"Build a future\",\"description\":\"Education projects in Uganda\",\"publisher\":{\"@id\":\"https:\/\/buildafuture.es\/#organization\"},\"potentialAction\":[{\"@type\":\"SearchAction\",\"target\":{\"@type\":\"EntryPoint\",\"urlTemplate\":\"https:\/\/buildafuture.es\/?s={search_term_string}\"},\"query-input\":{\"@type\":\"PropertyValueSpecification\",\"valueRequired\":true,\"valueName\":\"search_term_string\"}}],\"inLanguage\":\"eu\"},{\"@type\":\"Organization\",\"@id\":\"https:\/\/buildafuture.es\/#organization\",\"name\":\"Build a future\",\"url\":\"https:\/\/buildafuture.es\/\",\"logo\":{\"@type\":\"ImageObject\",\"inLanguage\":\"eu\",\"@id\":\"https:\/\/buildafuture.es\/#\/schema\/logo\/image\/\",\"url\":\"https:\/\/buildafuture.es\/wp-content\/uploads\/2021\/11\/cropped-cropped-BaF-logo-horizontal-2.png\",\"contentUrl\":\"https:\/\/buildafuture.es\/wp-content\/uploads\/2021\/11\/cropped-cropped-BaF-logo-horizontal-2.png\",\"width\":355,\"height\":117,\"caption\":\"Build a future\"},\"image\":{\"@id\":\"https:\/\/buildafuture.es\/#\/schema\/logo\/image\/\"}}]}<\/script>\n<!-- \/ Yoast SEO plugin. -->","yoast_head_json":{"title":"Donaci\u00f3n puntual - Build a future","robots":{"index":"index","follow":"follow","max-snippet":"max-snippet:-1","max-image-preview":"max-image-preview:large","max-video-preview":"max-video-preview:-1"},"canonical":"https:\/\/buildafuture.es\/euskera\/donacion-puntual\/","og_locale":"en_US","og_type":"article","og_title":"Donaci\u00f3n puntual - Build a future","og_url":"https:\/\/buildafuture.es\/euskera\/donacion-puntual\/","og_site_name":"Build a future","article_modified_time":"2022-02-14T11:33:13+00:00","og_image":[{"url":"https:\/\/buildafuture.es\/wp-content\/uploads\/2022\/02\/Bizum-ONG-1-150x150.png","type":"","width":"","height":""}],"twitter_card":"summary_large_image","twitter_misc":{"Est. reading time":"1 minutua"},"schema":{"@context":"https:\/\/schema.org","@graph":[{"@type":"WebPage","@id":"https:\/\/buildafuture.es\/donacion-puntual\/","url":"https:\/\/buildafuture.es\/donacion-puntual\/","name":"Donaci\u00f3n puntual - Build a future","isPartOf":{"@id":"https:\/\/buildafuture.es\/#website"},"primaryImageOfPage":{"@id":"https:\/\/buildafuture.es\/donacion-puntual\/#primaryimage"},"image":{"@id":"https:\/\/buildafuture.es\/donacion-puntual\/#primaryimage"},"thumbnailUrl":"https:\/\/buildafuture.es\/wp-content\/uploads\/2022\/02\/Bizum-ONG-1-150x150.png","datePublished":"2022-02-03T11:33:53+00:00","dateModified":"2022-02-14T11:33:13+00:00","breadcrumb":{"@id":"https:\/\/buildafuture.es\/donacion-puntual\/#breadcrumb"},"inLanguage":"eu","potentialAction":[{"@type":"ReadAction","target":["https:\/\/buildafuture.es\/donacion-puntual\/"]}]},{"@type":"ImageObject","inLanguage":"eu","@id":"https:\/\/buildafuture.es\/donacion-puntual\/#primaryimage","url":"https:\/\/buildafuture.es\/wp-content\/uploads\/2022\/02\/Bizum-ONG-1-150x150.png","contentUrl":"https:\/\/buildafuture.es\/wp-content\/uploads\/2022\/02\/Bizum-ONG-1-150x150.png"},{"@type":"BreadcrumbList","@id":"https:\/\/buildafuture.es\/donacion-puntual\/#breadcrumb","itemListElement":[{"@type":"ListItem","position":1,"name":"Portada","item":"https:\/\/buildafuture.es\/"},{"@type":"ListItem","position":2,"name":"Donaci\u00f3n puntual"}]},{"@type":"WebSite","@id":"https:\/\/buildafuture.es\/#website","url":"https:\/\/buildafuture.es\/","name":"Build a future","description":"Education projects in Uganda","publisher":{"@id":"https:\/\/buildafuture.es\/#organization"},"potentialAction":[{"@type":"SearchAction","target":{"@type":"EntryPoint","urlTemplate":"https:\/\/buildafuture.es\/?s={search_term_string}"},"query-input":{"@type":"PropertyValueSpecification","valueRequired":true,"valueName":"search_term_string"}}],"inLanguage":"eu"},{"@type":"Organization","@id":"https:\/\/buildafuture.es\/#organization","name":"Build a future","url":"https:\/\/buildafuture.es\/","logo":{"@type":"ImageObject","inLanguage":"eu","@id":"https:\/\/buildafuture.es\/#\/schema\/logo\/image\/","url":"https:\/\/buildafuture.es\/wp-content\/uploads\/2021\/11\/cropped-cropped-BaF-logo-horizontal-2.png","contentUrl":"https:\/\/buildafuture.es\/wp-content\/uploads\/2021\/11\/cropped-cropped-BaF-logo-horizontal-2.png","width":355,"height":117,"caption":"Build a future"},"image":{"@id":"https:\/\/buildafuture.es\/#\/schema\/logo\/image\/"}}]}},"campaignId":"","jetpack_sharing_enabled":true,"_links":{"self":[{"href":"https:\/\/buildafuture.es\/euskera\/wp-json\/wp\/v2\/pages\/781","targetHints":{"allow":["GET"]}}],"collection":[{"href":"https:\/\/buildafuture.es\/euskera\/wp-json\/wp\/v2\/pages"}],"about":[{"href":"https:\/\/buildafuture.es\/euskera\/wp-json\/wp\/v2\/types\/page"}],"author":[{"embeddable":true,"href":"https:\/\/buildafuture.es\/euskera\/wp-json\/wp\/v2\/users\/1"}],"replies":[{"embeddable":true,"href":"https:\/\/buildafuture.es\/euskera\/wp-json\/wp\/v2\/comments?post=781"}],"version-history":[{"count":18,"href":"https:\/\/buildafuture.es\/euskera\/wp-json\/wp\/v2\/pages\/781\/revisions"}],"predecessor-version":[{"id":979,"href":"https:\/\/buildafuture.es\/euskera\/wp-json\/wp\/v2\/pages\/781\/revisions\/979"}],"wp:attachment":[{"href":"https:\/\/buildafuture.es\/euskera\/wp-json\/wp\/v2\/media?parent=781"}],"curies":[{"name":"wp","href":"https:\/\/api.w.org\/{rel}","templated":true}]}}