{"id":776,"date":"2022-02-03T11:32:04","date_gmt":"2022-02-03T11:32:04","guid":{"rendered":"https:\/\/buildafuture.es\/?page_id=776"},"modified":"2022-02-14T11:50:25","modified_gmt":"2022-02-14T11:50:25","slug":"empresa-colaboradora","status":"publish","type":"page","link":"https:\/\/buildafuture.es\/euskera\/empresa-colaboradora\/","title":{"rendered":"Empresa colaboradora"},"content":{"rendered":"<div class=\"wp-block-group\"><div class=\"wp-block-group__inner-container is-layout-flow wp-block-group-is-layout-flow\"><\/div><\/div>\n\n\n\n<section id=\"section-b1dae4f9-a46e-41f8-8e67-06a1fa8429f2\" class=\"wp-block-gutentor-image-slider gutentor-section gutentor-image-slider imageSlider-template1\"><div class=\"gutentor-grid-item-wrap\"><div class=\"gutentor-slider-wrapper\" data-dots=\"false\" data-arrows=\"true\" data-infinite=\"false\" data-nextarrow=\"fas fa-angle-right\" data-prevarrow=\"fas fa-angle-left\" data-autoplay=\"true\" data-autoplayspeed=\"2000\" data-fade=\"false\" data-speed=\"1400\"><div class=\"gutentor-slider-item\"><div class=\"gutentor-single-item gutentor-single-item-0\"><div class=\"gutentor-single-item-wrap\"><div class=\"gutentor-single-item-image-box\"><div class=\"gutentor-bg-image\"><div class=\"overlay\"><\/div><\/div><\/div><div class=\"gutentor-single-item-content\"><div class=\"grid-container\"><div class=\"slider-caption text-left\"><h3 class=\"gutentor-single-item-title\">\u00a1Como empresa tambi\u00e9n pod\u00e9is colaborar!<\/h3><p class=\"gutentor-single-item-desc\">Si eres una empresa y deseas contribuir a mejorar la calidad de vida de las poblaciones m\u00e1s desfavorecidas, nos puedes ayudar. \u00a1Animaos!<\/p><\/div><\/div><\/div><\/div><\/div><\/div><\/div><\/div><\/section>\n\n\n\n<section id=\"section-3ef8e9e5-c476-4122-8481-c4c6939f56a9\" class=\"wp-block-gutentor-advanced-columns gutentor-section gutentor-advanced-columns has-color-bg has-custom-bg\"><div class=\"grid-container\"><div class=\"grid-row\">\n<div id=\"section-9220ea74-2846-4a70-a297-aa08e636ef00\" class=\"wp-block-gutentor-single-column gutentor-single-column  grid-lg-6 grid-md-12 grid-12\">\n<div id=\"section-g7f075e\" class=\"wp-block-gutentor-e1 section-g7f075e gutentor-element gutentor-element-advanced-text text-align-left-desktop text-align-center-tablet text-align-center-mobile\"><div class=\"gutentor-text-wrap\"><h3 class=\"gutentor-text\">\u00a1Haceos <strong>socios colaboradores<\/strong> creando una donaci\u00f3n mensual o puntual!<\/h3><\/div><\/div>\n\n\n\n<div id=\"section-g5d4182\" class=\"wp-block-gutentor-e1 section-g5d4182 gutentor-element gutentor-element-advanced-text text-align-left-desktop text-align-center-tablet text-align-center-mobile\"><div class=\"gutentor-text-wrap\"><p class=\"gutentor-text\"><strong>\u00a1Vosotros decid\u00eds el importe que dese\u00e1is aportar!<\/strong><br>Cada donaci\u00f3n cuenta. <\/p><\/div><\/div>\n\n\n<!-- Begin PayPal Donations by https:\/\/www.tipsandtricks-hq.com\/paypal-donations-widgets-plugin -->\n\n<form action=\"https:\/\/www.paypal.com\/cgi-bin\/webscr\" method=\"post\" target=\"_blank\">\n    <div class=\"paypal-donations\">\n        <input type=\"hidden\" name=\"cmd\" value=\"_donations\" \/>\n        <input type=\"hidden\" name=\"bn\" value=\"TipsandTricks_SP\" \/>\n        <input type=\"hidden\" name=\"business\" value=\"info.buildafuture@gmail.com\" \/>\n        <input type=\"hidden\" name=\"rm\" value=\"0\" \/>\n        <input type=\"hidden\" name=\"currency_code\" value=\"EUR\" \/>\n        <input type=\"hidden\" name=\"lc\" value=\"ES\" \/>\n        <input type=\"image\" style=\"cursor: pointer;\" src=\"https:\/\/buildafuture.es\/wp-content\/uploads\/2022\/02\/boton_donacion.png\" name=\"submit\" alt=\"PayPal - The safer, easier way to pay online.\" \/>\n        <img loading=\"lazy\" decoding=\"async\" alt=\"\" src=\"https:\/\/www.paypalobjects.com\/en_US\/i\/scr\/pixel.gif\" width=\"1\" height=\"1\" \/>\n    <\/div>\n<\/form>\n<!-- End PayPal Donations -->\n\n\n\n\n<div style=\"height:39px\" aria-hidden=\"true\" class=\"wp-block-spacer\"><\/div>\n\n\n\n<div id=\"section-g1e7737\" class=\"wp-block-gutentor-e1 section-g1e7737 gutentor-element gutentor-element-advanced-text text-align-left-desktop text-align-center-tablet text-align-center-mobile\"><div class=\"gutentor-text-wrap\"><p class=\"gutentor-text\"><strong>Una vez establecida la aportaci\u00f3n por favor rellenad el formulario con los datos de la empresa.<\/strong><\/p><\/div><\/div>\n<\/div>\n\n\n\n<div id=\"section-95d03093-1921-4244-85ce-6f8b26b03171\" class=\"wp-block-gutentor-single-column gutentor-single-column  grid-lg-6 grid-md-12 grid-12\">\n\n<div class=\"wpcf7 no-js\" id=\"wpcf7-f871-o1\" lang=\"en-US\" dir=\"ltr\" data-wpcf7-id=\"871\">\n<div class=\"screen-reader-response\"><p role=\"status\" aria-live=\"polite\" aria-atomic=\"true\"><\/p> <ul><\/ul><\/div>\n<form action=\"\/euskera\/wp-json\/wp\/v2\/pages\/776#wpcf7-f871-o1\" method=\"post\" class=\"wpcf7-form init\" aria-label=\"Contact form\" novalidate=\"novalidate\" data-status=\"init\" data-trp-original-action=\"\/euskera\/wp-json\/wp\/v2\/pages\/776#wpcf7-f871-o1\">\n<fieldset class=\"hidden-fields-container\"><input type=\"hidden\" name=\"_wpcf7\" value=\"871\" \/><input type=\"hidden\" name=\"_wpcf7_version\" value=\"6.1.4\" \/><input type=\"hidden\" name=\"_wpcf7_locale\" value=\"en_US\" \/><input type=\"hidden\" name=\"_wpcf7_unit_tag\" value=\"wpcf7-f871-o1\" \/><input type=\"hidden\" name=\"_wpcf7_container_post\" value=\"0\" \/><input type=\"hidden\" name=\"_wpcf7_posted_data_hash\" value=\"\" \/>\n<\/fieldset>\n<p><span class=\"wpcf7-form-control-wrap\" data-name=\"text-490\"><input size=\"40\" maxlength=\"400\" class=\"wpcf7-form-control wpcf7-text wpcf7-validates-as-required\" aria-required=\"true\" aria-invalid=\"false\" placeholder=\"Raz\u00f3n social\" value=\"\" type=\"text\" name=\"text-490\" \/><\/span><br \/>\n<span class=\"wpcf7-form-control-wrap\" data-name=\"text-492\"><input size=\"40\" maxlength=\"400\" class=\"wpcf7-form-control wpcf7-text wpcf7-validates-as-required\" aria-required=\"true\" aria-invalid=\"false\" placeholder=\"CIF\" value=\"\" type=\"text\" name=\"text-492\" \/><\/span><br \/>\n<span class=\"wpcf7-form-control-wrap\" data-name=\"text-493\"><input size=\"40\" maxlength=\"400\" class=\"wpcf7-form-control wpcf7-text wpcf7-validates-as-required\" aria-required=\"true\" aria-invalid=\"false\" placeholder=\"Direcci\u00f3n\" value=\"\" type=\"text\" name=\"text-493\" \/><\/span><br \/>\n<span class=\"wpcf7-form-control-wrap\" data-name=\"text-494\"><input size=\"40\" maxlength=\"400\" class=\"wpcf7-form-control wpcf7-text wpcf7-validates-as-required\" aria-required=\"true\" aria-invalid=\"false\" placeholder=\"C\u00f3digo Postal\" value=\"\" type=\"text\" name=\"text-494\" \/><\/span><br \/>\n<span class=\"wpcf7-form-control-wrap\" data-name=\"text-495\"><input size=\"40\" maxlength=\"400\" class=\"wpcf7-form-control wpcf7-text wpcf7-validates-as-required\" aria-required=\"true\" aria-invalid=\"false\" placeholder=\"Importe cuota\" value=\"\" type=\"text\" name=\"text-495\" \/><\/span><br \/>\nPeriodicidad:<br \/>\n<span class=\"wpcf7-form-control-wrap\" data-name=\"Periodicidad\"><select class=\"wpcf7-form-control wpcf7-select wpcf7-validates-as-required\" aria-required=\"true\" aria-invalid=\"false\" name=\"Periodicidad\"><option value=\"Mensual\">Mensual<\/option><option value=\"Trimestral\">Trimestral<\/option><option value=\"Anual\">Anual<\/option><option value=\"Puntual\">Puntual<\/option><\/select><\/span><br \/>\n<span class=\"wpcf7-form-control-wrap\" data-name=\"email-385\"><input size=\"40\" maxlength=\"400\" class=\"wpcf7-form-control wpcf7-email wpcf7-validates-as-required wpcf7-text wpcf7-validates-as-email\" aria-required=\"true\" aria-invalid=\"false\" placeholder=\"E-mail\" value=\"\" type=\"email\" name=\"email-385\" \/><\/span><br \/>\n<span class=\"wpcf7-form-control-wrap\" data-name=\"tel-468\"><input size=\"40\" maxlength=\"400\" class=\"wpcf7-form-control wpcf7-tel wpcf7-validates-as-required wpcf7-text wpcf7-validates-as-tel\" aria-required=\"true\" aria-invalid=\"false\" placeholder=\"Tel\u00e9fono\" value=\"\" type=\"tel\" name=\"tel-468\" \/><\/span><br \/>\n<span class=\"wpcf7-form-control-wrap\" data-name=\"acceptance-312\"><span class=\"wpcf7-form-control wpcf7-acceptance\"><span class=\"wpcf7-list-item\"><label><input type=\"checkbox\" name=\"acceptance-312\" value=\"1\" aria-invalid=\"false\" \/><span class=\"wpcf7-list-item-label\">He le\u00eddo y acepto la pol\u00edtica de privacidad.<\/span><\/label><\/span><\/span><\/span><br \/>\n<input class=\"wpcf7-form-control wpcf7-submit has-spinner\" type=\"submit\" value=\"Enviar\" \/>\n<\/p><div class=\"wpcf7-response-output\" aria-hidden=\"true\"><\/div>\n<input type=\"hidden\" name=\"trp-form-language\" value=\"euskera\"\/><\/form>\n<\/div>\n\n<\/div>\n<\/div><\/div><\/section>\n\n\n\n<section id=\"section-59d8fc87-afba-4dfd-94f4-dc260b4629bf\" class=\"wp-block-gutentor-advanced-columns gutentor-section gutentor-advanced-columns has-color-bg has-custom-bg\"><div class=\"grid-container\"><div class=\"grid-row\">\n<div id=\"section-0e2231dc-3234-464f-9c18-04248cac159b\" class=\"wp-block-gutentor-single-column gutentor-single-column  grid-lg-6 grid-md-12 grid-12\">\n<div id=\"section-g7573d8\" class=\"wp-block-gutentor-e1 section-g7573d8 gutentor-element gutentor-element-advanced-text text-align-left-desktop text-align-center-tablet text-align-center-mobile\"><div class=\"gutentor-text-wrap\"><h3 class=\"gutentor-text\">Tambi\u00e9n pod\u00e9is establecer una transferencia peri\u00f3dica a nuestra cuenta.<\/h3><\/div><\/div>\n\n\n\n<div id=\"section-g1d508e\" class=\"wp-block-gutentor-e1 section-g1d508e gutentor-element gutentor-element-advanced-text text-align-left-desktop text-align-center-tablet text-align-center-mobile\"><div class=\"gutentor-text-wrap\"><p class=\"gutentor-text\">Vosotros decid\u00eds el importe que dese\u00e1is aportar a nuestros proyectos, <strong>\u00a1cada donaci\u00f3n cuenta!<\/strong><\/p><\/div><\/div>\n\n\n\n<div id=\"section-gc5f140\" class=\"wp-block-gutentor-e1 section-gc5f140 gutentor-element gutentor-element-advanced-text text-align-left-desktop text-align-center-tablet text-align-center-mobile\"><div class=\"gutentor-text-wrap\"><h3 class=\"gutentor-text\">Informaci\u00f3n de nuestra cuenta:<\/h3><\/div><\/div>\n\n\n\n<div id=\"section-g85cc4c\" class=\"wp-block-gutentor-e1 section-g85cc4c gutentor-element gutentor-element-advanced-text text-align-left-desktop text-align-center-tablet text-align-center-mobile\"><div class=\"gutentor-text-wrap\"><p class=\"gutentor-text\">BANCO: <strong>Laboral Kutxa<\/strong><br>NOMBRE: <strong>Build a Future<\/strong><br>IBAN: <strong>ES08 3035 0067 61 0670091470<\/strong><br>BIC: <strong>CLPEES2MXXX<\/strong><\/p><\/div><\/div>\n\n\n\n<div style=\"height:39px\" aria-hidden=\"true\" class=\"wp-block-spacer\"><\/div>\n\n\n\n<div id=\"section-g862d3c\" class=\"wp-block-gutentor-e1 section-g862d3c gutentor-element gutentor-element-advanced-text text-align-left-desktop text-align-center-tablet text-align-center-mobile\"><div class=\"gutentor-text-wrap\"><p class=\"gutentor-text\"><strong>\u00a1Gracias por la aportaci\u00f3n!<\/strong> Gracias por pasar a ser parte importante de la familia Build a Future, y a contribuir con nuestros proyectos de manera decisiva. <\/p><\/div><\/div>\n\n\n\n<div id=\"section-g7f00e0\" class=\"wp-block-gutentor-e1 section-g7f00e0 gutentor-element gutentor-element-advanced-text text-align-left-desktop text-align-center-tablet text-align-center-mobile\"><div class=\"gutentor-text-wrap\"><p class=\"gutentor-text\"><strong>Una vez establecida la aportaci\u00f3n por favor rellenad el formulario con los datos de la empresa.<\/strong><\/p><\/div><\/div>\n<\/div>\n\n\n\n<div id=\"section-785a74dc-c792-41d7-9c9e-d110550aae52\" class=\"wp-block-gutentor-single-column gutentor-single-column  grid-lg-6 grid-md-12 grid-12\">\n\n<div class=\"wpcf7 no-js\" id=\"wpcf7-f871-o2\" lang=\"en-US\" dir=\"ltr\" data-wpcf7-id=\"871\">\n<div class=\"screen-reader-response\"><p role=\"status\" aria-live=\"polite\" aria-atomic=\"true\"><\/p> <ul><\/ul><\/div>\n<form action=\"\/euskera\/wp-json\/wp\/v2\/pages\/776#wpcf7-f871-o2\" method=\"post\" class=\"wpcf7-form init\" aria-label=\"Contact form\" novalidate=\"novalidate\" data-status=\"init\" data-trp-original-action=\"\/euskera\/wp-json\/wp\/v2\/pages\/776#wpcf7-f871-o2\">\n<fieldset class=\"hidden-fields-container\"><input type=\"hidden\" name=\"_wpcf7\" value=\"871\" \/><input type=\"hidden\" name=\"_wpcf7_version\" value=\"6.1.4\" \/><input type=\"hidden\" name=\"_wpcf7_locale\" value=\"en_US\" \/><input type=\"hidden\" name=\"_wpcf7_unit_tag\" value=\"wpcf7-f871-o2\" \/><input type=\"hidden\" name=\"_wpcf7_container_post\" value=\"0\" \/><input type=\"hidden\" name=\"_wpcf7_posted_data_hash\" value=\"\" \/>\n<\/fieldset>\n<p><span class=\"wpcf7-form-control-wrap\" data-name=\"text-490\"><input size=\"40\" maxlength=\"400\" class=\"wpcf7-form-control wpcf7-text wpcf7-validates-as-required\" aria-required=\"true\" aria-invalid=\"false\" placeholder=\"Raz\u00f3n social\" value=\"\" type=\"text\" name=\"text-490\" \/><\/span><br \/>\n<span class=\"wpcf7-form-control-wrap\" data-name=\"text-492\"><input size=\"40\" maxlength=\"400\" class=\"wpcf7-form-control wpcf7-text wpcf7-validates-as-required\" aria-required=\"true\" aria-invalid=\"false\" placeholder=\"CIF\" value=\"\" type=\"text\" name=\"text-492\" \/><\/span><br \/>\n<span class=\"wpcf7-form-control-wrap\" data-name=\"text-493\"><input size=\"40\" maxlength=\"400\" class=\"wpcf7-form-control wpcf7-text wpcf7-validates-as-required\" aria-required=\"true\" aria-invalid=\"false\" placeholder=\"Direcci\u00f3n\" value=\"\" type=\"text\" name=\"text-493\" \/><\/span><br \/>\n<span class=\"wpcf7-form-control-wrap\" data-name=\"text-494\"><input size=\"40\" maxlength=\"400\" class=\"wpcf7-form-control wpcf7-text wpcf7-validates-as-required\" aria-required=\"true\" aria-invalid=\"false\" placeholder=\"C\u00f3digo Postal\" value=\"\" type=\"text\" name=\"text-494\" \/><\/span><br \/>\n<span class=\"wpcf7-form-control-wrap\" data-name=\"text-495\"><input size=\"40\" maxlength=\"400\" class=\"wpcf7-form-control wpcf7-text wpcf7-validates-as-required\" aria-required=\"true\" aria-invalid=\"false\" placeholder=\"Importe cuota\" value=\"\" type=\"text\" name=\"text-495\" \/><\/span><br \/>\nPeriodicidad:<br \/>\n<span class=\"wpcf7-form-control-wrap\" data-name=\"Periodicidad\"><select class=\"wpcf7-form-control wpcf7-select wpcf7-validates-as-required\" aria-required=\"true\" aria-invalid=\"false\" name=\"Periodicidad\"><option value=\"Mensual\">Mensual<\/option><option value=\"Trimestral\">Trimestral<\/option><option value=\"Anual\">Anual<\/option><option value=\"Puntual\">Puntual<\/option><\/select><\/span><br \/>\n<span class=\"wpcf7-form-control-wrap\" data-name=\"email-385\"><input size=\"40\" maxlength=\"400\" class=\"wpcf7-form-control wpcf7-email wpcf7-validates-as-required wpcf7-text wpcf7-validates-as-email\" aria-required=\"true\" aria-invalid=\"false\" placeholder=\"E-mail\" value=\"\" type=\"email\" name=\"email-385\" \/><\/span><br \/>\n<span class=\"wpcf7-form-control-wrap\" data-name=\"tel-468\"><input size=\"40\" maxlength=\"400\" class=\"wpcf7-form-control wpcf7-tel wpcf7-validates-as-required wpcf7-text wpcf7-validates-as-tel\" aria-required=\"true\" aria-invalid=\"false\" placeholder=\"Tel\u00e9fono\" value=\"\" type=\"tel\" name=\"tel-468\" \/><\/span><br \/>\n<span class=\"wpcf7-form-control-wrap\" data-name=\"acceptance-312\"><span class=\"wpcf7-form-control wpcf7-acceptance\"><span class=\"wpcf7-list-item\"><label><input type=\"checkbox\" name=\"acceptance-312\" value=\"1\" aria-invalid=\"false\" \/><span class=\"wpcf7-list-item-label\">He le\u00eddo y acepto la pol\u00edtica de privacidad.<\/span><\/label><\/span><\/span><\/span><br \/>\n<input class=\"wpcf7-form-control wpcf7-submit has-spinner\" type=\"submit\" value=\"Enviar\" \/>\n<\/p><div class=\"wpcf7-response-output\" aria-hidden=\"true\"><\/div>\n<input type=\"hidden\" name=\"trp-form-language\" value=\"euskera\"\/><\/form>\n<\/div>\n\n<\/div>\n<\/div><\/div><\/section>\n\n\n\n<section id=\"gm6df0728\" class=\"wp-block-gutentor-m4 section-gm6df0728 gutentor-module gutentor-advanced-columns has-color-bg has-custom-bg\"><div class=\"grid-container\"><div class=\"grid-row\">\n<div id=\"col-gm478318\" class=\"wp-block-gutentor-m4-col col-gm478318 gutentor-single-column  grid-lg-6 grid-md-12 grid-12\"><div id=\"section-gm478318\" class=\"section-gm478318 gutentor-col-wrap\">\n<div id=\"section-gd0c025\" class=\"wp-block-gutentor-e5 section-gd0c025 gutentor-element gutentor-element-icon wow slideInLeft gutentor-icon-default text-align-center-desktop\" data-wow-animation=\"slideInLeft\"><div class=\"gutentor-element-icon-box\"><i class=\"fas fa-american-sign-language-interpreting\"><\/i><\/div><\/div>\n<\/div><\/div>\n\n\n\n<div id=\"col-gmae730a\" class=\"wp-block-gutentor-m4-col col-gmae730a gutentor-single-column  grid-lg-6 grid-md-12 grid-12\"><div id=\"section-gmae730a\" class=\"section-gmae730a gutentor-col-wrap has-image-bg has-custom-bg\">\n<div id=\"section-ga88444\" class=\"wp-block-gutentor-e1 section-ga88444 gutentor-element gutentor-element-advanced-text text-align-left-desktop text-align-center-tablet text-align-center-mobile\"><div class=\"gutentor-text-wrap\"><h3 class=\"gutentor-text\">La colaboraci\u00f3n y aportaci\u00f3n del sector privado es fundamental<\/h3><\/div><\/div>\n\n\n\n<div id=\"section-g80ace4\" class=\"wp-block-gutentor-e1 section-g80ace4 gutentor-element gutentor-element-advanced-text text-align-left-desktop text-align-center-tablet text-align-center-mobile\"><div class=\"gutentor-text-wrap\"><p class=\"gutentor-text\">Creemos que la colaboraci\u00f3n y aportaci\u00f3n del sector privado es fundamental para conseguir desarrollar los proyectos que planteamos y es por ello que consideramos la cooperaci\u00f3n empresarial un pilar muy importante.<br>Creemos que las empresas nos pod\u00e9is ayudar de varias maneras, siendo las fundamentales las siguientes:<\/p><\/div><\/div>\n\n\n\n<ul class=\"wp-block-list\" style=\"font-size:15px\"><li>Colaborar para dar visibilidad a nuestra asociaci\u00f3n y a los eventos o actividades que llevemos a cabo.<\/li><li>Mediante aportaciones econ\u00f3micas que ayuden a financiar nuestros proyectos.<\/li><li>Prestando servicios gratuitos vinculados a la naturaleza o actividad que la empresa colaboradora desarrolle. Ejemplos de estos servicios podr\u00edan ser el asesoramiento financiero, desarrollo de p\u00e1gina web, servicios de impresi\u00f3n para carteles publicitarios, cesi\u00f3n de instalaciones para reuniones\/asambleas\/actos, etc.<\/li><li>Colaboraci\u00f3n con la aportaci\u00f3n de material sanitario, ropa, equipamiento deportivo, libros, etc..&nbsp;<\/li><\/ul>\n<\/div><\/div>\n<\/div><\/div><\/section>\n\n\n\n<p><\/p>","protected":false},"excerpt":{"rendered":"","protected":false},"author":1,"featured_media":0,"parent":0,"menu_order":0,"comment_status":"closed","ping_status":"closed","template":"template-gutentor-full-width.php","meta":{"give_campaign_id":0,"footnotes":""},"class_list":["post-776","page","type-page","status-publish","hentry"],"yoast_head":"<!-- This site is optimized with the Yoast SEO plugin v26.4 - https:\/\/yoast.com\/wordpress\/plugins\/seo\/ -->\n<title>Empresa colaboradora - Build a future<\/title>\n<meta name=\"robots\" content=\"index, follow, max-snippet:-1, max-image-preview:large, max-video-preview:-1\" \/>\n<link rel=\"canonical\" href=\"https:\/\/buildafuture.es\/euskera\/empresa-colaboradora\/\" \/>\n<meta property=\"og:locale\" content=\"en_US\" \/>\n<meta property=\"og:type\" content=\"article\" \/>\n<meta property=\"og:title\" content=\"Empresa colaboradora - Build a future\" \/>\n<meta property=\"og:url\" content=\"https:\/\/buildafuture.es\/euskera\/empresa-colaboradora\/\" \/>\n<meta property=\"og:site_name\" content=\"Build a future\" \/>\n<meta property=\"article:modified_time\" content=\"2022-02-14T11:50:25+00:00\" \/>\n<meta name=\"twitter:card\" content=\"summary_large_image\" \/>\n<meta name=\"twitter:label1\" content=\"Est. reading time\" \/>\n\t<meta name=\"twitter:data1\" content=\"2 minutua\" \/>\n<script type=\"application\/ld+json\" class=\"yoast-schema-graph\">{\"@context\":\"https:\/\/schema.org\",\"@graph\":[{\"@type\":\"WebPage\",\"@id\":\"https:\/\/buildafuture.es\/empresa-colaboradora\/\",\"url\":\"https:\/\/buildafuture.es\/empresa-colaboradora\/\",\"name\":\"Empresa colaboradora - Build a future\",\"isPartOf\":{\"@id\":\"https:\/\/buildafuture.es\/#website\"},\"datePublished\":\"2022-02-03T11:32:04+00:00\",\"dateModified\":\"2022-02-14T11:50:25+00:00\",\"breadcrumb\":{\"@id\":\"https:\/\/buildafuture.es\/empresa-colaboradora\/#breadcrumb\"},\"inLanguage\":\"eu\",\"potentialAction\":[{\"@type\":\"ReadAction\",\"target\":[\"https:\/\/buildafuture.es\/empresa-colaboradora\/\"]}]},{\"@type\":\"BreadcrumbList\",\"@id\":\"https:\/\/buildafuture.es\/empresa-colaboradora\/#breadcrumb\",\"itemListElement\":[{\"@type\":\"ListItem\",\"position\":1,\"name\":\"Portada\",\"item\":\"https:\/\/buildafuture.es\/\"},{\"@type\":\"ListItem\",\"position\":2,\"name\":\"Empresa colaboradora\"}]},{\"@type\":\"WebSite\",\"@id\":\"https:\/\/buildafuture.es\/#website\",\"url\":\"https:\/\/buildafuture.es\/\",\"name\":\"Build a future\",\"description\":\"Education projects in Uganda\",\"publisher\":{\"@id\":\"https:\/\/buildafuture.es\/#organization\"},\"potentialAction\":[{\"@type\":\"SearchAction\",\"target\":{\"@type\":\"EntryPoint\",\"urlTemplate\":\"https:\/\/buildafuture.es\/?s={search_term_string}\"},\"query-input\":{\"@type\":\"PropertyValueSpecification\",\"valueRequired\":true,\"valueName\":\"search_term_string\"}}],\"inLanguage\":\"eu\"},{\"@type\":\"Organization\",\"@id\":\"https:\/\/buildafuture.es\/#organization\",\"name\":\"Build a future\",\"url\":\"https:\/\/buildafuture.es\/\",\"logo\":{\"@type\":\"ImageObject\",\"inLanguage\":\"eu\",\"@id\":\"https:\/\/buildafuture.es\/#\/schema\/logo\/image\/\",\"url\":\"https:\/\/buildafuture.es\/wp-content\/uploads\/2021\/11\/cropped-cropped-BaF-logo-horizontal-2.png\",\"contentUrl\":\"https:\/\/buildafuture.es\/wp-content\/uploads\/2021\/11\/cropped-cropped-BaF-logo-horizontal-2.png\",\"width\":355,\"height\":117,\"caption\":\"Build a future\"},\"image\":{\"@id\":\"https:\/\/buildafuture.es\/#\/schema\/logo\/image\/\"}}]}<\/script>\n<!-- \/ Yoast SEO plugin. -->","yoast_head_json":{"title":"Empresa colaboradora - Build a future","robots":{"index":"index","follow":"follow","max-snippet":"max-snippet:-1","max-image-preview":"max-image-preview:large","max-video-preview":"max-video-preview:-1"},"canonical":"https:\/\/buildafuture.es\/euskera\/empresa-colaboradora\/","og_locale":"en_US","og_type":"article","og_title":"Empresa colaboradora - Build a future","og_url":"https:\/\/buildafuture.es\/euskera\/empresa-colaboradora\/","og_site_name":"Build a future","article_modified_time":"2022-02-14T11:50:25+00:00","twitter_card":"summary_large_image","twitter_misc":{"Est. reading time":"2 minutua"},"schema":{"@context":"https:\/\/schema.org","@graph":[{"@type":"WebPage","@id":"https:\/\/buildafuture.es\/empresa-colaboradora\/","url":"https:\/\/buildafuture.es\/empresa-colaboradora\/","name":"Empresa colaboradora - Build a future","isPartOf":{"@id":"https:\/\/buildafuture.es\/#website"},"datePublished":"2022-02-03T11:32:04+00:00","dateModified":"2022-02-14T11:50:25+00:00","breadcrumb":{"@id":"https:\/\/buildafuture.es\/empresa-colaboradora\/#breadcrumb"},"inLanguage":"eu","potentialAction":[{"@type":"ReadAction","target":["https:\/\/buildafuture.es\/empresa-colaboradora\/"]}]},{"@type":"BreadcrumbList","@id":"https:\/\/buildafuture.es\/empresa-colaboradora\/#breadcrumb","itemListElement":[{"@type":"ListItem","position":1,"name":"Portada","item":"https:\/\/buildafuture.es\/"},{"@type":"ListItem","position":2,"name":"Empresa colaboradora"}]},{"@type":"WebSite","@id":"https:\/\/buildafuture.es\/#website","url":"https:\/\/buildafuture.es\/","name":"Build a future","description":"Education projects in Uganda","publisher":{"@id":"https:\/\/buildafuture.es\/#organization"},"potentialAction":[{"@type":"SearchAction","target":{"@type":"EntryPoint","urlTemplate":"https:\/\/buildafuture.es\/?s={search_term_string}"},"query-input":{"@type":"PropertyValueSpecification","valueRequired":true,"valueName":"search_term_string"}}],"inLanguage":"eu"},{"@type":"Organization","@id":"https:\/\/buildafuture.es\/#organization","name":"Build a future","url":"https:\/\/buildafuture.es\/","logo":{"@type":"ImageObject","inLanguage":"eu","@id":"https:\/\/buildafuture.es\/#\/schema\/logo\/image\/","url":"https:\/\/buildafuture.es\/wp-content\/uploads\/2021\/11\/cropped-cropped-BaF-logo-horizontal-2.png","contentUrl":"https:\/\/buildafuture.es\/wp-content\/uploads\/2021\/11\/cropped-cropped-BaF-logo-horizontal-2.png","width":355,"height":117,"caption":"Build a future"},"image":{"@id":"https:\/\/buildafuture.es\/#\/schema\/logo\/image\/"}}]}},"campaignId":"","jetpack_sharing_enabled":true,"_links":{"self":[{"href":"https:\/\/buildafuture.es\/euskera\/wp-json\/wp\/v2\/pages\/776","targetHints":{"allow":["GET"]}}],"collection":[{"href":"https:\/\/buildafuture.es\/euskera\/wp-json\/wp\/v2\/pages"}],"about":[{"href":"https:\/\/buildafuture.es\/euskera\/wp-json\/wp\/v2\/types\/page"}],"author":[{"embeddable":true,"href":"https:\/\/buildafuture.es\/euskera\/wp-json\/wp\/v2\/users\/1"}],"replies":[{"embeddable":true,"href":"https:\/\/buildafuture.es\/euskera\/wp-json\/wp\/v2\/comments?post=776"}],"version-history":[{"count":32,"href":"https:\/\/buildafuture.es\/euskera\/wp-json\/wp\/v2\/pages\/776\/revisions"}],"predecessor-version":[{"id":985,"href":"https:\/\/buildafuture.es\/euskera\/wp-json\/wp\/v2\/pages\/776\/revisions\/985"}],"wp:attachment":[{"href":"https:\/\/buildafuture.es\/euskera\/wp-json\/wp\/v2\/media?parent=776"}],"curies":[{"name":"wp","href":"https:\/\/api.w.org\/{rel}","templated":true}]}}