{"id":332,"date":"2021-11-17T19:11:50","date_gmt":"2021-11-17T19:11:50","guid":{"rendered":"https:\/\/buildafuture.es\/?page_id=332"},"modified":"2022-02-09T10:52:37","modified_gmt":"2022-02-09T10:52:37","slug":"quieres-ayudar","status":"publish","type":"page","link":"https:\/\/buildafuture.es\/euskera\/quieres-ayudar\/","title":{"rendered":"\u00bfQuieres ayudar?"},"content":{"rendered":"<div style=\"height:35px\" aria-hidden=\"true\" class=\"wp-block-spacer\"><\/div>\n\n\n\n<div id=\"section-g229f14\" class=\"wp-block-gutentor-e1 section-g229f14 gutentor-element gutentor-element-advanced-text text-align-center-desktop\"><div class=\"gutentor-text-wrap\"><p class=\"gutentor-text\">\u00bfQuieres ayudar?<\/p><\/div><\/div>\n\n\n\n<div id=\"section-g2fc747\" class=\"wp-block-gutentor-e1 section-g2fc747 gutentor-element gutentor-element-advanced-text text-align-center-desktop\"><div class=\"gutentor-text-wrap\"><p class=\"gutentor-text\">Hay varias formas de colaborar con Build a Future: puedes <strong>hacerte colaborador<\/strong> y aportar una cantidad peri\u00f3dica a nuestros fondos o hacer una <strong>donaci\u00f3n puntual<\/strong>. La otra v\u00eda principal para aportar al proyecto es el <strong>voluntariado<\/strong>.<br>Adem\u00e1s, tambi\u00e9n puedes ayudarnos con tu participaci\u00f3n en las actividades o eventos solidarios que realicemos. <a href=\"https:\/\/buildafuture.es\/euskera\/contact\/\">Ponte en contacto con nosotros<\/a> y seguro que nos puedes ayudar de muchas maneras. \u00a1An\u00edmate! \u00a1Pon tu granito de arena para construir un mundo mejor!<\/p><\/div><\/div>\n\n\n\n<section id=\"section-8fbcf28a-bec4-4402-8c3a-7cda16bb6c1e\" class=\"wp-block-gutentor-team gutentor-section gutentor-team team-template2 has-color-bg has-custom-bg\"><div class=\"grid-container\"><div class=\"grid-row gutentor-grid-item-wrap\"><div class=\"gutentor-grid-column grid-lg-4 grid-md-4 grid-12\"><div class=\"gutentor-single-item gutentor-image team-template2 gutentor-single-item-0\"><div class=\"gutentor-template-wrapper\"><div class=\"gutentor-single-item-image-box\"><div class=\"gutentor-image-thumb\"><img decoding=\"async\" class=\"normal-image\" src=\"https:\/\/buildafuture.es\/wp-content\/uploads\/2021\/11\/colaborador.jpg\" alt=\"\"\/><\/div><\/div><div class=\"gutentor-single-item-content\"><p class=\"gutentor-single-item-title\">Hazte colaborador<\/p><p class=\"gutentor-single-item-desc\">Hazte socio\/a de Build a Future y colabora peri\u00f3dicamente con nuestros proyectos. De esta manera pasas a ser parte importante de la familia Build a Future y podr\u00e1s contribuir al buen funcionamiento y a la toma de decisiones de la asociaci\u00f3n.<\/p><a class=\"gutentor-button gutentor-single-item-button gutentor-icon-hide\" href=\"\/\/buildafuture.es\/euskera\/quieres-ayudar\/hazte-colaborador\/\" target=\"_blank\" rel=\"noopener noreferrer\"><i class=\"gutentor-button-icon fas fa-book\"><\/i><span>\u00a1Colabora!<\/span><\/a><\/div><\/div><\/div><\/div><div class=\"gutentor-grid-column grid-lg-4 grid-md-4 grid-12\"><div class=\"gutentor-single-item gutentor-image team-template2 gutentor-single-item-1\"><div class=\"gutentor-template-wrapper\"><div class=\"gutentor-single-item-image-box\"><div class=\"gutentor-image-thumb\"><img decoding=\"async\" class=\"normal-image\" src=\"https:\/\/buildafuture.es\/wp-content\/uploads\/2021\/11\/empresa-colaboradora.jpg\" alt=\"\"\/><\/div><\/div><div class=\"gutentor-single-item-content\"><p class=\"gutentor-single-item-title\">Empresa colaboradora<\/p><p class=\"gutentor-single-item-desc\">Si eres una empresa y deseas contribuir en mejorar la calidad de vida de las poblaciones m\u00e1s desfavorecidas, nos puedes ayudar.<\/p><a class=\"gutentor-button gutentor-single-item-button gutentor-icon-hide\" href=\"\/\/buildafuture.es\/euskera\/empresa-colaboradora\/\" target=\"_blank\" rel=\"noopener noreferrer\"><i class=\"gutentor-button-icon fas fa-book\"><\/i><span>\u00a1Colabora!<\/span><\/a><\/div><\/div><\/div><\/div><div class=\"gutentor-grid-column grid-lg-4 grid-md-4 grid-12\"><div class=\"gutentor-single-item gutentor-image team-template2 gutentor-single-item-2\"><div class=\"gutentor-template-wrapper\"><div class=\"gutentor-single-item-image-box\"><div class=\"gutentor-image-thumb\"><img decoding=\"async\" class=\"normal-image\" src=\"https:\/\/buildafuture.es\/wp-content\/uploads\/2021\/11\/donacion-puntual.jpg\" alt=\"\"\/><\/div><\/div><div class=\"gutentor-single-item-content\"><p class=\"gutentor-single-item-title\">Donaci\u00f3n puntual<\/p><p class=\"gutentor-single-item-desc\">Si quieres aportar tu granito de arena y ayudarnos a seguir desarrollando proyectos, puedes hacer una donaci\u00f3n puntual.<\/p><a class=\"gutentor-button gutentor-single-item-button gutentor-icon-hide\" href=\"\/\/buildafuture.es\/euskera\/donacion-puntual\/\" target=\"_blank\" rel=\"noopener noreferrer\"><i class=\"gutentor-button-icon fas fa-book\"><\/i><span>\u00a1Dona ahora!<\/span><\/a><\/div><\/div><\/div><\/div><div class=\"gutentor-grid-column grid-lg-4 grid-md-4 grid-12\"><div class=\"gutentor-single-item gutentor-image team-template2 gutentor-single-item-3\"><div class=\"gutentor-template-wrapper\"><div class=\"gutentor-single-item-image-box\"><div class=\"gutentor-image-thumb\"><img decoding=\"async\" class=\"normal-image\" src=\"https:\/\/buildafuture.es\/wp-content\/uploads\/2021\/11\/voluntario.jpg\" alt=\"\"\/><\/div><\/div><div class=\"gutentor-single-item-content\"><p class=\"gutentor-single-item-title\">Hazte voluntario<\/p><p class=\"gutentor-single-item-desc\">Si quieres ser parte de nuestro equipo de voluntarios, contacta con nosotros. Puedes colaborar como voluntario desde Espa\u00f1a o desplaz\u00e1ndote a Uganda.<\/p><a class=\"gutentor-button gutentor-single-item-button gutentor-icon-hide\" href=\"\/\/buildafuture.es\/euskera\/contact\/\" target=\"_blank\" rel=\"noopener noreferrer\"><i class=\"gutentor-button-icon fas fa-book\"><\/i><span>\u00a1Contactanos!<\/span><\/a><\/div><\/div><\/div><\/div><div class=\"gutentor-grid-column grid-lg-4 grid-md-4 grid-12\"><div class=\"gutentor-single-item gutentor-image team-template2 gutentor-single-item-4\"><div class=\"gutentor-template-wrapper\"><div class=\"gutentor-single-item-image-box\"><div class=\"gutentor-image-thumb\"><img decoding=\"async\" class=\"normal-image\" src=\"https:\/\/buildafuture.es\/wp-content\/uploads\/2021\/11\/participa.jpg\" alt=\"\"\/><\/div><\/div><div class=\"gutentor-single-item-content\"><p class=\"gutentor-single-item-title\">Participa en el proyecto<\/p><p class=\"gutentor-single-item-desc\">Hay muchas maneras de participar en nuestros proyectos, como por ejemplo en las actividades o eventos que organizamos para recaudar fondos. Asimismo, si tienes cualquier idea con la que crees que nos puedes ayudar, escr\u00edbenos por favor, estaremos encantados de escucharte.<\/p><a class=\"gutentor-button gutentor-single-item-button gutentor-icon-hide\" href=\"\/\/buildafuture.es\/euskera\/contact\/\" target=\"_blank\" rel=\"noopener noreferrer\"><i class=\"gutentor-button-icon fas fa-book\"><\/i><span>\u00a1Contactanos!<\/span><\/a><\/div><\/div><\/div><\/div><div class=\"gutentor-grid-column grid-lg-4 grid-md-4 grid-12\"><div class=\"gutentor-single-item gutentor-image team-template2 gutentor-single-item-5\"><div class=\"gutentor-template-wrapper\"><div class=\"gutentor-single-item-image-box\"><div class=\"gutentor-image-thumb\"><img decoding=\"async\" class=\"normal-image\" src=\"https:\/\/buildafuture.es\/wp-content\/uploads\/2021\/11\/suscriptor.jpg\" alt=\"\"\/><\/div><\/div><div class=\"gutentor-single-item-content\"><p class=\"gutentor-single-item-title\">Suscr\u00edbete a nuestra newsletter<\/p><p class=\"gutentor-single-item-desc\">\u00bfQuieres saber m\u00e1s acerca de los avances de nuestros proyectos? Date de alta en nuestra newsletter y recibir\u00e1s informaci\u00f3n sobre el progreso de nuestros proyectos de forma peri\u00f3dica.<\/p><a class=\"gutentor-button gutentor-single-item-button gutentor-icon-hide\" href=\"https:\/\/buildafuture.es\/euskera\/suscribete-a-nuestra-newsletter\/\" target=\"_blank\" rel=\"noopener noreferrer\"><i class=\"gutentor-button-icon fas fa-book\"><\/i><span>\u00a1Suscribete!<\/span><\/a><\/div><\/div><\/div><\/div><\/div><\/div><\/section>","protected":false},"excerpt":{"rendered":"","protected":false},"author":1,"featured_media":0,"parent":0,"menu_order":0,"comment_status":"closed","ping_status":"closed","template":"template-gutentor-full-width.php","meta":{"give_campaign_id":0,"footnotes":""},"class_list":["post-332","page","type-page","status-publish","hentry"],"yoast_head":"<!-- This site is optimized with the Yoast SEO plugin v26.4 - https:\/\/yoast.com\/wordpress\/plugins\/seo\/ -->\n<title>\u00bfQuieres ayudar? - Build a future<\/title>\n<meta name=\"robots\" content=\"index, follow, max-snippet:-1, max-image-preview:large, max-video-preview:-1\" \/>\n<link rel=\"canonical\" href=\"https:\/\/buildafuture.es\/euskera\/quieres-ayudar\/\" \/>\n<meta property=\"og:locale\" content=\"en_US\" \/>\n<meta property=\"og:type\" content=\"article\" \/>\n<meta property=\"og:title\" content=\"\u00bfQuieres ayudar? - Build a future\" \/>\n<meta property=\"og:url\" content=\"https:\/\/buildafuture.es\/euskera\/quieres-ayudar\/\" \/>\n<meta property=\"og:site_name\" content=\"Build a future\" \/>\n<meta property=\"article:modified_time\" content=\"2022-02-09T10:52:37+00:00\" \/>\n<meta property=\"og:image\" content=\"https:\/\/buildafuture.es\/wp-content\/uploads\/2021\/11\/colaborador.jpg\" \/>\n<meta name=\"twitter:card\" content=\"summary_large_image\" \/>\n<meta name=\"twitter:label1\" content=\"Est. reading time\" \/>\n\t<meta name=\"twitter:data1\" content=\"1 minutua\" \/>\n<script type=\"application\/ld+json\" class=\"yoast-schema-graph\">{\"@context\":\"https:\/\/schema.org\",\"@graph\":[{\"@type\":\"WebPage\",\"@id\":\"https:\/\/buildafuture.es\/quieres-ayudar\/\",\"url\":\"https:\/\/buildafuture.es\/quieres-ayudar\/\",\"name\":\"\u00bfQuieres ayudar? - Build a future\",\"isPartOf\":{\"@id\":\"https:\/\/buildafuture.es\/#website\"},\"primaryImageOfPage\":{\"@id\":\"https:\/\/buildafuture.es\/quieres-ayudar\/#primaryimage\"},\"image\":{\"@id\":\"https:\/\/buildafuture.es\/quieres-ayudar\/#primaryimage\"},\"thumbnailUrl\":\"https:\/\/buildafuture.es\/wp-content\/uploads\/2021\/11\/colaborador.jpg\",\"datePublished\":\"2021-11-17T19:11:50+00:00\",\"dateModified\":\"2022-02-09T10:52:37+00:00\",\"breadcrumb\":{\"@id\":\"https:\/\/buildafuture.es\/quieres-ayudar\/#breadcrumb\"},\"inLanguage\":\"eu\",\"potentialAction\":[{\"@type\":\"ReadAction\",\"target\":[\"https:\/\/buildafuture.es\/quieres-ayudar\/\"]}]},{\"@type\":\"ImageObject\",\"inLanguage\":\"eu\",\"@id\":\"https:\/\/buildafuture.es\/quieres-ayudar\/#primaryimage\",\"url\":\"https:\/\/buildafuture.es\/wp-content\/uploads\/2021\/11\/colaborador.jpg\",\"contentUrl\":\"https:\/\/buildafuture.es\/wp-content\/uploads\/2021\/11\/colaborador.jpg\"},{\"@type\":\"BreadcrumbList\",\"@id\":\"https:\/\/buildafuture.es\/quieres-ayudar\/#breadcrumb\",\"itemListElement\":[{\"@type\":\"ListItem\",\"position\":1,\"name\":\"Portada\",\"item\":\"https:\/\/buildafuture.es\/\"},{\"@type\":\"ListItem\",\"position\":2,\"name\":\"\u00bfQuieres ayudar?\"}]},{\"@type\":\"WebSite\",\"@id\":\"https:\/\/buildafuture.es\/#website\",\"url\":\"https:\/\/buildafuture.es\/\",\"name\":\"Build a future\",\"description\":\"Education projects in Uganda\",\"publisher\":{\"@id\":\"https:\/\/buildafuture.es\/#organization\"},\"potentialAction\":[{\"@type\":\"SearchAction\",\"target\":{\"@type\":\"EntryPoint\",\"urlTemplate\":\"https:\/\/buildafuture.es\/?s={search_term_string}\"},\"query-input\":{\"@type\":\"PropertyValueSpecification\",\"valueRequired\":true,\"valueName\":\"search_term_string\"}}],\"inLanguage\":\"eu\"},{\"@type\":\"Organization\",\"@id\":\"https:\/\/buildafuture.es\/#organization\",\"name\":\"Build a future\",\"url\":\"https:\/\/buildafuture.es\/\",\"logo\":{\"@type\":\"ImageObject\",\"inLanguage\":\"eu\",\"@id\":\"https:\/\/buildafuture.es\/#\/schema\/logo\/image\/\",\"url\":\"https:\/\/buildafuture.es\/wp-content\/uploads\/2021\/11\/cropped-cropped-BaF-logo-horizontal-2.png\",\"contentUrl\":\"https:\/\/buildafuture.es\/wp-content\/uploads\/2021\/11\/cropped-cropped-BaF-logo-horizontal-2.png\",\"width\":355,\"height\":117,\"caption\":\"Build a future\"},\"image\":{\"@id\":\"https:\/\/buildafuture.es\/#\/schema\/logo\/image\/\"}}]}<\/script>\n<!-- \/ Yoast SEO plugin. -->","yoast_head_json":{"title":"\u00bfQuieres ayudar? - Build a future","robots":{"index":"index","follow":"follow","max-snippet":"max-snippet:-1","max-image-preview":"max-image-preview:large","max-video-preview":"max-video-preview:-1"},"canonical":"https:\/\/buildafuture.es\/euskera\/quieres-ayudar\/","og_locale":"en_US","og_type":"article","og_title":"\u00bfQuieres ayudar? - Build a future","og_url":"https:\/\/buildafuture.es\/euskera\/quieres-ayudar\/","og_site_name":"Build a future","article_modified_time":"2022-02-09T10:52:37+00:00","og_image":[{"url":"https:\/\/buildafuture.es\/wp-content\/uploads\/2021\/11\/colaborador.jpg","type":"","width":"","height":""}],"twitter_card":"summary_large_image","twitter_misc":{"Est. reading time":"1 minutua"},"schema":{"@context":"https:\/\/schema.org","@graph":[{"@type":"WebPage","@id":"https:\/\/buildafuture.es\/quieres-ayudar\/","url":"https:\/\/buildafuture.es\/quieres-ayudar\/","name":"\u00bfQuieres ayudar? - Build a future","isPartOf":{"@id":"https:\/\/buildafuture.es\/#website"},"primaryImageOfPage":{"@id":"https:\/\/buildafuture.es\/quieres-ayudar\/#primaryimage"},"image":{"@id":"https:\/\/buildafuture.es\/quieres-ayudar\/#primaryimage"},"thumbnailUrl":"https:\/\/buildafuture.es\/wp-content\/uploads\/2021\/11\/colaborador.jpg","datePublished":"2021-11-17T19:11:50+00:00","dateModified":"2022-02-09T10:52:37+00:00","breadcrumb":{"@id":"https:\/\/buildafuture.es\/quieres-ayudar\/#breadcrumb"},"inLanguage":"eu","potentialAction":[{"@type":"ReadAction","target":["https:\/\/buildafuture.es\/quieres-ayudar\/"]}]},{"@type":"ImageObject","inLanguage":"eu","@id":"https:\/\/buildafuture.es\/quieres-ayudar\/#primaryimage","url":"https:\/\/buildafuture.es\/wp-content\/uploads\/2021\/11\/colaborador.jpg","contentUrl":"https:\/\/buildafuture.es\/wp-content\/uploads\/2021\/11\/colaborador.jpg"},{"@type":"BreadcrumbList","@id":"https:\/\/buildafuture.es\/quieres-ayudar\/#breadcrumb","itemListElement":[{"@type":"ListItem","position":1,"name":"Portada","item":"https:\/\/buildafuture.es\/"},{"@type":"ListItem","position":2,"name":"\u00bfQuieres ayudar?"}]},{"@type":"WebSite","@id":"https:\/\/buildafuture.es\/#website","url":"https:\/\/buildafuture.es\/","name":"Build a future","description":"Education projects in Uganda","publisher":{"@id":"https:\/\/buildafuture.es\/#organization"},"potentialAction":[{"@type":"SearchAction","target":{"@type":"EntryPoint","urlTemplate":"https:\/\/buildafuture.es\/?s={search_term_string}"},"query-input":{"@type":"PropertyValueSpecification","valueRequired":true,"valueName":"search_term_string"}}],"inLanguage":"eu"},{"@type":"Organization","@id":"https:\/\/buildafuture.es\/#organization","name":"Build a future","url":"https:\/\/buildafuture.es\/","logo":{"@type":"ImageObject","inLanguage":"eu","@id":"https:\/\/buildafuture.es\/#\/schema\/logo\/image\/","url":"https:\/\/buildafuture.es\/wp-content\/uploads\/2021\/11\/cropped-cropped-BaF-logo-horizontal-2.png","contentUrl":"https:\/\/buildafuture.es\/wp-content\/uploads\/2021\/11\/cropped-cropped-BaF-logo-horizontal-2.png","width":355,"height":117,"caption":"Build a future"},"image":{"@id":"https:\/\/buildafuture.es\/#\/schema\/logo\/image\/"}}]}},"campaignId":"","jetpack_sharing_enabled":true,"_links":{"self":[{"href":"https:\/\/buildafuture.es\/euskera\/wp-json\/wp\/v2\/pages\/332","targetHints":{"allow":["GET"]}}],"collection":[{"href":"https:\/\/buildafuture.es\/euskera\/wp-json\/wp\/v2\/pages"}],"about":[{"href":"https:\/\/buildafuture.es\/euskera\/wp-json\/wp\/v2\/types\/page"}],"author":[{"embeddable":true,"href":"https:\/\/buildafuture.es\/euskera\/wp-json\/wp\/v2\/users\/1"}],"replies":[{"embeddable":true,"href":"https:\/\/buildafuture.es\/euskera\/wp-json\/wp\/v2\/comments?post=332"}],"version-history":[{"count":20,"href":"https:\/\/buildafuture.es\/euskera\/wp-json\/wp\/v2\/pages\/332\/revisions"}],"predecessor-version":[{"id":916,"href":"https:\/\/buildafuture.es\/euskera\/wp-json\/wp\/v2\/pages\/332\/revisions\/916"}],"wp:attachment":[{"href":"https:\/\/buildafuture.es\/euskera\/wp-json\/wp\/v2\/media?parent=332"}],"curies":[{"name":"wp","href":"https:\/\/api.w.org\/{rel}","templated":true}]}}