{"id":328,"date":"2021-11-17T19:10:33","date_gmt":"2021-11-17T19:10:33","guid":{"rendered":"https:\/\/buildafuture.es\/?page_id=328"},"modified":"2023-12-30T11:41:32","modified_gmt":"2023-12-30T11:41:32","slug":"equipo","status":"publish","type":"page","link":"https:\/\/buildafuture.es\/euskera\/equipo\/","title":{"rendered":"Equipo"},"content":{"rendered":"<div style=\"height:35px\" aria-hidden=\"true\" class=\"wp-block-spacer\"><\/div>\n\n\n\n<div id=\"section-gb2dd9f\" class=\"wp-block-gutentor-e1 section-gb2dd9f gutentor-element gutentor-element-advanced-text text-align-center-desktop\"><div class=\"gutentor-text-wrap\"><h1 class=\"gutentor-text\">Nuestro equipo<\/h1><\/div><\/div>\n\n\n\n<section id=\"section-f150b155-7b79-49bb-a180-ab250a1f322a\" class=\"wp-block-gutentor-team gutentor-section gutentor-team team-template2 has-color-bg has-custom-bg\"><div class=\"grid-container\"><div class=\"grid-row gutentor-grid-item-wrap\"><div class=\"gutentor-grid-column grid-lg-6 grid-md-4 grid-12\"><div class=\"gutentor-single-item gutentor-image team-template2 gutentor-single-item-0\"><div class=\"gutentor-template-wrapper\"><div class=\"gutentor-single-item-image-box\"><div class=\"gutentor-image-thumb\"><img loading=\"lazy\" decoding=\"async\" class=\"normal-image\" src=\"https:\/\/buildafuture.es\/wp-content\/uploads\/2022\/01\/IKER.jpg\" alt=\"\" height=\"344\" width=\"335\"\/><\/div><\/div><div class=\"gutentor-single-item-content\"><h3 class=\"gutentor-single-item-title\">Iker Esteban<\/h3><p class=\"gutentor-single-item-designation\">Cofundador y Secretario<\/p><p class=\"gutentor-single-item-desc\">Iker es el secretario y uno de los cofundadores de Build a Future. Viaj\u00f3 por primera vez a Uganda en Agosto de 2021, donde cooper\u00f3 como voluntario con otra ONG. Fue en esta experiencia d\u00f3nde vivi\u00f3 la situaci\u00f3n y el d\u00eda a d\u00eda en las escuelas ugandesas y d\u00f3nde sinti\u00f3 la necesidad de intentar mejorar la situaci\u00f3n social y educativa en Uganda, creando Build a Future en Diciembre de 2021.<br>De profesi\u00f3n Ingeniero Mec\u00e1nico, Iker siempre ha sido una persona preocupada por la desigualdades sociales o educativas y es una persona muy din\u00e1mica, proactiva y trabajadora. Dentro de la asociaci\u00f3n se encarga fundamentalmente de la definici\u00f3n y coordinaci\u00f3n de los distintos proyectos, de la comunicaci\u00f3n y coordinaci\u00f3n con nuestras contrapartes locales y escuelas, y la coordinaci\u00f3n de actividades y eventos de recaudaci\u00f3n de fondos. Asimismo, genera contenido para la p\u00e1gina web y las diferentes redes sociales. <\/p><\/div><\/div><\/div><\/div><div class=\"gutentor-grid-column grid-lg-6 grid-md-4 grid-12\"><div class=\"gutentor-single-item gutentor-image team-template2 gutentor-single-item-1\"><div class=\"gutentor-template-wrapper\"><div class=\"gutentor-single-item-image-box\"><div class=\"gutentor-image-thumb\"><img loading=\"lazy\" decoding=\"async\" class=\"normal-image\" src=\"https:\/\/buildafuture.es\/wp-content\/uploads\/2022\/01\/Gaizka.jpg\" alt=\"\" height=\"344\" width=\"335\"\/><\/div><\/div><div class=\"gutentor-single-item-content\"><h3 class=\"gutentor-single-item-title\">Gaizka Cabrejas<\/h3><p class=\"gutentor-single-item-designation\">Cofundador y Presidente<\/p><p class=\"gutentor-single-item-desc\">Gaizka es Licenciado en educaci\u00f3n f\u00edsica. El hecho de no ejercer de ello con los m\u00e1s peque\u00f1os en su d\u00eda a d\u00eda, objetivo por el cual estudi\u00f3 educaci\u00f3n f\u00edsica, le llevo a buscarlo de manera diferente. Esa manera es la cooperaci\u00f3n, con la que disfruta y es parte ya de su vida. De esta forma, puede ense\u00f1ar valores importantes de la ense\u00f1anza mediante el deporte, mientras se enriquece de lo que le aporta este tipo de cooperaci\u00f3n.<br>Gaizka desde siempre ha tenido la inquietud por la cooperaci\u00f3n, no solo por ayudar en este caso a los m\u00e1s desfavorecidos, sino por el enriquecimiento personal y las experiencias que aporta. Se uni\u00f3 en Costa Rica a su primer proyecto de cooperaci\u00f3n en 2011 y m\u00e1s adelante particip\u00f3 en una beca del Gobierno Vasco en un proyecto de cooperaci\u00f3n en escuelas de Per\u00fa durante 4 meses en el 2013. Por \u00faltimo, colabor\u00f3 con un proyecto en escuelas de Uganda durante el verano de 2021.<\/p><\/div><\/div><\/div><\/div><div class=\"gutentor-grid-column grid-lg-6 grid-md-4 grid-12\"><div class=\"gutentor-single-item gutentor-image team-template2 gutentor-single-item-2\"><div class=\"gutentor-template-wrapper\"><div class=\"gutentor-single-item-image-box\"><div class=\"gutentor-image-thumb\"><img loading=\"lazy\" decoding=\"async\" class=\"normal-image\" src=\"https:\/\/buildafuture.es\/wp-content\/uploads\/2022\/01\/IGOR.jpg\" alt=\"\" height=\"344\" width=\"335\"\/><\/div><\/div><div class=\"gutentor-single-item-content\"><h3 class=\"gutentor-single-item-title\">Igor Delgado<\/h3><p class=\"gutentor-single-item-designation\">Cofundador y Tesorero<\/p><p class=\"gutentor-single-item-desc\">Igor trabaja como t\u00e9cnico en una empresa que desarrolla sus funciones en el sector hospitalario.<br>Su motivaci\u00f3n y convencimiento de que con ganas y compromiso se pueden mejorar las condiciones de personas y animales y su entorno, le ha llevado a colaborar con diferentes asociaciones de ambos \u00e1mbitos.<br>En 2021 se une a la iniciativa tomada por Iker y Gaizka para dar vida a Build a Future.<br>Igor se encarga de la tesorer\u00eda de la asociaci\u00f3n, genera contenido en redes sociales, adem\u00e1s de colaborar activamente en la creaci\u00f3n y coordinaci\u00f3n de eventos.<\/p><\/div><\/div><\/div><\/div><div class=\"gutentor-grid-column grid-lg-6 grid-md-4 grid-12\"><div class=\"gutentor-single-item gutentor-image team-template2 gutentor-single-item-3\"><div class=\"gutentor-template-wrapper\"><div class=\"gutentor-single-item-image-box\"><div class=\"gutentor-image-thumb\"><img loading=\"lazy\" decoding=\"async\" class=\"normal-image\" src=\"https:\/\/buildafuture.es\/wp-content\/uploads\/2022\/01\/SUMINI.jpg\" alt=\"\" height=\"344\" width=\"335\"\/><\/div><\/div><div class=\"gutentor-single-item-content\"><h3 class=\"gutentor-single-item-title\">Sumini Nakakande<\/h3><p class=\"gutentor-single-item-designation\">Coordinadora local<\/p><p class=\"gutentor-single-item-desc\">Abogada de profesi\u00f3n pero profesora de coraz\u00f3n. Una vez terminados sus estudios Sumeen decidi\u00f3 perseguir su sue\u00f1o y fund\u00f3 la escuela \u201cEquinox Junior School\u201d, donde actualmente desempe\u00f1a las labores de jefa de estudios. Anteriormente hab\u00eda colaborado com responsable de equipo de voluntarias en Balloon Ventures, una ONG que opera en el Este de Uganda.<br>Sumeen es una persona muy luchadora y es una mujer apasionada de los derechos humanos, el empoderamiento de la mujer, la educaci\u00f3n y el desarrollo de las comunidades locales.<\/p><\/div><\/div><\/div><\/div><\/div><\/div><\/section>\n\n\n\n<div style=\"height:58px\" aria-hidden=\"true\" class=\"wp-block-spacer\"><\/div>","protected":false},"excerpt":{"rendered":"","protected":false},"author":1,"featured_media":0,"parent":0,"menu_order":0,"comment_status":"closed","ping_status":"closed","template":"template-gutentor-full-width.php","meta":{"give_campaign_id":0,"footnotes":""},"class_list":["post-328","page","type-page","status-publish","hentry"],"yoast_head":"<!-- This site is optimized with the Yoast SEO plugin v26.4 - https:\/\/yoast.com\/wordpress\/plugins\/seo\/ -->\n<title>Equipo - Build a future<\/title>\n<meta name=\"robots\" content=\"index, follow, max-snippet:-1, max-image-preview:large, max-video-preview:-1\" \/>\n<link rel=\"canonical\" href=\"https:\/\/buildafuture.es\/euskera\/equipo\/\" \/>\n<meta property=\"og:locale\" content=\"en_US\" \/>\n<meta property=\"og:type\" content=\"article\" \/>\n<meta property=\"og:title\" content=\"Equipo - Build a future\" \/>\n<meta property=\"og:url\" content=\"https:\/\/buildafuture.es\/euskera\/equipo\/\" \/>\n<meta property=\"og:site_name\" content=\"Build a future\" \/>\n<meta property=\"article:modified_time\" content=\"2023-12-30T11:41:32+00:00\" \/>\n<meta property=\"og:image\" content=\"https:\/\/buildafuture.es\/wp-content\/uploads\/2022\/01\/IKER.jpg\" \/>\n<meta name=\"twitter:card\" content=\"summary_large_image\" \/>\n<meta name=\"twitter:label1\" content=\"Est. reading time\" \/>\n\t<meta name=\"twitter:data1\" content=\"3 minutua\" \/>\n<script type=\"application\/ld+json\" class=\"yoast-schema-graph\">{\"@context\":\"https:\/\/schema.org\",\"@graph\":[{\"@type\":\"WebPage\",\"@id\":\"https:\/\/buildafuture.es\/equipo\/\",\"url\":\"https:\/\/buildafuture.es\/equipo\/\",\"name\":\"Equipo - Build a future\",\"isPartOf\":{\"@id\":\"https:\/\/buildafuture.es\/#website\"},\"primaryImageOfPage\":{\"@id\":\"https:\/\/buildafuture.es\/equipo\/#primaryimage\"},\"image\":{\"@id\":\"https:\/\/buildafuture.es\/equipo\/#primaryimage\"},\"thumbnailUrl\":\"https:\/\/buildafuture.es\/wp-content\/uploads\/2022\/01\/IKER.jpg\",\"datePublished\":\"2021-11-17T19:10:33+00:00\",\"dateModified\":\"2023-12-30T11:41:32+00:00\",\"breadcrumb\":{\"@id\":\"https:\/\/buildafuture.es\/equipo\/#breadcrumb\"},\"inLanguage\":\"eu\",\"potentialAction\":[{\"@type\":\"ReadAction\",\"target\":[\"https:\/\/buildafuture.es\/equipo\/\"]}]},{\"@type\":\"ImageObject\",\"inLanguage\":\"eu\",\"@id\":\"https:\/\/buildafuture.es\/equipo\/#primaryimage\",\"url\":\"https:\/\/buildafuture.es\/wp-content\/uploads\/2022\/01\/IKER.jpg\",\"contentUrl\":\"https:\/\/buildafuture.es\/wp-content\/uploads\/2022\/01\/IKER.jpg\"},{\"@type\":\"BreadcrumbList\",\"@id\":\"https:\/\/buildafuture.es\/equipo\/#breadcrumb\",\"itemListElement\":[{\"@type\":\"ListItem\",\"position\":1,\"name\":\"Portada\",\"item\":\"https:\/\/buildafuture.es\/\"},{\"@type\":\"ListItem\",\"position\":2,\"name\":\"Equipo\"}]},{\"@type\":\"WebSite\",\"@id\":\"https:\/\/buildafuture.es\/#website\",\"url\":\"https:\/\/buildafuture.es\/\",\"name\":\"Build a future\",\"description\":\"Education projects in Uganda\",\"publisher\":{\"@id\":\"https:\/\/buildafuture.es\/#organization\"},\"potentialAction\":[{\"@type\":\"SearchAction\",\"target\":{\"@type\":\"EntryPoint\",\"urlTemplate\":\"https:\/\/buildafuture.es\/?s={search_term_string}\"},\"query-input\":{\"@type\":\"PropertyValueSpecification\",\"valueRequired\":true,\"valueName\":\"search_term_string\"}}],\"inLanguage\":\"eu\"},{\"@type\":\"Organization\",\"@id\":\"https:\/\/buildafuture.es\/#organization\",\"name\":\"Build a future\",\"url\":\"https:\/\/buildafuture.es\/\",\"logo\":{\"@type\":\"ImageObject\",\"inLanguage\":\"eu\",\"@id\":\"https:\/\/buildafuture.es\/#\/schema\/logo\/image\/\",\"url\":\"https:\/\/buildafuture.es\/wp-content\/uploads\/2021\/11\/cropped-cropped-BaF-logo-horizontal-2.png\",\"contentUrl\":\"https:\/\/buildafuture.es\/wp-content\/uploads\/2021\/11\/cropped-cropped-BaF-logo-horizontal-2.png\",\"width\":355,\"height\":117,\"caption\":\"Build a future\"},\"image\":{\"@id\":\"https:\/\/buildafuture.es\/#\/schema\/logo\/image\/\"}}]}<\/script>\n<!-- \/ Yoast SEO plugin. -->","yoast_head_json":{"title":"Equipo - Build a future","robots":{"index":"index","follow":"follow","max-snippet":"max-snippet:-1","max-image-preview":"max-image-preview:large","max-video-preview":"max-video-preview:-1"},"canonical":"https:\/\/buildafuture.es\/euskera\/equipo\/","og_locale":"en_US","og_type":"article","og_title":"Equipo - Build a future","og_url":"https:\/\/buildafuture.es\/euskera\/equipo\/","og_site_name":"Build a future","article_modified_time":"2023-12-30T11:41:32+00:00","og_image":[{"url":"https:\/\/buildafuture.es\/wp-content\/uploads\/2022\/01\/IKER.jpg","type":"","width":"","height":""}],"twitter_card":"summary_large_image","twitter_misc":{"Est. reading time":"3 minutua"},"schema":{"@context":"https:\/\/schema.org","@graph":[{"@type":"WebPage","@id":"https:\/\/buildafuture.es\/equipo\/","url":"https:\/\/buildafuture.es\/equipo\/","name":"Equipo - Build a future","isPartOf":{"@id":"https:\/\/buildafuture.es\/#website"},"primaryImageOfPage":{"@id":"https:\/\/buildafuture.es\/equipo\/#primaryimage"},"image":{"@id":"https:\/\/buildafuture.es\/equipo\/#primaryimage"},"thumbnailUrl":"https:\/\/buildafuture.es\/wp-content\/uploads\/2022\/01\/IKER.jpg","datePublished":"2021-11-17T19:10:33+00:00","dateModified":"2023-12-30T11:41:32+00:00","breadcrumb":{"@id":"https:\/\/buildafuture.es\/equipo\/#breadcrumb"},"inLanguage":"eu","potentialAction":[{"@type":"ReadAction","target":["https:\/\/buildafuture.es\/equipo\/"]}]},{"@type":"ImageObject","inLanguage":"eu","@id":"https:\/\/buildafuture.es\/equipo\/#primaryimage","url":"https:\/\/buildafuture.es\/wp-content\/uploads\/2022\/01\/IKER.jpg","contentUrl":"https:\/\/buildafuture.es\/wp-content\/uploads\/2022\/01\/IKER.jpg"},{"@type":"BreadcrumbList","@id":"https:\/\/buildafuture.es\/equipo\/#breadcrumb","itemListElement":[{"@type":"ListItem","position":1,"name":"Portada","item":"https:\/\/buildafuture.es\/"},{"@type":"ListItem","position":2,"name":"Equipo"}]},{"@type":"WebSite","@id":"https:\/\/buildafuture.es\/#website","url":"https:\/\/buildafuture.es\/","name":"Build a future","description":"Education projects in Uganda","publisher":{"@id":"https:\/\/buildafuture.es\/#organization"},"potentialAction":[{"@type":"SearchAction","target":{"@type":"EntryPoint","urlTemplate":"https:\/\/buildafuture.es\/?s={search_term_string}"},"query-input":{"@type":"PropertyValueSpecification","valueRequired":true,"valueName":"search_term_string"}}],"inLanguage":"eu"},{"@type":"Organization","@id":"https:\/\/buildafuture.es\/#organization","name":"Build a future","url":"https:\/\/buildafuture.es\/","logo":{"@type":"ImageObject","inLanguage":"eu","@id":"https:\/\/buildafuture.es\/#\/schema\/logo\/image\/","url":"https:\/\/buildafuture.es\/wp-content\/uploads\/2021\/11\/cropped-cropped-BaF-logo-horizontal-2.png","contentUrl":"https:\/\/buildafuture.es\/wp-content\/uploads\/2021\/11\/cropped-cropped-BaF-logo-horizontal-2.png","width":355,"height":117,"caption":"Build a future"},"image":{"@id":"https:\/\/buildafuture.es\/#\/schema\/logo\/image\/"}}]}},"campaignId":"","jetpack_sharing_enabled":true,"_links":{"self":[{"href":"https:\/\/buildafuture.es\/euskera\/wp-json\/wp\/v2\/pages\/328","targetHints":{"allow":["GET"]}}],"collection":[{"href":"https:\/\/buildafuture.es\/euskera\/wp-json\/wp\/v2\/pages"}],"about":[{"href":"https:\/\/buildafuture.es\/euskera\/wp-json\/wp\/v2\/types\/page"}],"author":[{"embeddable":true,"href":"https:\/\/buildafuture.es\/euskera\/wp-json\/wp\/v2\/users\/1"}],"replies":[{"embeddable":true,"href":"https:\/\/buildafuture.es\/euskera\/wp-json\/wp\/v2\/comments?post=328"}],"version-history":[{"count":26,"href":"https:\/\/buildafuture.es\/euskera\/wp-json\/wp\/v2\/pages\/328\/revisions"}],"predecessor-version":[{"id":2301,"href":"https:\/\/buildafuture.es\/euskera\/wp-json\/wp\/v2\/pages\/328\/revisions\/2301"}],"wp:attachment":[{"href":"https:\/\/buildafuture.es\/euskera\/wp-json\/wp\/v2\/media?parent=328"}],"curies":[{"name":"wp","href":"https:\/\/api.w.org\/{rel}","templated":true}]}}