{"id":322,"date":"2021-11-17T18:24:41","date_gmt":"2021-11-17T18:24:41","guid":{"rendered":"https:\/\/buildafuture.es\/?page_id=322"},"modified":"2023-12-30T11:26:38","modified_gmt":"2023-12-30T11:26:38","slug":"quienes-somos","status":"publish","type":"page","link":"https:\/\/buildafuture.es\/euskera\/quienes-somos\/","title":{"rendered":"Quienes somos"},"content":{"rendered":"<section id=\"section-ac830693-f832-4db0-aa3b-ea7e2d785c8a\" class=\"wp-block-gutentor-image-slider gutentor-section gutentor-image-slider imageSlider-template1 has-image-bg has-custom-bg\"><div class=\"gutentor-grid-item-wrap\"><div class=\"gutentor-slider-wrapper\" data-dots=\"false\" data-arrows=\"true\" data-infinite=\"false\" data-nextarrow=\"fas fa-angle-right\" data-prevarrow=\"fas fa-angle-left\" data-autoplay=\"true\" data-autoplayspeed=\"2000\" data-fade=\"false\" data-speed=\"1400\"><div class=\"gutentor-slider-item\"><div class=\"gutentor-single-item gutentor-single-item-0\"><div class=\"gutentor-single-item-wrap\"><div class=\"gutentor-single-item-image-box\"><div class=\"gutentor-bg-image\"><div class=\"overlay\"><\/div><\/div><\/div><div class=\"gutentor-single-item-content\"><div class=\"grid-container\"><div class=\"slider-caption text-left\"><h3 class=\"gutentor-single-item-title\">\u00bfQuienes somos?<\/h3><p class=\"gutentor-single-item-desc\">Somos una asociaci\u00f3n sin \u00e1nimo de lucro, creada en Diciembre de 2021, cuyo objetivo es promover proyectos en Uganda para conseguir los siguientes fines<strong>:<\/strong><br><br>&#8211; <strong>Mejorar la educaci\u00f3n y aumentar la tasa de escolarizaci\u00f3n<\/strong> mediante la renovaci\u00f3n de escuelas. Ponemos especial atenci\u00f3n en los\/as ni\u00f1os\/as hu\u00e9rfanos\/as ya que se encuentran en situaci\u00f3n de mayor desamparo y vulnerabilidad.<strong> <\/strong><br>&#8211; <strong>Impulsar el<\/strong> <strong>empoderamiento de la mujer.<\/strong><br>&#8211;<strong> Impulsar el<\/strong> <strong>desarrollo humano <\/strong>sostenible de las comunidades locales.<\/p><\/div><\/div><\/div><\/div><\/div><\/div><\/div><\/div><\/section>\n\n\n\n<section id=\"section-8edc1685-a165-45fa-9dc8-b36b00e38d88\" class=\"wp-block-gutentor-content-box gutentor-section gutentor-content-box-wrapper content-template1\"><div class=\"grid-container\"><div class=\"grid-row gutentor-grid-item-wrap\"><div class=\"gutentor-grid-column grid-lg-6 grid-md-4 grid-12\"><div class=\"gutentor-single-item gutentor-single-item-0\"><div class=\"gutentor-single-item-wrap\"><div class=\"gutentor-single-item-content\"><h4 class=\"gutentor-single-item-title\">Renovaci\u00f3n de escuelas-orfanato<\/h4><p class=\"gutentor-single-item-desc\"><strong>Renovaci\u00f3n de escuelas-orfanato<\/strong> en zonas rurales con el objetivo de mejorar las condiciones socio-sanitarias y educativas:<br>&#8211;<strong> <\/strong>Conseguir los recursos necesarios para resolver las carencias socio-sanitarias y educativas que tienen las escuelas: rehabilitaci\u00f3n de las aulas, instalaciones de cocina y ba\u00f1os, electricidad, abastecimiento de agua potable, ropa, etc.<br><strong><\/strong>&#8211; Proveerles de recursos para el aprendizaje: libros, material escolar, etc.<br>&#8211; Mejorar la alimentaci\u00f3n y la calidad de vida del alumnado.<br><strong><\/strong>&#8211;<strong><strong> <\/strong><\/strong>Aumentar la tasa de escolarizaci\u00f3n de ni\u00f1@s hu\u00e9rfan@s mediante la implementaci\u00f3n de programas de becas.<br><br><strong>Para alcanzar los objetivos descritos arriba, <\/strong>trabajamos en la <strong>renovaci\u00f3n de escuelas <\/strong>para conseguir que sean\u00a0<strong>agro sostenibles<\/strong>. De esta manera, mediante la instalaci\u00f3n de letrinas ecol\u00f3gicas (se genera compost) y el impulso de actividades de agricultura (huerto escolar) y ganader\u00eda (cr\u00eda de animales), se consigue crear un ciclo productivo agro sostenible que proporciona a las escuelas alimentos y que adem\u00e1s les dota de autosuficiencia<\/p><\/div><\/div><\/div><\/div><div class=\"gutentor-grid-column grid-lg-6 grid-md-4 grid-12\"><div class=\"gutentor-single-item gutentor-single-item-1\"><div class=\"gutentor-single-item-wrap\"><div class=\"gutentor-single-item-content\"><h4 class=\"gutentor-single-item-title\">Empoderamiento de la mujer y desarrollo humano sostenible<\/h4><p class=\"gutentor-single-item-desc\"><strong>Empoderamiento de la mujer y Desarrollo humano sostenible<\/strong> de las comunidades locales:<br>&#8211; Creaci\u00f3n de talleres para adquirir conocimientos y capacidades que permita a las personas obtener una capacitaci\u00f3n e independencia.<br>&#8211; Promover el desarrollo comunitario de forma sostenible dot\u00e1ndoles de los recursos necesarios para iniciar tareas de agricultura y ganader\u00eda. Dichas tareas tienen un doble objetivo: servir como fuente de ingresos y manutenci\u00f3n y desarrollo de capacidades (formaci\u00f3n a nivel personal y laboral).<br>&#8211; El objetivo \u00faltimo de estas actividades es ayudarles a obtener la auto-suficiencia o al menos, reducir al m\u00ednimo la dependencia de ayudas econ\u00f3micas externas.<\/p><\/div><\/div><\/div><\/div><\/div><\/div><\/section>\n\n\n\n<section id=\"section-acda2f22-7338-491c-add6-aba46c1b8c58\" class=\"wp-block-gutentor-counter-box gutentor-section gutentor-counter-wrapper counter-template3 has-image-bg has-custom-bg has-gutentor-overlay\"><div class=\"grid-container\"><div class=\"grid-row gutentor-grid-item-wrap\"><div class=\"gutentor-grid-column grid-lg-6 grid-md-3 grid-6\"><div class=\"gutentor-single-item gutentor-counter gutentor-single-item-0\"><div class=\"gutentor-single-item-wrap\"><div class=\"gutentor-single-item-content\"><h1 class=\"gutentor-single-item-title\">Misi\u00f3n<\/h1><p class=\"gutentor-single-item-desc\">Mejorar las condiciones educativas y sociales de l@s ni\u00f1@s, promover el empoderamiento de la mujer y alcanzar un desarrollo sostenible en Uganda.<\/p><\/div><\/div><\/div><\/div><div class=\"gutentor-grid-column grid-lg-6 grid-md-3 grid-6\"><div class=\"gutentor-single-item gutentor-counter gutentor-single-item-1\"><div class=\"gutentor-single-item-wrap\"><div class=\"gutentor-single-item-content\"><h1 class=\"gutentor-single-item-title\">Visi\u00f3n<\/h1><p class=\"gutentor-single-item-desc\">Acceso a la educaci\u00f3n como herramienta b\u00e1sica para el desarrollo humano. Impulsar la igualdad de g\u00e9nero para asegurar una mayor independencia de la mujer en la sociedad.<\/p><\/div><\/div><\/div><\/div><\/div><\/div><\/section>\n\n\n\n<section id=\"section-fb9df930-87d2-4e11-8c98-11bbdab552a2\" class=\"wp-block-gutentor-icon-box gutentor-section gutentor-icon-wrapper icon-template1 has-color-bg has-custom-bg\"><div class=\"grid-container\"><div class=\"gutentor-block-header\"><div class=\"gutentor-section-title text-center\"><h1 class=\"gutentor-title\">Valores<\/h1><\/div><\/div><div class=\"grid-row gutentor-grid-item-wrap\"><div class=\"gutentor-grid-column grid-lg-3 grid-md-4 grid-12\"><div class=\"gutentor-single-item gutentor-icon gutentor-single-item-0\"><div class=\"gutentor-single-item-wrap\"><div class=\"gutentor-single-item-icon-box\"><i class=\"fas fa-equals\"><\/i><\/div><div class=\"gutentor-single-item-content\"><h4 class=\"gutentor-single-item-title\">Igualdad de genero<\/h4><p class=\"gutentor-single-item-desc\">Nuestro objetivo es erradicar cualquier tipo de desigualdad de g\u00e9nero. Adem\u00e1s, creemos que la mujer debe tener un papel fundamental en el desarrollo humano. <\/p><\/div><\/div><\/div><\/div><div class=\"gutentor-grid-column grid-lg-3 grid-md-4 grid-12\"><div class=\"gutentor-single-item gutentor-icon gutentor-single-item-1\"><div class=\"gutentor-single-item-wrap\"><div class=\"gutentor-single-item-icon-box\"><i class=\"fas fa-balance-scale\"><\/i><\/div><div class=\"gutentor-single-item-content\"><h4 class=\"gutentor-single-item-title\">Justicia social<\/h4><p class=\"gutentor-single-item-desc\">Luchamos porque todas las personas tengan las mismas oportunidades y se garanticen los derechos fundamentales de cada una de ellas. Para conseguir este objetivo, consideramos que es imprescindible promover la equidad y erradicar la pobreza y la discriminaci\u00f3n.  <\/p><\/div><\/div><\/div><\/div><div class=\"gutentor-grid-column grid-lg-3 grid-md-4 grid-12\"><div class=\"gutentor-single-item gutentor-icon gutentor-single-item-2\"><div class=\"gutentor-single-item-wrap\"><div class=\"gutentor-single-item-icon-box\"><i class=\"fas fa-eye\"><\/i><\/div><div class=\"gutentor-single-item-content\"><h4 class=\"gutentor-single-item-title\">Transparencia<\/h4><p class=\"gutentor-single-item-desc\">Transparencia como pilar para garantizar el uso eficiente de nuestros recursos. Todas las personas que trabajan o realizan cualquier actividad como Build a Future lo hacen de forma voluntaria, adem\u00e1s no tenemos gastos de gesti\u00f3n ni oficinas, por lo que el 100% del dinero recaudado se destina a los proyectos.<\/p><\/div><\/div><\/div><\/div><div class=\"gutentor-grid-column grid-lg-3 grid-md-4 grid-12\"><div class=\"gutentor-single-item gutentor-icon gutentor-single-item-3\"><div class=\"gutentor-single-item-wrap\"><div class=\"gutentor-single-item-icon-box\"><i class=\"fas fa-hand-holding-usd\"><\/i><\/div><div class=\"gutentor-single-item-content\"><h4 class=\"gutentor-single-item-title\">Sostenibilidad<\/h4><p class=\"gutentor-single-item-desc\">Nos basamos en estructuras sociales locales y los impactos negativos sobre el medio ambiente se evitar\u00e1n con el fin de garantizar la sostenibilidad. Asimismo, intentamos mantener el equilibrio entre el crecimiento econ\u00f3mico, el cuidado del medio ambiente y el bienestar social.<\/p><\/div><\/div><\/div><\/div><div class=\"gutentor-grid-column grid-lg-3 grid-md-4 grid-12\"><div class=\"gutentor-single-item gutentor-icon gutentor-single-item-4\"><div class=\"gutentor-single-item-wrap\"><div class=\"gutentor-single-item-icon-box\"><i class=\"fas fa-users\"><\/i><\/div><div class=\"gutentor-single-item-content\"><h4 class=\"gutentor-single-item-title\">Trabajo en equipo<\/h4><p class=\"gutentor-single-item-desc\">Trabajando en equipo y formando una gran familia de colaboradores podemos llegar much\u00edsimo m\u00e1s lejos. El trabajo en equipo permite combinar las distintas capacidades y conocimientos de cada uno de los integrantes y de esta manera obtener un mayor potencial conjunto.<\/p><\/div><\/div><\/div><\/div><div class=\"gutentor-grid-column grid-lg-3 grid-md-4 grid-12\"><div class=\"gutentor-single-item gutentor-icon gutentor-single-item-5\"><div class=\"gutentor-single-item-wrap\"><div class=\"gutentor-single-item-icon-box\"><i class=\"fas fa-american-sign-language-interpreting\"><\/i><\/div><div class=\"gutentor-single-item-content\"><h4 class=\"gutentor-single-item-title\">Confianza<\/h4><p class=\"gutentor-single-item-desc\">La confianza es la base de todo para que todas las personas vinculadas de una u otra manera al proyecto conf\u00eden en nuestro buen hacer y en nuestra capacidad para llevar a cabo los objetivos marcados.<\/p><\/div><\/div><\/div><\/div><div class=\"gutentor-grid-column grid-lg-3 grid-md-4 grid-12\"><div class=\"gutentor-single-item gutentor-icon gutentor-single-item-6\"><div class=\"gutentor-single-item-wrap\"><div class=\"gutentor-single-item-icon-box\"><i class=\"fas fa-heart\"><\/i><\/div><div class=\"gutentor-single-item-content\"><h4 class=\"gutentor-single-item-title\">Pasi\u00f3n &amp; ilusi\u00f3n<\/h4><p class=\"gutentor-single-item-desc\">Son dos de nuestros principales valores y sin ellos nada de esto ser\u00eda posible. Somos un equipo de personas para el cual uno de los denominadores comunes es que tenemos mucha pasi\u00f3n e ilusi\u00f3n.<\/p><\/div><\/div><\/div><\/div><div class=\"gutentor-grid-column grid-lg-3 grid-md-4 grid-12\"><div class=\"gutentor-single-item gutentor-icon gutentor-single-item-7\"><div class=\"gutentor-single-item-wrap\"><div class=\"gutentor-single-item-icon-box\"><i class=\"fas fa-street-view\"><\/i><\/div><div class=\"gutentor-single-item-content\"><h4 class=\"gutentor-single-item-title\">Liderazgo local<\/h4><p class=\"gutentor-single-item-desc\">Siempre nos basamos en el liderazgo local como eje para el desarrollo sostenible. Ellos deben ser los due\u00f1os e impulsores del desarrollo, nosotros \u00fanicamente los acompa\u00f1amos en ese proceso.<\/p><\/div><\/div><\/div><\/div><\/div><\/div><\/section>","protected":false},"excerpt":{"rendered":"","protected":false},"author":1,"featured_media":0,"parent":0,"menu_order":0,"comment_status":"closed","ping_status":"closed","template":"template-gutentor-full-width.php","meta":{"give_campaign_id":0,"footnotes":""},"class_list":["post-322","page","type-page","status-publish","hentry"],"yoast_head":"<!-- This site is optimized with the Yoast SEO plugin v27.4 - https:\/\/yoast.com\/product\/yoast-seo-wordpress\/ -->\n<title>Quienes somos - Build a future<\/title>\n<meta name=\"robots\" content=\"index, follow, max-snippet:-1, max-image-preview:large, max-video-preview:-1\" \/>\n<link rel=\"canonical\" href=\"https:\/\/buildafuture.es\/euskera\/quienes-somos\/\" \/>\n<meta property=\"og:locale\" content=\"en_US\" \/>\n<meta property=\"og:type\" content=\"article\" \/>\n<meta property=\"og:title\" content=\"Quienes somos - Build a future\" \/>\n<meta property=\"og:url\" content=\"https:\/\/buildafuture.es\/euskera\/quienes-somos\/\" \/>\n<meta property=\"og:site_name\" content=\"Build a future\" \/>\n<meta property=\"article:modified_time\" content=\"2023-12-30T11:26:38+00:00\" \/>\n<meta name=\"twitter:card\" content=\"summary_large_image\" \/>\n<meta name=\"twitter:label1\" content=\"Est. reading time\" \/>\n\t<meta name=\"twitter:data1\" content=\"4 minutua\" \/>\n<script type=\"application\/ld+json\" class=\"yoast-schema-graph\">{\"@context\":\"https:\\\/\\\/schema.org\",\"@graph\":[{\"@type\":\"WebPage\",\"@id\":\"https:\\\/\\\/buildafuture.es\\\/quienes-somos\\\/\",\"url\":\"https:\\\/\\\/buildafuture.es\\\/quienes-somos\\\/\",\"name\":\"Quienes somos - Build a future\",\"isPartOf\":{\"@id\":\"https:\\\/\\\/buildafuture.es\\\/#website\"},\"datePublished\":\"2021-11-17T18:24:41+00:00\",\"dateModified\":\"2023-12-30T11:26:38+00:00\",\"breadcrumb\":{\"@id\":\"https:\\\/\\\/buildafuture.es\\\/quienes-somos\\\/#breadcrumb\"},\"inLanguage\":\"eu\",\"potentialAction\":[{\"@type\":\"ReadAction\",\"target\":[\"https:\\\/\\\/buildafuture.es\\\/quienes-somos\\\/\"]}]},{\"@type\":\"BreadcrumbList\",\"@id\":\"https:\\\/\\\/buildafuture.es\\\/quienes-somos\\\/#breadcrumb\",\"itemListElement\":[{\"@type\":\"ListItem\",\"position\":1,\"name\":\"Portada\",\"item\":\"https:\\\/\\\/buildafuture.es\\\/\"},{\"@type\":\"ListItem\",\"position\":2,\"name\":\"Quienes somos\"}]},{\"@type\":\"WebSite\",\"@id\":\"https:\\\/\\\/buildafuture.es\\\/#website\",\"url\":\"https:\\\/\\\/buildafuture.es\\\/\",\"name\":\"Build a future\",\"description\":\"Education projects in Uganda\",\"publisher\":{\"@id\":\"https:\\\/\\\/buildafuture.es\\\/#organization\"},\"potentialAction\":[{\"@type\":\"SearchAction\",\"target\":{\"@type\":\"EntryPoint\",\"urlTemplate\":\"https:\\\/\\\/buildafuture.es\\\/?s={search_term_string}\"},\"query-input\":{\"@type\":\"PropertyValueSpecification\",\"valueRequired\":true,\"valueName\":\"search_term_string\"}}],\"inLanguage\":\"eu\"},{\"@type\":\"Organization\",\"@id\":\"https:\\\/\\\/buildafuture.es\\\/#organization\",\"name\":\"Build a future\",\"url\":\"https:\\\/\\\/buildafuture.es\\\/\",\"logo\":{\"@type\":\"ImageObject\",\"inLanguage\":\"eu\",\"@id\":\"https:\\\/\\\/buildafuture.es\\\/#\\\/schema\\\/logo\\\/image\\\/\",\"url\":\"https:\\\/\\\/buildafuture.es\\\/wp-content\\\/uploads\\\/2021\\\/11\\\/cropped-cropped-BaF-logo-horizontal-2.png\",\"contentUrl\":\"https:\\\/\\\/buildafuture.es\\\/wp-content\\\/uploads\\\/2021\\\/11\\\/cropped-cropped-BaF-logo-horizontal-2.png\",\"width\":355,\"height\":117,\"caption\":\"Build a future\"},\"image\":{\"@id\":\"https:\\\/\\\/buildafuture.es\\\/#\\\/schema\\\/logo\\\/image\\\/\"}}]}<\/script>\n<!-- \/ Yoast SEO plugin. -->","yoast_head_json":{"title":"Quienes somos - Build a future","robots":{"index":"index","follow":"follow","max-snippet":"max-snippet:-1","max-image-preview":"max-image-preview:large","max-video-preview":"max-video-preview:-1"},"canonical":"https:\/\/buildafuture.es\/euskera\/quienes-somos\/","og_locale":"en_US","og_type":"article","og_title":"Quienes somos - Build a future","og_url":"https:\/\/buildafuture.es\/euskera\/quienes-somos\/","og_site_name":"Build a future","article_modified_time":"2023-12-30T11:26:38+00:00","twitter_card":"summary_large_image","twitter_misc":{"Est. reading time":"4 minutua"},"schema":{"@context":"https:\/\/schema.org","@graph":[{"@type":"WebPage","@id":"https:\/\/buildafuture.es\/quienes-somos\/","url":"https:\/\/buildafuture.es\/quienes-somos\/","name":"Quienes somos - Build a future","isPartOf":{"@id":"https:\/\/buildafuture.es\/#website"},"datePublished":"2021-11-17T18:24:41+00:00","dateModified":"2023-12-30T11:26:38+00:00","breadcrumb":{"@id":"https:\/\/buildafuture.es\/quienes-somos\/#breadcrumb"},"inLanguage":"eu","potentialAction":[{"@type":"ReadAction","target":["https:\/\/buildafuture.es\/quienes-somos\/"]}]},{"@type":"BreadcrumbList","@id":"https:\/\/buildafuture.es\/quienes-somos\/#breadcrumb","itemListElement":[{"@type":"ListItem","position":1,"name":"Portada","item":"https:\/\/buildafuture.es\/"},{"@type":"ListItem","position":2,"name":"Quienes somos"}]},{"@type":"WebSite","@id":"https:\/\/buildafuture.es\/#website","url":"https:\/\/buildafuture.es\/","name":"Build a future","description":"Education projects in Uganda","publisher":{"@id":"https:\/\/buildafuture.es\/#organization"},"potentialAction":[{"@type":"SearchAction","target":{"@type":"EntryPoint","urlTemplate":"https:\/\/buildafuture.es\/?s={search_term_string}"},"query-input":{"@type":"PropertyValueSpecification","valueRequired":true,"valueName":"search_term_string"}}],"inLanguage":"eu"},{"@type":"Organization","@id":"https:\/\/buildafuture.es\/#organization","name":"Build a future","url":"https:\/\/buildafuture.es\/","logo":{"@type":"ImageObject","inLanguage":"eu","@id":"https:\/\/buildafuture.es\/#\/schema\/logo\/image\/","url":"https:\/\/buildafuture.es\/wp-content\/uploads\/2021\/11\/cropped-cropped-BaF-logo-horizontal-2.png","contentUrl":"https:\/\/buildafuture.es\/wp-content\/uploads\/2021\/11\/cropped-cropped-BaF-logo-horizontal-2.png","width":355,"height":117,"caption":"Build a future"},"image":{"@id":"https:\/\/buildafuture.es\/#\/schema\/logo\/image\/"}}]}},"campaignId":"","jetpack_sharing_enabled":true,"_links":{"self":[{"href":"https:\/\/buildafuture.es\/euskera\/wp-json\/wp\/v2\/pages\/322","targetHints":{"allow":["GET"]}}],"collection":[{"href":"https:\/\/buildafuture.es\/euskera\/wp-json\/wp\/v2\/pages"}],"about":[{"href":"https:\/\/buildafuture.es\/euskera\/wp-json\/wp\/v2\/types\/page"}],"author":[{"embeddable":true,"href":"https:\/\/buildafuture.es\/euskera\/wp-json\/wp\/v2\/users\/1"}],"replies":[{"embeddable":true,"href":"https:\/\/buildafuture.es\/euskera\/wp-json\/wp\/v2\/comments?post=322"}],"version-history":[{"count":106,"href":"https:\/\/buildafuture.es\/euskera\/wp-json\/wp\/v2\/pages\/322\/revisions"}],"predecessor-version":[{"id":2300,"href":"https:\/\/buildafuture.es\/euskera\/wp-json\/wp\/v2\/pages\/322\/revisions\/2300"}],"wp:attachment":[{"href":"https:\/\/buildafuture.es\/euskera\/wp-json\/wp\/v2\/media?parent=322"}],"curies":[{"name":"wp","href":"https:\/\/api.w.org\/{rel}","templated":true}]}}